{"id":96237,"date":"2024-11-17T20:49:19","date_gmt":"2024-11-17T18:49:19","guid":{"rendered":"https:\/\/staging6.peach-pump.com\/products\/cipzaros-kapucnis-felso-bezs-szinu\/"},"modified":"2025-10-31T16:41:27","modified_gmt":"2025-10-31T14:41:27","slug":"cipzaros-kapucnis-felso-bezs-szinu","status":"publish","type":"product","link":"https:\/\/staging6.peach-pump.com\/hu\/products\/cipzaros-kapucnis-felso-bezs-szinu\/","title":{"rendered":"B\u00e9zs sz\u00edn\u0171 n\u0151i cipz\u00e1ros kapucnis fels\u0151"},"content":{"rendered":"<p>B\u00e9zs sz\u00edn\u0171, n\u0151i cipz\u00e1ros kapucnis fels\u0151 meleg b\u00e9l\u00e9ssel. Ez a sportos st\u00edlus\u00fa kapucnis fels\u0151 kenguruzsebekkel, h\u00fcvelykujj ny\u00edl\u00e1ssal \u00e9s magas gall\u00e9rral rendelkezik. A fels\u0151n egy nagy kapucni tal\u00e1lhat\u00f3 \u201ePeach Pump\u201d log\u00f3val, valamint hosszabb szab\u00e1ssal rendelkezik, amely melegen tartja a derekat. Ide\u00e1lis bemeleg\u00edt\u00e9shez edz\u00e9s el\u0151tt vagy s\u00e9t\u00e1hoz a parkban. Bord\u00e1s elemekkel van ell\u00e1tva a der\u00e9kr\u00e9szen, amelyek vizu\u00e1lisan karcs\u00fas\u00edtj\u00e1k a derekat, \u00e9s a fazon sz\u00e9pen k\u00f6veti a test vonal\u00e1t.    <\/p>\n<ul>\n<li>Puha b\u00e9l\u00e9s<\/li>\n<li>Nagy kapucni<\/li>\n<li>Magas gall\u00e9r<\/li>\n<li>H\u00fcvelykujj ny\u00edl\u00e1s<\/li>\n<li>&#8216;Peach Pump&#8217; log\u00f3 a kapucnin \u00e9s a v\u00e1llon<\/li>\n<li>Testhez\u00e1ll\u00f3 szab\u00e1s bord\u00e1s elemmel a der\u00e9kr\u00e9szen<\/li>\n<li>Hosszabb, der\u00e9kv\u00e9d\u0151 szab\u00e1s<\/li>\n<\/ul>\n<p>\u00d6sszet\u00e9tel: spandex \u00e9s poli\u00e9szter<\/p>\n<p>A kab\u00e1t 30 fokig moshat\u00f3, k\u00e9rj\u00fck, ne haszn\u00e1ljon feh\u00e9r\u00edt\u0151t, sz\u00e1r\u00edt\u00f3g\u00e9pet vagy vegytiszt\u00edt\u00e1st.<\/p>\n<p>A k\u00e9pen l\u00e1that\u00f3 modell 170 cm magas, 54 kg s\u00faly\u00fa \u00e9s S-es m\u00e9retben p\u00f3zol.<\/p>\n<p>A pontos m\u00e9ret kiv\u00e1laszt\u00e1s\u00e1hoz, k\u00e9rj\u00fck haszn\u00e1lja a m\u00e9rett\u00e1bl\u00e1zatokat.<\/p>\n","protected":false},"excerpt":{"rendered":"<p>B\u00e9zs sz\u00edn\u0171, n\u0151i cipz\u00e1ros kapucnis fels\u0151 meleg b\u00e9l\u00e9ssel. Ez a sportos st\u00edlus\u00fa kapucnis fels\u0151 kenguruzsebekkel, h\u00fcvelykujj ny\u00edl\u00e1ssal \u00e9s magas gall\u00e9rral rendelkezik. A fels\u0151n egy nagy kapucni tal\u00e1lhat\u00f3 \u201ePeach Pump\u201d log\u00f3val, valamint hosszabb szab\u00e1ssal rendelkezik, amely melegen tartja a derekat. Ide\u00e1lis bemeleg\u00edt\u00e9shez edz\u00e9s el\u0151tt vagy s\u00e9t\u00e1hoz a parkban. Bord\u00e1s elemekkel van ell\u00e1tva a der\u00e9kr\u00e9szen, amelyek vizu\u00e1lisan [&hellip;]<\/p>\n","protected":false},"featured_media":95735,"comment_status":"open","ping_status":"closed","template":"","meta":[],"product_brand":[],"product_cat":[922,1122],"product_tag":[],"class_list":{"0":"post-96237","1":"product","2":"type-product","3":"status-publish","4":"has-post-thumbnail","6":"product_cat-dzsekik","7":"product_cat-noi-kapucnis-puloverek-cipzaras","8":"pa_cviat-bezs","9":"pa_razmer-l-hu-2","10":"pa_razmer-m-hu","11":"pa_razmer-s-hu-2","12":"inventories-world","13":"inventories-uk","15":"first","16":"instock","17":"taxable","18":"shipping-taxable","19":"purchasable","20":"product-type-variable"},"_links":{"self":[{"href":"https:\/\/staging6.peach-pump.com\/hu\/wp-json\/wp\/v2\/product\/96237","targetHints":{"allow":["GET"]}}],"collection":[{"href":"https:\/\/staging6.peach-pump.com\/hu\/wp-json\/wp\/v2\/product"}],"about":[{"href":"https:\/\/staging6.peach-pump.com\/hu\/wp-json\/wp\/v2\/types\/product"}],"replies":[{"embeddable":true,"href":"https:\/\/staging6.peach-pump.com\/hu\/wp-json\/wp\/v2\/comments?post=96237"}],"version-history":[{"count":0,"href":"https:\/\/staging6.peach-pump.com\/hu\/wp-json\/wp\/v2\/product\/96237\/revisions"}],"wp:featuredmedia":[{"embeddable":true,"href":"https:\/\/staging6.peach-pump.com\/hu\/wp-json\/wp\/v2\/media\/95735"}],"wp:attachment":[{"href":"https:\/\/staging6.peach-pump.com\/hu\/wp-json\/wp\/v2\/media?parent=96237"}],"wp:term":[{"taxonomy":"product_brand","embeddable":true,"href":"https:\/\/staging6.peach-pump.com\/hu\/wp-json\/wp\/v2\/product_brand?post=96237"},{"taxonomy":"product_cat","embeddable":true,"href":"https:\/\/staging6.peach-pump.com\/hu\/wp-json\/wp\/v2\/product_cat?post=96237"},{"taxonomy":"product_tag","embeddable":true,"href":"https:\/\/staging6.peach-pump.com\/hu\/wp-json\/wp\/v2\/product_tag?post=96237"}],"curies":[{"name":"wp","href":"https:\/\/api.w.org\/{rel}","templated":true}]}}