{"id":96307,"date":"2024-11-17T20:52:09","date_gmt":"2024-11-17T18:52:09","guid":{"rendered":"https:\/\/staging6.peach-pump.com\/products\/testhezallo-rovid-felso-fekete\/"},"modified":"2025-10-14T12:14:31","modified_gmt":"2025-10-14T10:14:31","slug":"testhezallo-rovid-felso-fekete","status":"publish","type":"product","link":"https:\/\/staging6.peach-pump.com\/hu\/products\/testhezallo-rovid-felso-fekete\/","title":{"rendered":"Fekete testhez\u00e1ll\u00f3 r\u00f6vid fels\u0151 gall\u00e9rral"},"content":{"rendered":"<p>Fekete r\u00f6vid testhez\u00e1ll\u00f3 fels\u0151 cipz\u00e1ros gall\u00e9rral. A modell hossz\u00fa ujj\u00fa, h\u00fcvelykujj ny\u00edl\u00e1sokkal rendelkezik, rugalmas anyagb\u00f3l k\u00e9sz\u00fclt, \u00e9s t\u00f6k\u00e9letesen illeszkedik a test vonal\u00e1hoz. A v\u00e1llr\u00e9szen h\u0151pr\u00e9ssel r\u00f6gz\u00edtett &#8216;Peach Pump&#8217; log\u00f3 tal\u00e1lhat\u00f3. Ide\u00e1lis fitneszhez, fut\u00e1shoz, aerob edz\u00e9sekhez vagy s\u00e9t\u00e1khoz a parkban, mivel nem tartja vissza a nedvess\u00e9get. T\u00f6k\u00e9letesen kombin\u00e1lhat\u00f3 leggingsszel; megn\u00e9zheti a \u201eSport szettek legginsszel\u201d men\u00fcben!    <\/p>\n<ul>\n<li>Rugalmas anyag<\/li>\n<li>Cipz\u00e1ros gall\u00e9r<\/li>\n<li>H\u0151pr\u00e9ssel r\u00f6gz\u00edtett &#8216;Peach Pump&#8217; log\u00f3 a v\u00e1llon<\/li>\n<li>R\u00f6vid szab\u00e1s<\/li>\n<li>H\u00fcvelykujj ny\u00edl\u00e1sok<\/li>\n<li>Nedvess\u00e9gelvezet\u0151 anyag<\/li>\n<\/ul>\n<p>\u00d6sszet\u00e9tel: elaszt\u00e1n \u00e9s poli\u00e9szter. A p\u00f3l\u00f3 legfeljebb 30 fokon moshat\u00f3, k\u00e9rj\u00fck, ne haszn\u00e1ljon feh\u00e9r\u00edt\u0151t, sz\u00e1r\u00edt\u00f3g\u00e9pet vagy vegytiszt\u00edt\u00e1st. A k\u00e9pen l\u00e1that\u00f3 modell 170 cm magas, 54 kg s\u00faly\u00fa, \u00e9s S-es m\u00e9retet visel.<\/p>\n<p>K\u00e9rj\u00fck, haszn\u00e1lja a m\u00e9rett\u00e1bl\u00e1zatokat a pontos m\u00e9ret kiv\u00e1laszt\u00e1s\u00e1hoz.<\/p>\n","protected":false},"excerpt":{"rendered":"<p>Fekete r\u00f6vid testhez\u00e1ll\u00f3 fels\u0151 cipz\u00e1ros gall\u00e9rral. A modell hossz\u00fa ujj\u00fa, h\u00fcvelykujj ny\u00edl\u00e1sokkal rendelkezik, rugalmas anyagb\u00f3l k\u00e9sz\u00fclt, \u00e9s t\u00f6k\u00e9letesen illeszkedik a test vonal\u00e1hoz. A v\u00e1llr\u00e9szen h\u0151pr\u00e9ssel r\u00f6gz\u00edtett &#8216;Peach Pump&#8217; log\u00f3 tal\u00e1lhat\u00f3. Ide\u00e1lis fitneszhez, fut\u00e1shoz, aerob edz\u00e9sekhez vagy s\u00e9t\u00e1khoz a parkban, mivel nem tartja vissza a nedvess\u00e9get. T\u00f6k\u00e9letesen kombin\u00e1lhat\u00f3 leggingsszel; megn\u00e9zheti a \u201eSport szettek legginsszel\u201d men\u00fcben! Rugalmas [&hellip;]<\/p>\n","protected":false},"featured_media":94972,"comment_status":"open","ping_status":"closed","template":"","meta":[],"product_brand":[],"product_cat":[355],"product_tag":[],"class_list":{"0":"post-96307","1":"product","2":"type-product","3":"status-publish","4":"has-post-thumbnail","6":"product_cat-noi-polo-fitneszhez","7":"pa_cviat-fekete","8":"pa_razmer-l-hu-2","9":"pa_razmer-m-hu","10":"pa_razmer-s-hu-2","11":"inventories-world","12":"inventories-uk","14":"first","15":"instock","16":"taxable","17":"shipping-taxable","18":"purchasable","19":"product-type-variable"},"_links":{"self":[{"href":"https:\/\/staging6.peach-pump.com\/hu\/wp-json\/wp\/v2\/product\/96307","targetHints":{"allow":["GET"]}}],"collection":[{"href":"https:\/\/staging6.peach-pump.com\/hu\/wp-json\/wp\/v2\/product"}],"about":[{"href":"https:\/\/staging6.peach-pump.com\/hu\/wp-json\/wp\/v2\/types\/product"}],"replies":[{"embeddable":true,"href":"https:\/\/staging6.peach-pump.com\/hu\/wp-json\/wp\/v2\/comments?post=96307"}],"version-history":[{"count":0,"href":"https:\/\/staging6.peach-pump.com\/hu\/wp-json\/wp\/v2\/product\/96307\/revisions"}],"wp:featuredmedia":[{"embeddable":true,"href":"https:\/\/staging6.peach-pump.com\/hu\/wp-json\/wp\/v2\/media\/94972"}],"wp:attachment":[{"href":"https:\/\/staging6.peach-pump.com\/hu\/wp-json\/wp\/v2\/media?parent=96307"}],"wp:term":[{"taxonomy":"product_brand","embeddable":true,"href":"https:\/\/staging6.peach-pump.com\/hu\/wp-json\/wp\/v2\/product_brand?post=96307"},{"taxonomy":"product_cat","embeddable":true,"href":"https:\/\/staging6.peach-pump.com\/hu\/wp-json\/wp\/v2\/product_cat?post=96307"},{"taxonomy":"product_tag","embeddable":true,"href":"https:\/\/staging6.peach-pump.com\/hu\/wp-json\/wp\/v2\/product_tag?post=96307"}],"curies":[{"name":"wp","href":"https:\/\/api.w.org\/{rel}","templated":true}]}}