{"id":96318,"date":"2024-11-17T20:58:39","date_gmt":"2024-11-17T18:58:39","guid":{"rendered":"https:\/\/staging6.peach-pump.com\/products\/fekete-sport-leggings-letisztult-dizajn\/"},"modified":"2025-10-27T23:50:59","modified_gmt":"2025-10-27T21:50:59","slug":"fekete-sport-leggings-letisztult-dizajn","status":"publish","type":"product","link":"https:\/\/staging6.peach-pump.com\/hu\/products\/fekete-sport-leggings-letisztult-dizajn\/","title":{"rendered":"Fekete sportos leggings letisztult diz\u00e1jnnal."},"content":{"rendered":"<p>Fekete sport leggings letisztult diz\u00e1jnnal, form\u00e1l\u00f3 hat\u00e1s n\u00e9lk\u00fcl. A modell nem rendelkezik el\u00fcls\u0151 varr\u00e1ssal, amit a legt\u00f6bb n\u0151 el\u0151nyben r\u00e9szes\u00edt, \u00e9s meger\u0151s\u00edtett varr\u00e1ssal rendelkezik a h\u00e1ts\u00f3 r\u00e9szen. Rugalmas anyagb\u00f3l k\u00e9sz\u00fclt, amely kiemeli a test vonalait, valamint sz\u00e9les der\u00e9kp\u00e1nttal, amely hangs\u00falyozza a derekat. A leggings h\u00e1ts\u00f3 r\u00e9sz\u00e9n 3D log\u00f3 tal\u00e1lhat\u00f3, a bok\u00e1n pedig felirat. A lapos varr\u00e1sok nem okoznak irrit\u00e1ci\u00f3t, \u00edgy k\u00fcl\u00f6n\u00f6sen k\u00e9nyelmes viseletet biztos\u00edtanak. Ide\u00e1lis er\u0151s\u00edt\u0151 vagy aerob edz\u00e9sekhez, mivel nem tartja vissza a nedvess\u00e9get.P\u00e1ros\u00edthat\u00f3 r\u00f6vid fels\u0151vel, amely ugyanabb\u00f3l az anyagb\u00f3l k\u00e9sz\u00fclt.      <\/p>\n<ul>\n<li>Rugalmas anyag, k\u00f6t\u00f6tt sz\u00f6vet<\/li>\n<li>Lapos varratok<\/li>\n<li>Varr\u00e1s n\u00e9lk\u00fcli el\u00fcls\u0151 r\u00e9sz<\/li>\n<li>Meger\u0151s\u00edtett varr\u00e1s a leggings h\u00e1ts\u00f3 r\u00e9sz\u00e9n<\/li>\n<li>Sz\u00e9les der\u00e9kp\u00e1nt, amely kiemeli a derekat<\/li>\n<li>3D &#8216;Peach Pump&#8217; log\u00f3 a leggings h\u00e1ts\u00f3 r\u00e9sz\u00e9n \u00e9s felirat a bok\u00e1n.<\/li>\n<li>Nedvess\u00e9gelvezet\u0151 anyag<\/li>\n<\/ul>\n<p>\u00d6sszet\u00e9tel: elaszt\u00e1n \u00e9s poli\u00e9szter. A leggings legfeljebb 30 fokon moshat\u00f3; k\u00e9rj\u00fck, ne haszn\u00e1ljon feh\u00e9r\u00edt\u0151t, sz\u00e1r\u00edt\u00f3g\u00e9pet vagy vegytiszt\u00edt\u00e1st. A k\u00e9pen l\u00e1that\u00f3 modell 170 cm magas, 54 kg, \u00e9s S-es m\u00e9retet visel.<\/p>\n<p>K\u00e9rj\u00fck, haszn\u00e1lja a m\u00e9rett\u00e1bl\u00e1zatokat a pontos m\u00e9ret kiv\u00e1laszt\u00e1s\u00e1hoz.<\/p>\n","protected":false},"excerpt":{"rendered":"<p>Fekete sport leggings letisztult diz\u00e1jnnal, form\u00e1l\u00f3 hat\u00e1s n\u00e9lk\u00fcl. A modell nem rendelkezik el\u00fcls\u0151 varr\u00e1ssal, amit a legt\u00f6bb n\u0151 el\u0151nyben r\u00e9szes\u00edt, \u00e9s meger\u0151s\u00edtett varr\u00e1ssal rendelkezik a h\u00e1ts\u00f3 r\u00e9szen. Rugalmas anyagb\u00f3l k\u00e9sz\u00fclt, amely kiemeli a test vonalait, valamint sz\u00e9les der\u00e9kp\u00e1nttal, amely hangs\u00falyozza a derekat. A leggings h\u00e1ts\u00f3 r\u00e9sz\u00e9n 3D log\u00f3 tal\u00e1lhat\u00f3, a bok\u00e1n pedig felirat. A lapos [&hellip;]<\/p>\n","protected":false},"featured_media":95017,"comment_status":"open","ping_status":"closed","template":"","meta":[],"product_brand":[],"product_cat":[304,142],"product_tag":[],"class_list":{"0":"post-96318","1":"product","2":"type-product","3":"status-publish","4":"has-post-thumbnail","6":"product_cat-noi-leggings-hosszu","7":"product_cat-noi-sport-leggings-fitnesz","8":"pa_cviat-fekete","9":"pa_razmer-l-hu-2","10":"pa_razmer-m-hu","11":"pa_razmer-s-hu-2","12":"pa_razmer-xl-hu","13":"inventories-world","14":"inventories-uk","16":"first","17":"instock","18":"taxable","19":"shipping-taxable","20":"purchasable","21":"product-type-variable"},"_links":{"self":[{"href":"https:\/\/staging6.peach-pump.com\/hu\/wp-json\/wp\/v2\/product\/96318","targetHints":{"allow":["GET"]}}],"collection":[{"href":"https:\/\/staging6.peach-pump.com\/hu\/wp-json\/wp\/v2\/product"}],"about":[{"href":"https:\/\/staging6.peach-pump.com\/hu\/wp-json\/wp\/v2\/types\/product"}],"replies":[{"embeddable":true,"href":"https:\/\/staging6.peach-pump.com\/hu\/wp-json\/wp\/v2\/comments?post=96318"}],"version-history":[{"count":0,"href":"https:\/\/staging6.peach-pump.com\/hu\/wp-json\/wp\/v2\/product\/96318\/revisions"}],"wp:featuredmedia":[{"embeddable":true,"href":"https:\/\/staging6.peach-pump.com\/hu\/wp-json\/wp\/v2\/media\/95017"}],"wp:attachment":[{"href":"https:\/\/staging6.peach-pump.com\/hu\/wp-json\/wp\/v2\/media?parent=96318"}],"wp:term":[{"taxonomy":"product_brand","embeddable":true,"href":"https:\/\/staging6.peach-pump.com\/hu\/wp-json\/wp\/v2\/product_brand?post=96318"},{"taxonomy":"product_cat","embeddable":true,"href":"https:\/\/staging6.peach-pump.com\/hu\/wp-json\/wp\/v2\/product_cat?post=96318"},{"taxonomy":"product_tag","embeddable":true,"href":"https:\/\/staging6.peach-pump.com\/hu\/wp-json\/wp\/v2\/product_tag?post=96318"}],"curies":[{"name":"wp","href":"https:\/\/api.w.org\/{rel}","templated":true}]}}