{"id":96425,"date":"2024-11-17T20:18:53","date_gmt":"2024-11-17T18:18:53","guid":{"rendered":"https:\/\/staging6.peach-pump.com\/products\/feher-sport-felso-hosszu-ujju\/"},"modified":"2025-11-04T13:04:33","modified_gmt":"2025-11-04T11:04:33","slug":"feher-sport-felso-hosszu-ujju","status":"publish","type":"product","link":"https:\/\/staging6.peach-pump.com\/hu\/products\/feher-sport-felso-hosszu-ujju\/","title":{"rendered":"Feh\u00e9r testhez\u00e1ll\u00f3 hossz\u00fa ujj\u00fa fels\u0151"},"content":{"rendered":"<p>Testhez simul\u00f3, feh\u00e9r, hossz\u00fa ujj\u00fa sport fels\u0151 rugalmas \u00e9s k\u00f6nny\u0171 anyagb\u00f3l. Ez a modell hosszabb szab\u00e1ssal k\u00e9sz\u00fclt, rendk\u00edv\u00fcl k\u00f6nny\u0171 \u00e9s puha tapint\u00e1s\u00fa anyagb\u00f3l, amely nem tartja vissza a test nedvess\u00e9g\u00e9t. Ide\u00e1lis fitneszhez, fut\u00e1shoz, aerob edz\u00e9shez vagy egy kellemes s\u00e9t\u00e1hoz a parkban. Az elej\u00e9n k\u00e9t varr\u00e1s tal\u00e1lhat\u00f3, amelyek a der\u00e9k vonal\u00e1n futnak v\u00e9gig, vizu\u00e1lisan karcs\u00fas\u00edtva azt. A fels\u0151 v\u00e1llr\u00e9sz\u00e9n h\u0151pr\u00e9ssel r\u00f6gz\u00edtett &#8216;Peach Pump&#8217; log\u00f3 tal\u00e1lhat\u00f3. T\u00f6k\u00e9letesen kombin\u00e1lhat\u00f3 minden leggings modell\u00fcnkkel.     <\/p>\n<ul>\n<li>K\u00f6nny\u0171 sz\u00f6vet<\/li>\n<li>Nagy rugalmass\u00e1g<\/li>\n<li>Hossz\u00fa szab\u00e1s<\/li>\n<li>T\u00f6k\u00e9letesen illeszkedik a testhez<\/li>\n<li>H\u0151pr\u00e9ssel r\u00f6gz\u00edtett &#8216;Peach Pump&#8217; log\u00f3 a v\u00e1llon<\/li>\n<li>Nedvess\u00e9gelvezet\u0151 anyag<\/li>\n<\/ul>\n<p>\u00d6sszet\u00e9tel: elaszt\u00e1n \u00e9s poli\u00e9szter. A sportp\u00f3l\u00f3 legfeljebb 30 fokon moshat\u00f3, k\u00e9rj\u00fck, ne haszn\u00e1ljon feh\u00e9r\u00edt\u0151t, sz\u00e1r\u00edt\u00f3g\u00e9pet vagy vegytiszt\u00edt\u00e1st. A k\u00e9pen l\u00e1that\u00f3 modell 170 cm magas, 54 kg s\u00faly\u00fa, \u00e9s S-es m\u00e9retet visel.<\/p>\n<p>K\u00e9rj\u00fck, haszn\u00e1lja a m\u00e9rett\u00e1bl\u00e1zatokat a pontos m\u00e9ret kiv\u00e1laszt\u00e1s\u00e1hoz.<\/p>\n","protected":false},"excerpt":{"rendered":"<p>Testhez simul\u00f3, feh\u00e9r, hossz\u00fa ujj\u00fa sport fels\u0151 rugalmas \u00e9s k\u00f6nny\u0171 anyagb\u00f3l. Ez a modell hosszabb szab\u00e1ssal k\u00e9sz\u00fclt, rendk\u00edv\u00fcl k\u00f6nny\u0171 \u00e9s puha tapint\u00e1s\u00fa anyagb\u00f3l, amely nem tartja vissza a test nedvess\u00e9g\u00e9t. Ide\u00e1lis fitneszhez, fut\u00e1shoz, aerob edz\u00e9shez vagy egy kellemes s\u00e9t\u00e1hoz a parkban. Az elej\u00e9n k\u00e9t varr\u00e1s tal\u00e1lhat\u00f3, amelyek a der\u00e9k vonal\u00e1n futnak v\u00e9gig, vizu\u00e1lisan karcs\u00fas\u00edtva azt. [&hellip;]<\/p>\n","protected":false},"featured_media":95939,"comment_status":"open","ping_status":"closed","template":"","meta":[],"product_brand":[],"product_cat":[355],"product_tag":[],"class_list":{"0":"post-96425","1":"product","2":"type-product","3":"status-publish","4":"has-post-thumbnail","6":"product_cat-noi-polo-fitneszhez","7":"pa_cviat-feher-hu","8":"pa_razmer-l-hu-2","9":"pa_razmer-m-hu","10":"pa_razmer-s-hu-2","11":"inventories-world","12":"inventories-uk","14":"first","15":"instock","16":"taxable","17":"shipping-taxable","18":"purchasable","19":"product-type-variable"},"_links":{"self":[{"href":"https:\/\/staging6.peach-pump.com\/hu\/wp-json\/wp\/v2\/product\/96425","targetHints":{"allow":["GET"]}}],"collection":[{"href":"https:\/\/staging6.peach-pump.com\/hu\/wp-json\/wp\/v2\/product"}],"about":[{"href":"https:\/\/staging6.peach-pump.com\/hu\/wp-json\/wp\/v2\/types\/product"}],"replies":[{"embeddable":true,"href":"https:\/\/staging6.peach-pump.com\/hu\/wp-json\/wp\/v2\/comments?post=96425"}],"version-history":[{"count":0,"href":"https:\/\/staging6.peach-pump.com\/hu\/wp-json\/wp\/v2\/product\/96425\/revisions"}],"wp:featuredmedia":[{"embeddable":true,"href":"https:\/\/staging6.peach-pump.com\/hu\/wp-json\/wp\/v2\/media\/95939"}],"wp:attachment":[{"href":"https:\/\/staging6.peach-pump.com\/hu\/wp-json\/wp\/v2\/media?parent=96425"}],"wp:term":[{"taxonomy":"product_brand","embeddable":true,"href":"https:\/\/staging6.peach-pump.com\/hu\/wp-json\/wp\/v2\/product_brand?post=96425"},{"taxonomy":"product_cat","embeddable":true,"href":"https:\/\/staging6.peach-pump.com\/hu\/wp-json\/wp\/v2\/product_cat?post=96425"},{"taxonomy":"product_tag","embeddable":true,"href":"https:\/\/staging6.peach-pump.com\/hu\/wp-json\/wp\/v2\/product_tag?post=96425"}],"curies":[{"name":"wp","href":"https:\/\/api.w.org\/{rel}","templated":true}]}}