{"id":97874,"date":"2024-11-17T21:21:45","date_gmt":"2024-11-17T19:21:45","guid":{"rendered":"https:\/\/staging6.peach-pump.com\/products\/fekete-sportzokni-feher-csikok\/"},"modified":"2025-11-07T09:08:07","modified_gmt":"2025-11-07T07:08:07","slug":"fekete-sportzokni-feher-csikok","status":"publish","type":"product","link":"https:\/\/staging6.peach-pump.com\/hu\/products\/fekete-sportzokni-feher-csikok\/","title":{"rendered":"Fekete sportzokni feh\u00e9r cs\u00edkokkal a Peach Pump-t\u00f3l"},"content":{"rendered":"<p>Fekete sportzokni feh\u00e9r cs\u00edkokkal \u00e9s besz\u0151tt Peach Pump log\u00f3val. Meger\u0151s\u00edtett talpr\u00e9sszel rendelkeznek, amely tart\u00f3ss\u00e1got, stabilit\u00e1st \u00e9s p\u00e1rn\u00e1zotts\u00e1got biztos\u00edt mozg\u00e1s k\u00f6zben. Az anyaguk nedvess\u00e9gelvezet\u0151, \u00edgy sz\u00e1razon tartja a l\u00e1b\u00e1t. <\/p>\n<ul>\n<li>Puha anyag<\/li>\n<li>magas min\u0151s\u00e9g<\/li>\n<li>Rugalmass\u00e1g<\/li>\n<li>80% pamut<\/li>\n<li>Besz\u0151tt Peach Pump log\u00f3<\/li>\n<li>Meger\u0151s\u00edtett talpr\u00e9sz a tart\u00f3ss\u00e1g \u00e9rdek\u00e9ben<\/li>\n<li>Crew size &#8211; v\u00e1dliig \u00e9r\u0151 hossz<\/li>\n<\/ul>\n<p>\u00d6sszet\u00e9tel: 80% pamut, 17% poli\u00e9szter, 3% elaszt\u00e1n. 40 \u00b0C-on moshat\u00f3, vegytiszt\u00edt\u00e1s n\u00e9lk\u00fcl, alacsony h\u0151m\u00e9rs\u00e9kleten sz\u00e1r\u00edthat\u00f3. A zoknik nem cser\u00e9lhet\u0151k \u00e9s nem visszak\u00fcldhet\u0151k!<\/p>\n","protected":false},"excerpt":{"rendered":"<p>Fekete sportzokni feh\u00e9r cs\u00edkokkal \u00e9s besz\u0151tt Peach Pump log\u00f3val. Meger\u0151s\u00edtett talpr\u00e9sszel rendelkeznek, amely tart\u00f3ss\u00e1got, stabilit\u00e1st \u00e9s p\u00e1rn\u00e1zotts\u00e1got biztos\u00edt mozg\u00e1s k\u00f6zben. Az anyaguk nedvess\u00e9gelvezet\u0151, \u00edgy sz\u00e1razon tartja a l\u00e1b\u00e1t. Puha anyag magas min\u0151s\u00e9g Rugalmass\u00e1g 80% pamut Besz\u0151tt Peach Pump log\u00f3 Meger\u0151s\u00edtett talpr\u00e9sz a tart\u00f3ss\u00e1g \u00e9rdek\u00e9ben Crew size &#8211; v\u00e1dliig \u00e9r\u0151 hossz \u00d6sszet\u00e9tel: 80% pamut, 17% poli\u00e9szter, [&hellip;]<\/p>\n","protected":false},"featured_media":96508,"comment_status":"open","ping_status":"closed","template":"","meta":[],"product_brand":[],"product_cat":[926],"product_tag":[],"class_list":{"0":"post-97874","1":"product","2":"type-product","3":"status-publish","4":"has-post-thumbnail","6":"product_cat-noi-sport-kiegeszitok","7":"pa_cviat-fekete-feher","8":"pa_razmer-one-size-hu","9":"inventories-world","10":"inventories-uk","12":"first","13":"instock","14":"taxable","15":"shipping-taxable","16":"purchasable","17":"product-type-variable"},"_links":{"self":[{"href":"https:\/\/staging6.peach-pump.com\/hu\/wp-json\/wp\/v2\/product\/97874","targetHints":{"allow":["GET"]}}],"collection":[{"href":"https:\/\/staging6.peach-pump.com\/hu\/wp-json\/wp\/v2\/product"}],"about":[{"href":"https:\/\/staging6.peach-pump.com\/hu\/wp-json\/wp\/v2\/types\/product"}],"replies":[{"embeddable":true,"href":"https:\/\/staging6.peach-pump.com\/hu\/wp-json\/wp\/v2\/comments?post=97874"}],"version-history":[{"count":0,"href":"https:\/\/staging6.peach-pump.com\/hu\/wp-json\/wp\/v2\/product\/97874\/revisions"}],"wp:featuredmedia":[{"embeddable":true,"href":"https:\/\/staging6.peach-pump.com\/hu\/wp-json\/wp\/v2\/media\/96508"}],"wp:attachment":[{"href":"https:\/\/staging6.peach-pump.com\/hu\/wp-json\/wp\/v2\/media?parent=97874"}],"wp:term":[{"taxonomy":"product_brand","embeddable":true,"href":"https:\/\/staging6.peach-pump.com\/hu\/wp-json\/wp\/v2\/product_brand?post=97874"},{"taxonomy":"product_cat","embeddable":true,"href":"https:\/\/staging6.peach-pump.com\/hu\/wp-json\/wp\/v2\/product_cat?post=97874"},{"taxonomy":"product_tag","embeddable":true,"href":"https:\/\/staging6.peach-pump.com\/hu\/wp-json\/wp\/v2\/product_tag?post=97874"}],"curies":[{"name":"wp","href":"https:\/\/api.w.org\/{rel}","templated":true}]}}