{"id":98530,"date":"2024-11-17T21:06:41","date_gmt":"2024-11-17T19:06:41","guid":{"rendered":"https:\/\/staging6.peach-pump.com\/products\/kek-overal-egy-vallpant\/"},"modified":"2025-10-29T21:38:14","modified_gmt":"2025-10-29T19:38:14","slug":"kek-overal-egy-vallpant","status":"publish","type":"product","link":"https:\/\/staging6.peach-pump.com\/hu\/products\/kek-overal-egy-vallpant\/","title":{"rendered":"S\u00f6t\u00e9tk\u00e9k over\u00e1l egy v\u00e1llp\u00e1nttal"},"content":{"rendered":"<p>S\u00f6t\u00e9tk\u00e9k testhez\u00e1ll\u00f3 sport over\u00e1l egy v\u00e1llp\u00e1nttal.. A modell rendk\u00edv\u00fcl k\u00e9nyelmes \u00e9s st\u00edlusos, kiemel\u0151 hat\u00e1s\u00fa, kivehet\u0151 p\u00e1rn\u00e1kkal rendelkezik A fels\u0151 r\u00e9sze egy v\u00e1llp\u00e1nttal \u00e9s der\u00e9kkiv\u00e1g\u00e1sokkal rendelkezik, \u00e9s ami igaz\u00e1n szexiv\u00e9 teszi feh\u00e9r cs\u00edkkal szeg\u00e9lyezve, valamint h\u0151pr\u00e9ssel r\u00f6gz\u00edtett Peach Pump log\u00f3 d\u00edsz\u00edti. Az als\u00f3 r\u00e9sz varr\u00e1s n\u00e9lk\u00fcli, az el\u00fcls\u0151 r\u00e9szen pedig sz\u00e9les Peach Pump feliratos gumir\u00e9sszel, ami a h\u00f6lgyek kedvence. Egy k\u00fcl\u00f6nleges, rugalmas trik\u00f3 anyag\u00fa over\u00e1l, amiben biztosan nem marad \u00e9szrev\u00e9tlen.    <\/p>\n<ul>\n<li>Egy v\u00e1llp\u00e1nt<\/li>\n<li>Kiemel\u0151 hat\u00e1s\u00fa p\u00e1rn\u00e1k<\/li>\n<li>Der\u00e9k kiv\u00e1g\u00e1s<\/li>\n<li>Feh\u00e9r szeg\u00e9ly<\/li>\n<li>Lapos varratok, amelyek nem irrit\u00e1lj\u00e1k a b\u0151rt<\/li>\n<li>Rugalmas anyag<\/li>\n<li>Sz\u00e9les der\u00e9k gumip\u00e1nt<\/li>\n<li>H\u0151pr\u00e9ssel r\u00f6gz\u00edtett Peach Pump log\u00f3 az als\u00f3 el\u00fcls\u0151 r\u00e9szen \u00e9s a der\u00e9kon<\/li>\n<li>Nedvess\u00e9gelvezet\u0151 anyag<\/li>\n<\/ul>\n<p>Az overall legfeljebb 30 fokon moshat\u00f3, k\u00e9rj\u00fck, ne feh\u00e9r\u00edtse, ne sz\u00e1r\u00edtsa vagy tiszt\u00edtsa sz\u00e1razra.<\/p>\n<p>A k\u00e9pen l\u00e1that\u00f3 modell 178 cm magas, 56 kg s\u00faly\u00fa, \u00e9s S-es m\u00e9retben p\u00f3zol.<\/p>\n<p>A pontos m\u00e9ret kiv\u00e1laszt\u00e1s\u00e1hoz, k\u00e9rj\u00fck haszn\u00e1lja a m\u00e9rett\u00e1bl\u00e1zatokat.<\/p>\n","protected":false},"excerpt":{"rendered":"<p>S\u00f6t\u00e9tk\u00e9k testhez\u00e1ll\u00f3 sport over\u00e1l egy v\u00e1llp\u00e1nttal.. A modell rendk\u00edv\u00fcl k\u00e9nyelmes \u00e9s st\u00edlusos, kiemel\u0151 hat\u00e1s\u00fa, kivehet\u0151 p\u00e1rn\u00e1kkal rendelkezik A fels\u0151 r\u00e9sze egy v\u00e1llp\u00e1nttal \u00e9s der\u00e9kkiv\u00e1g\u00e1sokkal rendelkezik, \u00e9s ami igaz\u00e1n szexiv\u00e9 teszi feh\u00e9r cs\u00edkkal szeg\u00e9lyezve, valamint h\u0151pr\u00e9ssel r\u00f6gz\u00edtett Peach Pump log\u00f3 d\u00edsz\u00edti. Az als\u00f3 r\u00e9sz varr\u00e1s n\u00e9lk\u00fcli, az el\u00fcls\u0151 r\u00e9szen pedig sz\u00e9les Peach Pump feliratos gumir\u00e9sszel, ami [&hellip;]<\/p>\n","protected":false},"featured_media":98037,"comment_status":"open","ping_status":"closed","template":"","meta":[],"product_brand":[],"product_cat":[357,1130,359],"product_tag":[],"class_list":{"0":"post-98530","1":"product","2":"type-product","3":"status-publish","4":"has-post-thumbnail","6":"product_cat-noi-sportruhazat","7":"product_cat-noi-sportos-overalok","8":"product_cat-szett-leggings-s-portmelltart","9":"pa_cviat-kek","10":"pa_razmer-l-hu-2","11":"pa_razmer-m-hu","12":"pa_razmer-s-hu-2","13":"inventories-world","14":"inventories-uk","16":"first","17":"instock","18":"taxable","19":"shipping-taxable","20":"purchasable","21":"product-type-variable"},"_links":{"self":[{"href":"https:\/\/staging6.peach-pump.com\/en\/wp-json\/wp\/v2\/product\/98530","targetHints":{"allow":["GET"]}}],"collection":[{"href":"https:\/\/staging6.peach-pump.com\/en\/wp-json\/wp\/v2\/product"}],"about":[{"href":"https:\/\/staging6.peach-pump.com\/en\/wp-json\/wp\/v2\/types\/product"}],"replies":[{"embeddable":true,"href":"https:\/\/staging6.peach-pump.com\/en\/wp-json\/wp\/v2\/comments?post=98530"}],"version-history":[{"count":0,"href":"https:\/\/staging6.peach-pump.com\/en\/wp-json\/wp\/v2\/product\/98530\/revisions"}],"wp:featuredmedia":[{"embeddable":true,"href":"https:\/\/staging6.peach-pump.com\/en\/wp-json\/wp\/v2\/media\/98037"}],"wp:attachment":[{"href":"https:\/\/staging6.peach-pump.com\/en\/wp-json\/wp\/v2\/media?parent=98530"}],"wp:term":[{"taxonomy":"product_brand","embeddable":true,"href":"https:\/\/staging6.peach-pump.com\/en\/wp-json\/wp\/v2\/product_brand?post=98530"},{"taxonomy":"product_cat","embeddable":true,"href":"https:\/\/staging6.peach-pump.com\/en\/wp-json\/wp\/v2\/product_cat?post=98530"},{"taxonomy":"product_tag","embeddable":true,"href":"https:\/\/staging6.peach-pump.com\/en\/wp-json\/wp\/v2\/product_tag?post=98530"}],"curies":[{"name":"wp","href":"https:\/\/api.w.org\/{rel}","templated":true}]}}