{"id":60615,"date":"2022-06-23T07:25:12","date_gmt":"2022-06-23T05:25:12","guid":{"rendered":"https:\/\/staging6.peach-pump.com\/zamowienie-i-dostawa\/"},"modified":"2025-02-09T18:59:50","modified_gmt":"2025-02-09T16:59:50","slug":"zamowienie-i-dostawa","status":"publish","type":"page","link":"https:\/\/staging6.peach-pump.com\/pl\/zamowienie-i-dostawa\/","title":{"rendered":"ZAM\u00d3WIENIE I DOSTAWA"},"content":{"rendered":"\t\t<div data-elementor-type=\"wp-page\" data-elementor-id=\"60615\" class=\"elementor elementor-60615 elementor-13\" data-elementor-post-type=\"page\">\n\t\t\t\t<div class=\"elementor-element elementor-element-1ced6ef1 e-flex e-con-boxed e-con e-parent\" data-id=\"1ced6ef1\" data-element_type=\"container\">\n\t\t\t\t\t<div class=\"e-con-inner\">\n\t\t\t\t<div class=\"elementor-element elementor-element-5c5a5799 elementor-widget elementor-widget-text-editor\" data-id=\"5c5a5799\" data-element_type=\"widget\" data-widget_type=\"text-editor.default\">\n\t\t\t\t<div class=\"elementor-widget-container\">\n\t\t\t\t\t\t\t\t\t\n<p> <\/p>\n\n<h2 class=\"wp-block-heading\"><strong>ZAM\u00d3WIENIE I DOSTAWA:<\/strong><\/h2>\n\n<p>Oferujemy dostaw\u0119 do punktu, pod adres i do paczkomatu za po\u015brednictwem firm kurierskich SPEEDY, DPD us\u0142uga CEE Economy. <\/p>\n\n<figure class=\"wp-block-table\">\n<table>\n<tbody>\n<tr>\n<td>Kraj <\/td>\n<td>Cena* <\/td>\n<td>Czas dostawy: <\/td> \n<\/tr>\n<tr>\n<td>Rumunia<\/td>\n<td>3\u20ac<\/td>\n<td>3-4 dni robocze<\/td>\n<\/tr>\n<tr>\n<td>Grecja<\/td>\n<td>3\u20ac<\/td>\n<td>3-4 dni robocze<\/td>\n<\/tr>\n<tr>\n<td>Polska<\/td>\n<td>3\u20ac<\/td>\n<td>3-4 dni robocze<\/td>\n<\/tr>\n<tr>\n<td>S\u0142owacja<\/td>\n<td>3\u20ac<\/td>\n<td>3-4 dni robocze<\/td>\n<\/tr>\n<tr>\n<td>Czechy<\/td>\n<td>3\u20ac<\/td>\n<td>3-4 dni robocze<\/td>\n<\/tr>\n<tr>\n<td>S\u0142owenia<\/td>\n<td>3\u20ac<\/td>\n<td>3-4 dni robocze<\/td>\n<\/tr>\n<tr>\n<td>W\u0119gry<\/td>\n<td>3\u20ac<\/td>\n<td>3-4 dni robocze<\/td>\n<\/tr>\n<tr>\n<td>Chorwacja<\/td>\n<td>3\u20ac<\/td>\n<td>3-4 dni robocze<\/td>\n<\/tr>\n<\/tbody>\n<\/table>\n<figcaption class=\"wp-element-caption\"><\/figcaption>\n<\/figure>\n\n<p>*Koszty dostawy ponosi Klient. Podane koszty maj\u0105 charakter orientacyjny i s\u0105 wyliczone na podstawie cennika us\u0142ugi CEE Economy firmy kurierskiej SPEEDY\/DPD Dok\u0142adne koszty wysy\u0142ki wyliczane s\u0105 automatycznie w ostatnim kroku zam\u00f3wienia, w zale\u017cno\u015bci od wagi, po wybraniu sposobu wysy\u0142ki i przed dokonaniem p\u0142atno\u015bci.<\/p>\n\n<p><strong>METODY P\u0141ATNO\u015aCI<\/strong><\/p>\n\n<ul>\n<li>Kart\u0105 kredytow\u0105\/debetow\u0105 &#8211; p\u0142atno\u015bci na stronie Peach Pump odbywaj\u0105 si\u0119 za po\u015brednictwem renomowanej firmy STRIPE, kt\u00f3ra zapewnia szybki, bezpieczny i \u0142atwy proces p\u0142atno\u015bci.<\/li>\n\n<li>P\u0142atno\u015b\u0107 za pobraniem &#8211; tylko na terenie niekt\u00f3rych krajach, opcja wy\u015bwietlana jest w ostatnim kroku zam\u00f3wienia.<\/li>\n<\/ul>\n\n<h2 class=\"wp-block-heading\"><strong>ZAM\u00d3WIENIE I DOSTAWA W BU\u0141GARII:<\/strong><\/h2>\n<p><\/p>\n<p>Zam\u00f3wienia realizowane s\u0105 w terminie 1-2 dni roboczych, licz\u0105c od momentu przyj\u0119cia zam\u00f3wienia. Oferujemy dostaw\u0119 do punktu, pod adres i do paczkomatu za po\u015brednictwem firm kurierskich SPEEDY i EKONT.<\/p>\n<p><\/p>\n<p><strong>KOSZTY DOSTAWY NA TERENIE BU\u0141GARII:<\/strong><\/p>\n<p><\/p>\n<p>Koszty dostawy ponosi klient i wyliczane s\u0105 automatycznie w ostatnim kroku zam\u00f3wienia, w zale\u017cno\u015bci od wagi, po wybraniu firmy kurierskiej i sposobu wysy\u0142ki.\nSprzedawca zastrzega sobie prawo do wprowadzenia promocyjnych warunk\u00f3w, w ramach kt\u00f3rych pokryje koszty dostawy.\nPrzed wys\u0142aniem zam\u00f3wionego towaru Sprzedawca ma prawo skontaktowa\u0107 si\u0119 z U\u017cytkownikiem pod wskazany przez niego numer telefonu, w celu ustalenia szczeg\u00f3\u0142\u00f3w zam\u00f3wienia i\/lub dostawy.  <\/p>\n<p><\/p>\n<p><strong>METODY P\u0141ATNO\u015aCI<\/strong><\/p>\n<p><\/p>\n<ul>\n<li>Za pobraniem &#8211; p\u0142atno\u015b\u0107 kurierowi przy odbiorze (do ceny dostawy zostanie naliczona dodatkowa op\u0142ata COD (pobranie) wymagana przez firm\u0119 kuriersk\u0105 w przypadku p\u0142atno\u015bci do r\u0119ki (got\u00f3wk\u0105)<\/li>\n\n<li>Kart\u0105 kredytow\u0105\/debetow\u0105 &#8211; p\u0142atno\u015bci na stronie Peach Pump odbywaj\u0105 si\u0119 za po\u015brednictwem renomowanej firmy STRIPE, kt\u00f3ra zapewnia szybki, bezpieczny i \u0142atwy proces p\u0142atno\u015bci.<\/li>\n<\/ul>\n\n<p> <\/p>\n\t\t\t\t\t\t\t\t<\/div>\n\t\t\t\t<\/div>\n\t\t\t\t\t<\/div>\n\t\t\t\t<\/div>\n\t\t<div class=\"elementor-element elementor-element-4dcbfc5 e-grid e-con-boxed e-con e-parent\" data-id=\"4dcbfc5\" data-element_type=\"container\">\n\t\t\t\t\t<div class=\"e-con-inner\">\n\t\t\t\t\t<\/div>\n\t\t\t\t<\/div>\n\t\t\t\t<\/div>\n\t\t","protected":false},"excerpt":{"rendered":"<p>ZAM\u00d3WIENIE I DOSTAWA: Oferujemy dostaw\u0119 do punktu, pod adres i do paczkomatu za po\u015brednictwem firm kurierskich SPEEDY, DPD us\u0142uga CEE Economy. Kraj Cena* Czas dostawy: Rumunia 3\u20ac 3-4 dni robocze Grecja 3\u20ac 3-4 dni robocze Polska 3\u20ac 3-4 dni robocze S\u0142owacja 3\u20ac 3-4 dni robocze Czechy 3\u20ac 3-4 dni robocze S\u0142owenia 3\u20ac 3-4 dni robocze [&hellip;]<\/p>\n","protected":false},"author":1,"featured_media":0,"parent":0,"menu_order":0,"comment_status":"closed","ping_status":"closed","template":"","meta":{"footnotes":""},"class_list":["post-60615","page","type-page","status-publish","hentry"],"_links":{"self":[{"href":"https:\/\/staging6.peach-pump.com\/pl\/wp-json\/wp\/v2\/pages\/60615","targetHints":{"allow":["GET"]}}],"collection":[{"href":"https:\/\/staging6.peach-pump.com\/pl\/wp-json\/wp\/v2\/pages"}],"about":[{"href":"https:\/\/staging6.peach-pump.com\/pl\/wp-json\/wp\/v2\/types\/page"}],"author":[{"embeddable":true,"href":"https:\/\/staging6.peach-pump.com\/pl\/wp-json\/wp\/v2\/users\/1"}],"replies":[{"embeddable":true,"href":"https:\/\/staging6.peach-pump.com\/pl\/wp-json\/wp\/v2\/comments?post=60615"}],"version-history":[{"count":0,"href":"https:\/\/staging6.peach-pump.com\/pl\/wp-json\/wp\/v2\/pages\/60615\/revisions"}],"wp:attachment":[{"href":"https:\/\/staging6.peach-pump.com\/pl\/wp-json\/wp\/v2\/media?parent=60615"}],"curies":[{"name":"wp","href":"https:\/\/api.w.org\/{rel}","templated":true}]}}