{"id":60627,"date":"2022-05-17T21:44:58","date_gmt":"2022-05-17T19:44:58","guid":{"rendered":"https:\/\/staging6.peach-pump.com\/polityka-prywatnosci\/"},"modified":"2025-02-09T19:05:14","modified_gmt":"2025-02-09T17:05:14","slug":"polityka-prywatnosci","status":"publish","type":"page","link":"https:\/\/staging6.peach-pump.com\/pl\/polityka-prywatnosci\/","title":{"rendered":"POLITYKA PRYWATNO\u015aCI"},"content":{"rendered":"\t\t<div data-elementor-type=\"wp-page\" data-elementor-id=\"60627\" class=\"elementor elementor-60627 elementor-3\" data-elementor-post-type=\"page\">\n\t\t\t\t<div class=\"elementor-element elementor-element-cf3d95c e-flex e-con-boxed e-con e-parent\" data-id=\"cf3d95c\" data-element_type=\"container\">\n\t\t\t\t\t<div class=\"e-con-inner\">\n\t\t\t\t<div class=\"elementor-element elementor-element-1dca528d elementor-widget elementor-widget-text-editor\" data-id=\"1dca528d\" data-element_type=\"widget\" data-widget_type=\"text-editor.default\">\n\t\t\t\t<div class=\"elementor-widget-container\">\n\t\t\t\t\t\t\t\t\t\n<p><strong>Informacje o administratorze danych osobowych:<\/strong><\/p>\n\n\n\n<p>&#8220;Peach Pump&#8221; Ltd. jest sp\u00f3\u0142k\u0105 zarejestrowan\u0105 zgodnie z prawem handlowym Republiki Bu\u0142garii pod numerem UIC 206826362, adres. Warna, ul. &#8220;Graf Ignatiev&#8221; 32, adres e-mail: office@staging3.staging6.peach-pump.com,<\/p>\n\n\n\n<p>Peach Pump dzia\u0142a zgodnie z ustaw\u0105 o ochronie danych osobowych i Rozporz\u0105dzeniem Parlamentu Europejskiego i Rady (UE) 2016\/679 z dnia 27 kwietnia 2016 r. (og\u00f3lne rozporz\u0105dzenie o ochronie danych, czyli RODO)<\/p>\n\n\n\n<p>Cele, w kt\u00f3rych Peach Pump gromadzi i przetwarza Twoje dane osobowe:<\/p>\n\n\n\n<ul>\n<li>w celu wywi\u0105zania si\u0119 z obowi\u0105zk\u00f3w wynikaj\u0105cych z umowy<\/li>\n<li>w celach ksi\u0119gowo\u015b\u0107 i komercyjnych<\/li>\n<li>w celach marketingowych<\/li>\n<li>w celu ustalenia to\u017csamo\u015bci u\u017cytkownika;<\/li>\n<li>w celu wykrywania i\/lub zapobiegania dzia\u0142aniom sprzecznym z prawem lub z naszym regulaminem<\/li>\n<li>w celu ochrony bezpiecze\u0144stwa informacji<\/li>\n<li>w celu zapewnienia funkcjonalno\u015bci naszej strony internetowej;<\/li>\n<li>w celu stworzenia profilu do korzystania z us\u0142ugi &#8211; w celu identyfikacji u\u017cytkownika i \u015bwiadczenia mu us\u0142ug\u0119;<\/li>\n<li>umo\u017cliwiamy rejestracj\u0119 konta na stronie Peach Pump poprzez Twoje konto na Facebooku. Mo\u017cesz zapozna\u0107 si\u0119 z polityk\u0105 prywatno\u015bci Facebooka, klikaj\u0105c te linki:<\/li>\n<\/ul>\n\n\n\n<p><a href=\"https:\/\/www.facebook.com\/about\/privacy\" target=\"_blank\" rel=\"noopener\">https:\/\/www.facebook.com\/about\/privacy<\/a><\/p>\n\n\n\n<p>Peach Pump gromadzi i przetwarza w celu identyfikacji nast\u0119puj\u0105ce dane osobowe: imi\u0119 i nazwisko, adres, adres e-mail, numer telefonu, adres IP itp.<\/p>\n<p>Mo\u017cesz usun\u0105\u0107 swoje dane osobowe tutaj: <a href=\"https:\/\/staging3.staging6.peach-pump.com\/en\/deleting-personal-data\/\">Usuwanie danych osobowych &#8211; Peach Pump (staging3.staging6.peach-pump.com)<\/a><\/p>\n\t\t\t\t\t\t\t\t<\/div>\n\t\t\t\t<\/div>\n\t\t\t\t\t<\/div>\n\t\t\t\t<\/div>\n\t\t\t\t<\/div>\n\t\t","protected":false},"excerpt":{"rendered":"<p>Informacje o administratorze danych osobowych: &#8220;Peach Pump&#8221; Ltd. jest sp\u00f3\u0142k\u0105 zarejestrowan\u0105 zgodnie z prawem handlowym Republiki Bu\u0142garii pod numerem UIC 206826362, adres. Warna, ul. &#8220;Graf Ignatiev&#8221; 32, adres e-mail: office@staging3.staging6.peach-pump.com, Peach Pump dzia\u0142a zgodnie z ustaw\u0105 o ochronie danych osobowych i Rozporz\u0105dzeniem Parlamentu Europejskiego i Rady (UE) 2016\/679 z dnia 27 kwietnia 2016 r. (og\u00f3lne [&hellip;]<\/p>\n","protected":false},"author":1,"featured_media":0,"parent":0,"menu_order":0,"comment_status":"closed","ping_status":"closed","template":"","meta":{"footnotes":""},"class_list":["post-60627","page","type-page","status-publish","hentry"],"_links":{"self":[{"href":"https:\/\/staging6.peach-pump.com\/en\/wp-json\/wp\/v2\/pages\/60627","targetHints":{"allow":["GET"]}}],"collection":[{"href":"https:\/\/staging6.peach-pump.com\/en\/wp-json\/wp\/v2\/pages"}],"about":[{"href":"https:\/\/staging6.peach-pump.com\/en\/wp-json\/wp\/v2\/types\/page"}],"author":[{"embeddable":true,"href":"https:\/\/staging6.peach-pump.com\/en\/wp-json\/wp\/v2\/users\/1"}],"replies":[{"embeddable":true,"href":"https:\/\/staging6.peach-pump.com\/en\/wp-json\/wp\/v2\/comments?post=60627"}],"version-history":[{"count":0,"href":"https:\/\/staging6.peach-pump.com\/en\/wp-json\/wp\/v2\/pages\/60627\/revisions"}],"wp:attachment":[{"href":"https:\/\/staging6.peach-pump.com\/en\/wp-json\/wp\/v2\/media?parent=60627"}],"curies":[{"name":"wp","href":"https:\/\/api.w.org\/{rel}","templated":true}]}}