{"id":69806,"date":"2022-09-21T07:39:42","date_gmt":"2022-09-21T05:39:42","guid":{"rendered":"https:\/\/staging6.peach-pump.com\/%d0\/"},"modified":"2025-09-02T17:09:24","modified_gmt":"2025-09-02T15:09:24","slug":"zwroty-i-wymiany","status":"publish","type":"page","link":"https:\/\/staging6.peach-pump.com\/pl\/zwroty-i-wymiany\/","title":{"rendered":"Zwroty i wymiany"},"content":{"rendered":"\t\t<div data-elementor-type=\"wp-page\" data-elementor-id=\"69806\" class=\"elementor elementor-69806 elementor-20392\" data-elementor-post-type=\"page\">\n\t\t\t\t<div class=\"elementor-element elementor-element-0bdd6ac e-con-full e-flex e-con e-parent\" data-id=\"0bdd6ac\" data-element_type=\"container\">\n\t\t\t\t<div class=\"elementor-element elementor-element-3551429 elementor-widget elementor-widget-text-editor\" data-id=\"3551429\" data-element_type=\"widget\" data-widget_type=\"text-editor.default\">\n\t\t\t\t<div class=\"elementor-widget-container\">\n\t\t\t\t\t\t\t\t\t<h2 class=\"wp-block-heading\"><strong>Zwroty i wymiany<\/strong><\/h2>\t\t\t\t\t\t\t\t<\/div>\n\t\t\t\t<\/div>\n\t\t\t\t<div class=\"elementor-element elementor-element-d330f9d elementor-widget__width-initial elementor-widget elementor-widget-shortcode\" data-id=\"d330f9d\" data-element_type=\"widget\" data-widget_type=\"shortcode.default\">\n\t\t\t\t<div class=\"elementor-widget-container\">\n\t\t\t\t\t\t\t<div class=\"elementor-shortcode\"><p class=\"wpcf7-contact-form-not-found\"><strong>Error:<\/strong> Contact form not found.<\/p><\/div>\n\t\t\t\t\t\t<\/div>\n\t\t\t\t<\/div>\n\t\t\t\t<\/div>\n\t\t<div class=\"elementor-element elementor-element-734bd85 e-con-full e-flex e-con e-parent\" data-id=\"734bd85\" data-element_type=\"container\">\n\t\t\t\t<div class=\"elementor-element elementor-element-0402aea elementor-widget__width-initial elementor-widget elementor-widget-text-editor\" data-id=\"0402aea\" data-element_type=\"widget\" data-widget_type=\"text-editor.default\">\n\t\t\t\t<div class=\"elementor-widget-container\">\n\t\t\t\t\t\t\t\t\t<h2 data-start=\"87\" data-end=\"120\">Polityka zwrot\u00f3w i wymiany<\/h2><p data-start=\"122\" data-end=\"294\">Naszym priorytetem jest pe\u0142ne zadowolenie klient\u00f3w z dokonanych zakup\u00f3w.<br data-start=\"202\" data-end=\"205\">Masz prawo zwr\u00f3ci\u0107 lub wymieni\u0107 produkt w ci\u0105gu<strong data-start=\"262\" data-end=\"272\"> 30 dni <\/strong>od jego otrzymania.<\/p><h3 data-start=\"296\" data-end=\"338\">Jak zwr\u00f3ci\u0107 lub wymieni\u0107 produkt:<\/h3><ul data-start=\"339\" data-end=\"705\"><li data-start=\"339\" data-end=\"437\"><p data-start=\"341\" data-end=\"437\">Prosimy o kontakt z nami za po\u015brednictwem platformy \u2013 nasz pracownik przeka\u017ce Ci pe\u0142ne informacje dotycz\u0105ce kolejnych krok\u00f3w.<\/p><\/li><li data-start=\"438\" data-end=\"550\"><p data-start=\"440\" data-end=\"550\">Wymagany jest <strong data-start=\"452\" data-end=\"476\">numer zam\u00f3wienia<\/strong> \u2013 6-cyfrowy kod przes\u0142any na Tw\u00f3j adres e-mail (sprawd\u017a r\u00f3wnie\u017c folder \u201eSpam\u201d).<br>W zale\u017cno\u015bci od sytuacji wy\u015blemy do Ciebie kuriera, kt\u00f3ry odbierze przesy\u0142k\u0119, lub otrzymasz etykiet\u0119 zwrotn\u0105, kt\u00f3r\u0105 nale\u017cy wykorzysta\u0107 przy odes\u0142aniu.<\/p><\/li><li data-start=\"551\" data-end=\"705\"><p data-start=\"553\" data-end=\"705\"><span style=\"color: #222222; font-size: 24px; font-weight: 600; letter-spacing: 0px; text-wrap-mode: initial;\">Warunki zwrotu:<\/span><\/p><\/li><\/ul><ul data-start=\"733\" data-end=\"1105\"><li data-start=\"733\" data-end=\"820\"><p data-start=\"735\" data-end=\"820\">Produkt musi by\u0107 w oryginalnym stanie, bez \u015blad\u00f3w noszenia, prania lub u\u017cytkowania.<\/p><\/li><li data-start=\"821\" data-end=\"904\"><p data-start=\"823\" data-end=\"904\">Wszystkie metki i opakowania musz\u0105 zosta\u0107 zachowane i odes\u0142ane razem z produktem.<\/p><\/li><li data-start=\"905\" data-end=\"995\"><p data-start=\"907\" data-end=\"995\">Nie przyjmujemy produkt\u00f3w celowo uszkodzonych lub nosz\u0105cych \u015blady niew\u0142a\u015bciwego u\u017cytkowania.<\/p><\/li><li data-start=\"996\" data-end=\"1105\"><p data-start=\"998\" data-end=\"1105\">Przyjmujemy zwroty zar\u00f3wno produkt\u00f3w wadliwych, jak i pe\u0142nowarto\u015bciowych, pod warunkiem spe\u0142nienia warunk\u00f3w zwrotu.<\/p><\/li><\/ul><h3 data-start=\"1107\" data-end=\"1120\">Wymiana:<\/h3><ul data-start=\"1121\" data-end=\"1307\"><li data-start=\"1121\" data-end=\"1206\"><p data-start=\"1123\" data-end=\"1206\">Mo\u017cesz wymieni\u0107 produkt na ten sam model w innym rozmiarze lub kolorze, je\u015bli jest dost\u0119pny.<\/p><\/li><li data-start=\"1207\" data-end=\"1307\"><p data-start=\"1209\" data-end=\"1307\">W przypadku wymiany na inny produkt \u2013 je\u015bli wyst\u0119puje r\u00f3\u017cnica w cenie, nale\u017cy j\u0105 dop\u0142aci\u0107 lub zostanie zwr\u00f3cona.<\/p><\/li><\/ul><h3 data-start=\"1309\" data-end=\"1338\">Zwrot pieni\u0119dzy:<\/h3><ul data-start=\"1339\" data-end=\"1529\"><li data-start=\"1339\" data-end=\"1463\"><p data-start=\"1341\" data-end=\"1463\">Po otrzymaniu i zatwierdzeniu zwr\u00f3conego produktu, kwota zostanie zwr\u00f3cona w ci\u0105gu maksymalnie <strong data-start=\"1428\" data-end=\"1460\">14 dni roboczych przelewem bankowym.<\/strong><\/p><\/li><li data-start=\"1464\" data-end=\"1529\"><p data-start=\"1466\" data-end=\"1529\">W wi\u0119kszo\u015bci przypadk\u00f3w zwrot \u015brodk\u00f3w realizowany jest znacznie szybciej.<\/p><\/li><\/ul><p> <\/p><p data-start=\"1531\" data-end=\"1628\">Nasz zesp\u00f3\u0142 jest zawsze do Twojej dyspozycji i z przyjemno\u015bci\u0105 Ci pomo\u017ce. \u2764\ufe0f<\/p>\t\t\t\t\t\t\t\t<\/div>\n\t\t\t\t<\/div>\n\t\t\t\t<\/div>\n\t\t\t\t<\/div>\n\t\t","protected":false},"excerpt":{"rendered":"<p>Zwroty i wymiany Polityka zwrot\u00f3w i wymiany Naszym priorytetem jest pe\u0142ne zadowolenie klient\u00f3w z dokonanych zakup\u00f3w.Masz prawo zwr\u00f3ci\u0107 lub wymieni\u0107 produkt w ci\u0105gu 30 dni od jego otrzymania. Jak zwr\u00f3ci\u0107 lub wymieni\u0107 produkt: Prosimy o kontakt z nami za po\u015brednictwem platformy \u2013 nasz pracownik przeka\u017ce Ci pe\u0142ne informacje dotycz\u0105ce kolejnych krok\u00f3w. Wymagany jest numer zam\u00f3wienia [&hellip;]<\/p>\n","protected":false},"author":1,"featured_media":0,"parent":0,"menu_order":0,"comment_status":"closed","ping_status":"closed","template":"","meta":{"footnotes":""},"class_list":["post-69806","page","type-page","status-publish","hentry"],"_links":{"self":[{"href":"https:\/\/staging6.peach-pump.com\/en\/wp-json\/wp\/v2\/pages\/69806","targetHints":{"allow":["GET"]}}],"collection":[{"href":"https:\/\/staging6.peach-pump.com\/en\/wp-json\/wp\/v2\/pages"}],"about":[{"href":"https:\/\/staging6.peach-pump.com\/en\/wp-json\/wp\/v2\/types\/page"}],"author":[{"embeddable":true,"href":"https:\/\/staging6.peach-pump.com\/en\/wp-json\/wp\/v2\/users\/1"}],"replies":[{"embeddable":true,"href":"https:\/\/staging6.peach-pump.com\/en\/wp-json\/wp\/v2\/comments?post=69806"}],"version-history":[{"count":0,"href":"https:\/\/staging6.peach-pump.com\/en\/wp-json\/wp\/v2\/pages\/69806\/revisions"}],"wp:attachment":[{"href":"https:\/\/staging6.peach-pump.com\/en\/wp-json\/wp\/v2\/media?parent=69806"}],"curies":[{"name":"wp","href":"https:\/\/api.w.org\/{rel}","templated":true}]}}