{"id":100146,"date":"2024-12-10T18:17:15","date_gmt":"2024-12-10T16:17:15","guid":{"rendered":"https:\/\/staging6.peach-pump.com\/products\/bezowa-czapka-zimowa\/"},"modified":"2025-11-03T13:16:24","modified_gmt":"2025-11-03T11:16:24","slug":"bezowa-czapka-zimowa","status":"publish","type":"product","link":"https:\/\/staging6.peach-pump.com\/pl\/products\/bezowa-czapka-zimowa\/","title":{"rendered":"Be\u017cowa czapka zimowa z haftowanym logo"},"content":{"rendered":"<p>Be\u017cowa czapka zimowa z kolekcji &#8220;Peach Pump&#8221; z haftowanym logo 3D z przodu. Czapka ma elastyczn\u0105 konstrukcj\u0119 z niezwykle mi\u0119kkiego i przyjemnego w dotyku materia\u0142u. Wywini\u0119cie u do\u0142u dodatkowo chroni przed wych\u0142odzeniem. Czapka jest dost\u0119pna w r\u00f3\u017cnych aktualnych kolorach sezonu A. Model ten b\u0119dzie idealnym wyko\u0144czeniem stroju w ch\u0142odne dni.    <\/p>\n<ul>\n<li>Elastyczny, mi\u0119kki w dotyku materia\u0142<\/li>\n<li>Haftowane logo 3D z przodu<\/li>\n<li>Nowoczesny kr\u00f3j<\/li>\n<li>Dzianina \u015bredniej grubo\u015bci<\/li>\n<\/ul>\n","protected":false},"excerpt":{"rendered":"<p>Be\u017cowa czapka zimowa z kolekcji &#8220;Peach Pump&#8221; z haftowanym logo 3D z przodu. Czapka ma elastyczn\u0105 konstrukcj\u0119 z niezwykle mi\u0119kkiego i przyjemnego w dotyku materia\u0142u. Wywini\u0119cie u do\u0142u dodatkowo chroni przed wych\u0142odzeniem. Czapka jest dost\u0119pna w r\u00f3\u017cnych aktualnych kolorach sezonu A. Model ten b\u0119dzie idealnym wyko\u0144czeniem stroju w ch\u0142odne dni. Elastyczny, mi\u0119kki w dotyku materia\u0142 [&hellip;]<\/p>\n","protected":false},"featured_media":98898,"comment_status":"open","ping_status":"closed","template":"","meta":[],"product_brand":[],"product_cat":[861],"product_tag":[],"class_list":{"0":"post-100146","1":"product","2":"type-product","3":"status-publish","4":"has-post-thumbnail","6":"product_cat-akcesoria","7":"pa_cviat-bezowy","8":"pa_razmer-one-size-pl","9":"inventories-world","10":"inventories-uk","12":"first","13":"instock","14":"taxable","15":"shipping-taxable","16":"purchasable","17":"product-type-variable"},"_links":{"self":[{"href":"https:\/\/staging6.peach-pump.com\/pl\/wp-json\/wp\/v2\/product\/100146","targetHints":{"allow":["GET"]}}],"collection":[{"href":"https:\/\/staging6.peach-pump.com\/pl\/wp-json\/wp\/v2\/product"}],"about":[{"href":"https:\/\/staging6.peach-pump.com\/pl\/wp-json\/wp\/v2\/types\/product"}],"replies":[{"embeddable":true,"href":"https:\/\/staging6.peach-pump.com\/pl\/wp-json\/wp\/v2\/comments?post=100146"}],"version-history":[{"count":0,"href":"https:\/\/staging6.peach-pump.com\/pl\/wp-json\/wp\/v2\/product\/100146\/revisions"}],"wp:featuredmedia":[{"embeddable":true,"href":"https:\/\/staging6.peach-pump.com\/pl\/wp-json\/wp\/v2\/media\/98898"}],"wp:attachment":[{"href":"https:\/\/staging6.peach-pump.com\/pl\/wp-json\/wp\/v2\/media?parent=100146"}],"wp:term":[{"taxonomy":"product_brand","embeddable":true,"href":"https:\/\/staging6.peach-pump.com\/pl\/wp-json\/wp\/v2\/product_brand?post=100146"},{"taxonomy":"product_cat","embeddable":true,"href":"https:\/\/staging6.peach-pump.com\/pl\/wp-json\/wp\/v2\/product_cat?post=100146"},{"taxonomy":"product_tag","embeddable":true,"href":"https:\/\/staging6.peach-pump.com\/pl\/wp-json\/wp\/v2\/product_tag?post=100146"}],"curies":[{"name":"wp","href":"https:\/\/api.w.org\/{rel}","templated":true}]}}