{"id":100158,"date":"2024-12-17T21:46:52","date_gmt":"2024-12-17T19:46:52","guid":{"rendered":"https:\/\/staging6.peach-pump.com\/products\/granatowe-legginsy-damskie-z-kieszeniami\/"},"modified":"2025-11-09T18:07:47","modified_gmt":"2025-11-09T16:07:47","slug":"granatowe-legginsy-damskie-z-kieszeniami","status":"publish","type":"product","link":"https:\/\/staging6.peach-pump.com\/pl\/products\/granatowe-legginsy-damskie-z-kieszeniami\/","title":{"rendered":"Granatowe, damskie legginsy z kieszeniami i efektem modeluj\u0105cym"},"content":{"rendered":"<p>Granatowe legginsy z kieszeniami i efektem modeluj\u0105cym. Ten model damskich leggins\u00f3w wykonany jest z elastycznego, mi\u0119kkiego w dotyku materia\u0142u, kt\u00f3ry doskonale napina i modeluje sylwetk\u0119, posiada dwie boczne kieszenie odpowiednie na telefon lub kart\u0119 fitness i zapewnia wygod\u0119 podczas \u0107wicze\u0144. Legginsy wykonane s\u0105 z bezszwowej tkaniny, niezwykle trwa\u0142ej, nie zatrzymuj\u0105cej wilgoci w ciele, podnosz\u0105cej, modeluj\u0105cej i napinaj\u0105cej. Szeroki pas delikatnie podkre\u015bla tali\u0119 i modeluje sylwetk\u0119. Gwarantowany najwygodniejszy model leggins\u00f3w. Dost\u0119pny w kilku kolorach, doskonale komponuje si\u0119 z gorsetem w tym samym kolorze lub z innymi naszymi modelami bluz i kurtek.     <\/p>\n<ul>\n<li>Wysoki stan<\/li>\n<li>Dwie kieszenie boczne<\/li>\n<li>Tkanina bez szw\u00f3w<\/li>\n<li>Podnosi, modeluje i napina<\/li>\n<li>Ukrywa problematyczne obszary<\/li>\n<li>Efekt Peachy<\/li>\n<li>Termicznie naklejone logo Peach Pump z ty\u0142u leggins\u00f3w<\/li>\n<li>Termicznie naklejone logo Peach Pump z przodu kieszeni leggins\u00f3w<\/li>\n<li>Bezszwowy materia\u0142, kt\u00f3ry nie zatrzymuje wilgoci w ciele<\/li>\n<\/ul>\n<p>Sk\u0142ad: 80% poliester 20% elastan<\/p>\n<p>Legginsy mo\u017cna pra\u0107 w temperaturze do 30 stopni. Nie wybiela\u0107. Nie czy\u015bci\u0107 chemicznie.<\/p>\n<p>Modelka na zdj\u0119ciu ma 178 cm wzrostu, wa\u017cy 55 kg i pozuje w rozmiarze M. <\/p>\n<p>Aby wybra\u0107 dok\u0142adny rozmiar, skorzystaj z tabel rozmiarowych.<\/p>\n","protected":false},"excerpt":{"rendered":"<p>Granatowe legginsy z kieszeniami i efektem modeluj\u0105cym. Ten model damskich leggins\u00f3w wykonany jest z elastycznego, mi\u0119kkiego w dotyku materia\u0142u, kt\u00f3ry doskonale napina i modeluje sylwetk\u0119, posiada dwie boczne kieszenie odpowiednie na telefon lub kart\u0119 fitness i zapewnia wygod\u0119 podczas \u0107wicze\u0144. Legginsy wykonane s\u0105 z bezszwowej tkaniny, niezwykle trwa\u0142ej, nie zatrzymuj\u0105cej wilgoci w ciele, podnosz\u0105cej, modeluj\u0105cej [&hellip;]<\/p>\n","protected":false},"featured_media":99524,"comment_status":"open","ping_status":"closed","template":"","meta":[],"product_brand":[],"product_cat":[144,307,190],"product_tag":[],"class_list":{"0":"post-100158","1":"product","2":"type-product","3":"status-publish","4":"has-post-thumbnail","6":"product_cat-legginsy-sportowe-damskie","7":"product_cat-legginsy-damskie-dlugie","8":"product_cat-legginsy-z-kieszeniami","9":"pa_cviat-ciemny-niebieski","10":"pa_razmer-l-pl","11":"pa_razmer-m-pl-2","12":"pa_razmer-s-pl-2","13":"pa_razmer-xl-pl","14":"inventories-world","15":"inventories-uk","17":"first","18":"instock","19":"taxable","20":"shipping-taxable","21":"purchasable","22":"product-type-variable"},"_links":{"self":[{"href":"https:\/\/staging6.peach-pump.com\/pl\/wp-json\/wp\/v2\/product\/100158","targetHints":{"allow":["GET"]}}],"collection":[{"href":"https:\/\/staging6.peach-pump.com\/pl\/wp-json\/wp\/v2\/product"}],"about":[{"href":"https:\/\/staging6.peach-pump.com\/pl\/wp-json\/wp\/v2\/types\/product"}],"replies":[{"embeddable":true,"href":"https:\/\/staging6.peach-pump.com\/pl\/wp-json\/wp\/v2\/comments?post=100158"}],"version-history":[{"count":0,"href":"https:\/\/staging6.peach-pump.com\/pl\/wp-json\/wp\/v2\/product\/100158\/revisions"}],"wp:featuredmedia":[{"embeddable":true,"href":"https:\/\/staging6.peach-pump.com\/pl\/wp-json\/wp\/v2\/media\/99524"}],"wp:attachment":[{"href":"https:\/\/staging6.peach-pump.com\/pl\/wp-json\/wp\/v2\/media?parent=100158"}],"wp:term":[{"taxonomy":"product_brand","embeddable":true,"href":"https:\/\/staging6.peach-pump.com\/pl\/wp-json\/wp\/v2\/product_brand?post=100158"},{"taxonomy":"product_cat","embeddable":true,"href":"https:\/\/staging6.peach-pump.com\/pl\/wp-json\/wp\/v2\/product_cat?post=100158"},{"taxonomy":"product_tag","embeddable":true,"href":"https:\/\/staging6.peach-pump.com\/pl\/wp-json\/wp\/v2\/product_tag?post=100158"}],"curies":[{"name":"wp","href":"https:\/\/api.w.org\/{rel}","templated":true}]}}