{"id":105232,"date":"2025-02-03T22:28:35","date_gmt":"2025-02-03T20:28:35","guid":{"rendered":"https:\/\/staging6.peach-pump.com\/products\/zielona-bluza-sportowa-gorset\/"},"modified":"2025-10-15T14:02:41","modified_gmt":"2025-10-15T12:02:41","slug":"zielona-bluza-sportowa-gorset","status":"publish","type":"product","link":"https:\/\/staging6.peach-pump.com\/pl\/products\/zielona-bluza-sportowa-gorset\/","title":{"rendered":"Ciemnozielona gorsetowa bluza sportowa"},"content":{"rendered":"<p>Ciemnozielona sportowa bluza obcis\u0142a o gorsetowym krojem. Model ten optycznie zmniejsza tali\u0119, materia\u0142 jest wysokiej jako\u015bci, mi\u0119kki i elastyczny, doskonale le\u017cy i nadaje pi\u0119knych, kobiecych kr\u0105g\u0142o\u015bci. Model ma wy\u017csz\u0105 st\u00f3jk\u0119, zapinany jest z przodu na zamek z wygrawerowanym logo, r\u0119kawy maj\u0105 otwory na kciuki. Dolna cz\u0119\u015b\u0107 kurtki ma ukryte g\u0142\u0119bokie kieszenie boczne, kt\u00f3re zamykaj\u0105 si\u0119 na ukryty zamek b\u0142yskawiczny. Mo\u017cna w nich bez problemu schowa\u0107 klucze lub telefon. Na ramieniu znajduje si\u0119 haftowane logo 3D Peach Pump. Nadaje si\u0119 zar\u00f3wno na spacer po parku, jak i na intensywne treningi, materia\u0142 nie pozwala na zatrzymywanie wilgoci w ciele. Dost\u0119pna w pi\u0119ciu modnych w tym sezonie kolorach, mo\u017ce by\u0107 \u0142\u0105czona z legginsami i gorsetami. Przejrzyj sekcj\u0119 ready-to-wear na naszej stronie internetowej w poszukiwaniu inspiracji i stw\u00f3rz sw\u00f3j idealny str\u00f3j na spacer lub trening.        <\/p>\n<ul>\n<li>Haftowane logo 3D Peach Pump na ramieniu<\/li>\n<li>Zapi\u0119cie na zamek b\u0142yskawiczny, grawerowane logo Peach Pump<\/li>\n<li>Ukryte kieszenie z boku kurtki, dyskretne zapi\u0119cie na suwak<\/li>\n<li>Otwory na kciuki<\/li>\n<li>Model kszta\u0142tuj\u0105cy sylwetk\u0119<\/li>\n<li>Oddychaj\u0105cy materia\u0142, nie zatrzymuje wilgoci w ciele<\/li>\n<\/ul>\n<p>Sk\u0142ad: 72% nylon, 28% spandex<\/p>\n<p>Kurtk\u0119 mo\u017cna pra\u0107 w temperaturze do 30 stopni. Nie wybiela\u0107. Nie czy\u015bci\u0107 chemicznie.<\/p>\n<p>Modelka na zdj\u0119ciu ma 179 cm wzrostu, wa\u017cy 56 kg i pozuje w rozmiarze S.<\/p>\n","protected":false},"excerpt":{"rendered":"<p>Ciemnozielona sportowa bluza obcis\u0142a o gorsetowym krojem. Model ten optycznie zmniejsza tali\u0119, materia\u0142 jest wysokiej jako\u015bci, mi\u0119kki i elastyczny, doskonale le\u017cy i nadaje pi\u0119knych, kobiecych kr\u0105g\u0142o\u015bci. Model ma wy\u017csz\u0105 st\u00f3jk\u0119, zapinany jest z przodu na zamek z wygrawerowanym logo, r\u0119kawy maj\u0105 otwory na kciuki. Dolna cz\u0119\u015b\u0107 kurtki ma ukryte g\u0142\u0119bokie kieszenie boczne, kt\u00f3re zamykaj\u0105 si\u0119 [&hellip;]<\/p>\n","protected":false},"featured_media":104900,"comment_status":"open","ping_status":"closed","template":"","meta":[],"product_brand":[],"product_cat":[923],"product_tag":[],"class_list":{"0":"post-105232","1":"product","2":"type-product","3":"status-publish","4":"has-post-thumbnail","6":"product_cat-damskie-kurtki","7":"pa_cviat-zielony","8":"pa_razmer-l-pl","9":"pa_razmer-m-pl-2","10":"pa_razmer-s-pl-2","11":"inventories-world","12":"inventories-uk","14":"first","15":"instock","16":"taxable","17":"shipping-taxable","18":"purchasable","19":"product-type-variable"},"_links":{"self":[{"href":"https:\/\/staging6.peach-pump.com\/en\/wp-json\/wp\/v2\/product\/105232","targetHints":{"allow":["GET"]}}],"collection":[{"href":"https:\/\/staging6.peach-pump.com\/en\/wp-json\/wp\/v2\/product"}],"about":[{"href":"https:\/\/staging6.peach-pump.com\/en\/wp-json\/wp\/v2\/types\/product"}],"replies":[{"embeddable":true,"href":"https:\/\/staging6.peach-pump.com\/en\/wp-json\/wp\/v2\/comments?post=105232"}],"version-history":[{"count":0,"href":"https:\/\/staging6.peach-pump.com\/en\/wp-json\/wp\/v2\/product\/105232\/revisions"}],"wp:featuredmedia":[{"embeddable":true,"href":"https:\/\/staging6.peach-pump.com\/en\/wp-json\/wp\/v2\/media\/104900"}],"wp:attachment":[{"href":"https:\/\/staging6.peach-pump.com\/en\/wp-json\/wp\/v2\/media?parent=105232"}],"wp:term":[{"taxonomy":"product_brand","embeddable":true,"href":"https:\/\/staging6.peach-pump.com\/en\/wp-json\/wp\/v2\/product_brand?post=105232"},{"taxonomy":"product_cat","embeddable":true,"href":"https:\/\/staging6.peach-pump.com\/en\/wp-json\/wp\/v2\/product_cat?post=105232"},{"taxonomy":"product_tag","embeddable":true,"href":"https:\/\/staging6.peach-pump.com\/en\/wp-json\/wp\/v2\/product_tag?post=105232"}],"curies":[{"name":"wp","href":"https:\/\/api.w.org\/{rel}","templated":true}]}}