{"id":110641,"date":"2025-03-29T12:00:54","date_gmt":"2025-03-29T10:00:54","guid":{"rendered":"https:\/\/staging6.peach-pump.com\/products\/czarna-bluza-zapinana-na-zamek-z-napisem-peach-pump\/"},"modified":"2025-11-10T15:44:40","modified_gmt":"2025-11-10T13:44:40","slug":"czarna-bluza-zapinana-na-zamek-z-napisem-peach-pump","status":"publish","type":"product","link":"https:\/\/staging6.peach-pump.com\/pl\/products\/czarna-bluza-zapinana-na-zamek-z-napisem-peach-pump\/","title":{"rendered":"Czarna bluza zapinana na zamek z napisem Peach Pump"},"content":{"rendered":"<p>Czarna bluza zapinana na zamek z napisem &#8220;Peach Pump&#8221; na ca\u0142ej d\u0142ugo\u015bci. Posiada wysoki ko\u0142nierz, r\u0119kawy z otworami na kciuki, przedni\u0105 kiesze\u0144 kangurk\u0119 i nadrukowane logo 3D &#8220;Peach Pump&#8221; na ramieniu. Kr\u00f3j jest lu\u017any, ma elastyczny pas. Bluza wykonana jest z oddychaj\u0105cego materia\u0142u, kt\u00f3ry nie zatrzymuje wilgoci w ciele, nadaje si\u0119 do biegania, treningu si\u0142owego i beztlenowego, na spacer lub do parku. Mo\u017cna j\u0105 po\u0142\u0105czy\u0107 z legginsami i czapk\u0105 beanie, aby uzyska\u0107 idealne wyko\u0144czenie stroju Peach Pump.    <\/p>\n<ul>\n<li>Wysoki ko\u0142nierz zapinany na zamek z napisem &#8220;Peach Pump&#8221; na ca\u0142ej d\u0142ugo\u015bci<\/li>\n<li>Lu\u017any kr\u00f3j<\/li>\n<li>Elastyczny \u015bci\u0105gacz w pasie<\/li>\n<li>Kiesze\u0144 przednia<\/li>\n<li>R\u0119kawy z otworami na kciuki<\/li>\n<li>Wyszywane logo 3D &#8220;Peach Pump&#8221; na ramieniu<\/li>\n<li>Tkanina, kt\u00f3ra nie zatrzymuje wilgoci w ciele<\/li>\n<\/ul>\n<p>Sk\u0142ad: 74% bawe\u0142na \/ 20% poliester \/ 6% spandex<\/p>\n<p>&nbsp;<\/p>\n<p>Bluz\u0119 mo\u017cna pra\u0107 w temperaturze do 30 stopni, nie nale\u017cy u\u017cywa\u0107 wybielaczy ani czy\u015bci\u0107 chemicznie.<\/p>\n<p>Modelka na zdj\u0119ciu ma 170 wzrostu, wa\u017cy 49 kg i pozuje w rozmiarze S.<\/p>\n","protected":false},"excerpt":{"rendered":"<p>Czarna bluza zapinana na zamek z napisem &#8220;Peach Pump&#8221; na ca\u0142ej d\u0142ugo\u015bci. Posiada wysoki ko\u0142nierz, r\u0119kawy z otworami na kciuki, przedni\u0105 kiesze\u0144 kangurk\u0119 i nadrukowane logo 3D &#8220;Peach Pump&#8221; na ramieniu. Kr\u00f3j jest lu\u017any, ma elastyczny pas. Bluza wykonana jest z oddychaj\u0105cego materia\u0142u, kt\u00f3ry nie zatrzymuje wilgoci w ciele, nadaje si\u0119 do biegania, treningu si\u0142owego [&hellip;]<\/p>\n","protected":false},"featured_media":110432,"comment_status":"open","ping_status":"closed","template":"","meta":[],"product_brand":[],"product_cat":[1120,360],"product_tag":[],"class_list":{"0":"post-110641","1":"product","2":"type-product","3":"status-publish","4":"has-post-thumbnail","6":"product_cat-dresy-damskie-hoodies","7":"product_cat-bluzki-koszulki-fitness-sportowe","8":"pa_cviat-czarny","9":"pa_razmer-l-pl","10":"pa_razmer-m-pl-2","11":"pa_razmer-s-pl-2","12":"inventories-world","13":"inventories-uk","15":"first","16":"instock","17":"taxable","18":"shipping-taxable","19":"purchasable","20":"product-type-variable"},"_links":{"self":[{"href":"https:\/\/staging6.peach-pump.com\/pl\/wp-json\/wp\/v2\/product\/110641","targetHints":{"allow":["GET"]}}],"collection":[{"href":"https:\/\/staging6.peach-pump.com\/pl\/wp-json\/wp\/v2\/product"}],"about":[{"href":"https:\/\/staging6.peach-pump.com\/pl\/wp-json\/wp\/v2\/types\/product"}],"replies":[{"embeddable":true,"href":"https:\/\/staging6.peach-pump.com\/pl\/wp-json\/wp\/v2\/comments?post=110641"}],"version-history":[{"count":0,"href":"https:\/\/staging6.peach-pump.com\/pl\/wp-json\/wp\/v2\/product\/110641\/revisions"}],"wp:featuredmedia":[{"embeddable":true,"href":"https:\/\/staging6.peach-pump.com\/pl\/wp-json\/wp\/v2\/media\/110432"}],"wp:attachment":[{"href":"https:\/\/staging6.peach-pump.com\/pl\/wp-json\/wp\/v2\/media?parent=110641"}],"wp:term":[{"taxonomy":"product_brand","embeddable":true,"href":"https:\/\/staging6.peach-pump.com\/pl\/wp-json\/wp\/v2\/product_brand?post=110641"},{"taxonomy":"product_cat","embeddable":true,"href":"https:\/\/staging6.peach-pump.com\/pl\/wp-json\/wp\/v2\/product_cat?post=110641"},{"taxonomy":"product_tag","embeddable":true,"href":"https:\/\/staging6.peach-pump.com\/pl\/wp-json\/wp\/v2\/product_tag?post=110641"}],"curies":[{"name":"wp","href":"https:\/\/api.w.org\/{rel}","templated":true}]}}