{"id":110650,"date":"2025-03-29T11:35:04","date_gmt":"2025-03-29T09:35:04","guid":{"rendered":"https:\/\/staging6.peach-pump.com\/products\/czarna-kurtka-sportowa-obcisla-z-kapturem\/"},"modified":"2025-11-09T14:08:37","modified_gmt":"2025-11-09T12:08:37","slug":"czarna-kurtka-sportowa-obcisla-z-kapturem","status":"publish","type":"product","link":"https:\/\/staging6.peach-pump.com\/pl\/products\/czarna-kurtka-sportowa-obcisla-z-kapturem\/","title":{"rendered":"Czarna kurtka sportowa, obcis\u0142a z kapturem"},"content":{"rendered":"<p>Czarna kurtka sportowa z kapturem i dwiema dyskretnymi bocznymi kieszeniami zapinanymi na zamek. Kr\u00f3j podkre\u015blaj\u0105cy tali\u0119 ma zapi\u0119cie na suwak, napis &#8220;Peach Pump&#8221; wzd\u0142u\u017c d\u0142ugo\u015bci i boczne kieszenie zapinane na suwak, wystarczaj\u0105co g\u0142\u0119bokie, aby schowa\u0107 telefon. Kurtka ma kaptur, kt\u00f3ry mo\u017cna zmniejszy\u0107 za pomoc\u0105 wi\u0105za\u0144 z przodu. Model ma r\u0119kawy z otworami na kciuki i haftowane logo 3D &#8220;Peach Pump&#8221; na ramieniu. Materia\u0142 jest przyjemny w dotyku, nie zatrzymuje wilgoci przy ciele, dzi\u0119ki czemu kurtka jest idealna do biegania, treningu si\u0142owego lub aerobowego oraz na spacer po parku.    <\/p>\n<ul>\n<li>Kr\u00f3j obcis\u0142y<\/li>\n<li>Kaptur z wi\u0105zaniami<\/li>\n<li>R\u0119kawy z otworami na kciuki<\/li>\n<li>Zamek z przodu z napisem &#8220;Peach Pump&#8221; na ca\u0142ej d\u0142ugo\u015bci<\/li>\n<li>Dwie kieszenie boczne z zamkiem b\u0142yskawicznym<\/li>\n<li>Haftowane logo 3D &#8220;Peach Pump&#8221; na ramieniu<\/li>\n<li>Tkanina nie zatrzymuje wilgoci w ciele<\/li>\n<\/ul>\n<p>Sk\u0142ad: 85% poliester \/ 25% spandex<\/p>\n<p>Bluz\u0119 mo\u017cna pra\u0107 w temperaturze do 30 stopni. Nie wybiela\u0107. Nie czy\u015bci\u0107 chemicznie.<\/p>\n<p>Modelka na zdj\u0119ciu ma 178 wzrostu, wa\u017cy 58 kg i pozuje w rozmiarze S.<\/p>\n","protected":false},"excerpt":{"rendered":"<p>Czarna kurtka sportowa z kapturem i dwiema dyskretnymi bocznymi kieszeniami zapinanymi na zamek. Kr\u00f3j podkre\u015blaj\u0105cy tali\u0119 ma zapi\u0119cie na suwak, napis &#8220;Peach Pump&#8221; wzd\u0142u\u017c d\u0142ugo\u015bci i boczne kieszenie zapinane na suwak, wystarczaj\u0105co g\u0142\u0119bokie, aby schowa\u0107 telefon. Kurtka ma kaptur, kt\u00f3ry mo\u017cna zmniejszy\u0107 za pomoc\u0105 wi\u0105za\u0144 z przodu. Model ma r\u0119kawy z otworami na kciuki i [&hellip;]<\/p>\n","protected":false},"featured_media":110414,"comment_status":"open","ping_status":"closed","template":"","meta":[],"product_brand":[],"product_cat":[923,1120],"product_tag":[],"class_list":{"0":"post-110650","1":"product","2":"type-product","3":"status-publish","4":"has-post-thumbnail","6":"product_cat-damskie-kurtki","7":"product_cat-dresy-damskie-hoodies","8":"pa_cviat-czarny","9":"pa_razmer-l-pl","10":"pa_razmer-m-pl-2","11":"pa_razmer-s-pl-2","12":"inventories-world","13":"inventories-uk","15":"first","16":"instock","17":"taxable","18":"shipping-taxable","19":"purchasable","20":"product-type-variable"},"_links":{"self":[{"href":"https:\/\/staging6.peach-pump.com\/pl\/wp-json\/wp\/v2\/product\/110650","targetHints":{"allow":["GET"]}}],"collection":[{"href":"https:\/\/staging6.peach-pump.com\/pl\/wp-json\/wp\/v2\/product"}],"about":[{"href":"https:\/\/staging6.peach-pump.com\/pl\/wp-json\/wp\/v2\/types\/product"}],"replies":[{"embeddable":true,"href":"https:\/\/staging6.peach-pump.com\/pl\/wp-json\/wp\/v2\/comments?post=110650"}],"version-history":[{"count":0,"href":"https:\/\/staging6.peach-pump.com\/pl\/wp-json\/wp\/v2\/product\/110650\/revisions"}],"wp:featuredmedia":[{"embeddable":true,"href":"https:\/\/staging6.peach-pump.com\/pl\/wp-json\/wp\/v2\/media\/110414"}],"wp:attachment":[{"href":"https:\/\/staging6.peach-pump.com\/pl\/wp-json\/wp\/v2\/media?parent=110650"}],"wp:term":[{"taxonomy":"product_brand","embeddable":true,"href":"https:\/\/staging6.peach-pump.com\/pl\/wp-json\/wp\/v2\/product_brand?post=110650"},{"taxonomy":"product_cat","embeddable":true,"href":"https:\/\/staging6.peach-pump.com\/pl\/wp-json\/wp\/v2\/product_cat?post=110650"},{"taxonomy":"product_tag","embeddable":true,"href":"https:\/\/staging6.peach-pump.com\/pl\/wp-json\/wp\/v2\/product_tag?post=110650"}],"curies":[{"name":"wp","href":"https:\/\/api.w.org\/{rel}","templated":true}]}}