{"id":110658,"date":"2025-03-29T11:14:46","date_gmt":"2025-03-29T09:14:46","guid":{"rendered":"https:\/\/staging6.peach-pump.com\/products\/czarny-biustonosz-z-czarnymi-ramiaczkami\/"},"modified":"2025-11-09T00:00:04","modified_gmt":"2025-11-08T22:00:04","slug":"czarny-biustonosz-z-czarnymi-ramiaczkami","status":"publish","type":"product","link":"https:\/\/staging6.peach-pump.com\/pl\/products\/czarny-biustonosz-z-czarnymi-ramiaczkami\/","title":{"rendered":"Czarny biustonosz z czarnymi rami\u0105czkami"},"content":{"rendered":"<p>Czarny biustonosz z czarnymi rami\u0105czkami i wk\u0142adkami z efektem liftingu. Model ten zosta\u0142 wykonany z elastycznego, oddychaj\u0105cego materia\u0142u, kt\u00f3ry odprowadza wilgo\u0107 z cia\u0142a i zapewnia pe\u0142n\u0105 swobod\u0119 ruch\u00f3w podczas treningu. Wk\u0142adki stanika s\u0105 wyjmowane i ma termicznie naklejone logo &#8220;Peach Pump&#8221; z przodu. Mo\u017cna go \u0142\u0105czy\u0107 z kr\u00f3tkimi legginsami w tym samym wzorze lub d\u0142ugimi legginsami w jednolitym kolorze.   <\/p>\n<p>\u015awie\u017ca propozycja, kt\u00f3ra sprawi, \u017ce poczujesz si\u0119 pi\u0119kna i seksowna.<\/p>\n<ul>\n<li> Wyjmowane wk\u0142adki<\/li>\n<li> Efekt Push-Up<\/li>\n<li> Du\u017ca elastyczno\u015b\u0107<\/li>\n<li> Zgrzewane logo Peach Pump z przodu biustonosza<\/li>\n<li> Tkanina odprowadzaj\u0105ca wilgo\u0107 od cia\u0142a<\/li>\n<\/ul>\n<p>Sk\u0142ad: 80% poliester 20% elastan<\/p>\n<p>Gorset mo\u017cna pra\u0107 w temperaturze do 30 stopni, zaleca si\u0119 odwr\u00f3cenie podczas prania, nie nale\u017cy u\u017cywa\u0107 wybielaczy ani czy\u015bci\u0107 chemicznie.<\/p>\n<p>Modelka na zdj\u0119ciu ma 170 cm wzrostu, wa\u017cy 49 kg i pozuje z biustonoszem w rozmiarze S.<\/p>\n<p>Aby wybra\u0107 dok\u0142adny rozmiar, skorzystaj z tabel rozmiarowych.<\/p>\n","protected":false},"excerpt":{"rendered":"<p>Czarny biustonosz z czarnymi rami\u0105czkami i wk\u0142adkami z efektem liftingu. Model ten zosta\u0142 wykonany z elastycznego, oddychaj\u0105cego materia\u0142u, kt\u00f3ry odprowadza wilgo\u0107 z cia\u0142a i zapewnia pe\u0142n\u0105 swobod\u0119 ruch\u00f3w podczas treningu. Wk\u0142adki stanika s\u0105 wyjmowane i ma termicznie naklejone logo &#8220;Peach Pump&#8221; z przodu. Mo\u017cna go \u0142\u0105czy\u0107 z kr\u00f3tkimi legginsami w tym samym wzorze lub d\u0142ugimi [&hellip;]<\/p>\n","protected":false},"featured_media":110092,"comment_status":"open","ping_status":"closed","template":"","meta":[],"product_brand":[],"product_cat":[361],"product_tag":[],"class_list":{"0":"post-110658","1":"product","2":"type-product","3":"status-publish","4":"has-post-thumbnail","6":"product_cat-biustonosz-staniki-sportove","7":"pa_cviat-czarny-bialy","8":"pa_razmer-l-pl","9":"pa_razmer-m-pl-2","10":"pa_razmer-s-pl-2","11":"inventories-world","12":"inventories-uk","14":"first","15":"instock","16":"taxable","17":"shipping-taxable","18":"purchasable","19":"product-type-variable"},"_links":{"self":[{"href":"https:\/\/staging6.peach-pump.com\/pl\/wp-json\/wp\/v2\/product\/110658","targetHints":{"allow":["GET"]}}],"collection":[{"href":"https:\/\/staging6.peach-pump.com\/pl\/wp-json\/wp\/v2\/product"}],"about":[{"href":"https:\/\/staging6.peach-pump.com\/pl\/wp-json\/wp\/v2\/types\/product"}],"replies":[{"embeddable":true,"href":"https:\/\/staging6.peach-pump.com\/pl\/wp-json\/wp\/v2\/comments?post=110658"}],"version-history":[{"count":0,"href":"https:\/\/staging6.peach-pump.com\/pl\/wp-json\/wp\/v2\/product\/110658\/revisions"}],"wp:featuredmedia":[{"embeddable":true,"href":"https:\/\/staging6.peach-pump.com\/pl\/wp-json\/wp\/v2\/media\/110092"}],"wp:attachment":[{"href":"https:\/\/staging6.peach-pump.com\/pl\/wp-json\/wp\/v2\/media?parent=110658"}],"wp:term":[{"taxonomy":"product_brand","embeddable":true,"href":"https:\/\/staging6.peach-pump.com\/pl\/wp-json\/wp\/v2\/product_brand?post=110658"},{"taxonomy":"product_cat","embeddable":true,"href":"https:\/\/staging6.peach-pump.com\/pl\/wp-json\/wp\/v2\/product_cat?post=110658"},{"taxonomy":"product_tag","embeddable":true,"href":"https:\/\/staging6.peach-pump.com\/pl\/wp-json\/wp\/v2\/product_tag?post=110658"}],"curies":[{"name":"wp","href":"https:\/\/api.w.org\/{rel}","templated":true}]}}