{"id":113905,"date":"2025-04-21T11:52:53","date_gmt":"2025-04-21T09:52:53","guid":{"rendered":"https:\/\/staging6.peach-pump.com\/products\/%d0%b8%d0%b7%d1%80%d1%8f%d0%b7%d0%b0%d0%bd-%d0%b1%d1%8f%d0%bb-%d0%bf%d0%be%d1%82%d0%bd%d0%b8%d0%ba-%d1%81-%d0%bf%d0%be%d0%b4%d0%bf%d0%bb%d1%8a%d0%bd%d0%ba%d0%b8\/"},"modified":"2025-11-01T16:33:00","modified_gmt":"2025-11-01T14:33:00","slug":"%d0%b8%d0%b7%d1%80%d1%8f%d0%b7%d0%b0%d0%bd-%d0%b1%d1%8f%d0%bb-%d0%bf%d0%be%d1%82%d0%bd%d0%b8%d0%ba-%d1%81-%d0%bf%d0%be%d0%b4%d0%bf%d0%bb%d1%8a%d0%bd%d0%ba%d0%b8","status":"publish","type":"product","link":"https:\/\/staging6.peach-pump.com\/pl\/products\/%d0%b8%d0%b7%d1%80%d1%8f%d0%b7%d0%b0%d0%bd-%d0%b1%d1%8f%d0%bb-%d0%bf%d0%be%d1%82%d0%bd%d0%b8%d0%ba-%d1%81-%d0%bf%d0%be%d0%b4%d0%bf%d0%bb%d1%8a%d0%bd%d0%ba%d0%b8\/","title":{"rendered":"Przyci\u0119ty bia\u0142y podkoszulek z wk\u0142adkami"},"content":{"rendered":"<p>Bia\u0142y podkoszulek damski z wyjmowanymi wk\u0142adkami. Materia\u0142 modelu wykonany jest z pr\u0105\u017ck\u00f3w z delikatnym podk\u0142adem i ma nowoczesny design, wyci\u0119cia z przodu i z ty\u0142u. Nadaje si\u0119 na trening lub do wypoczynku, zapewnia pe\u0142n\u0105 swobod\u0119 ruch\u00f3w i seksowny wygl\u0105d. Dost\u0119pny jest w dw\u00f3ch kolorach: bia\u0142ym i czarnym.   <\/p>\n<ul>\n<li>Wk\u0142adki z efektem liftingu<\/li>\n<li>Obcis\u0142y pr\u0105\u017ckowy materia\u0142.<\/li>\n<li>Wewn\u0119trzna podszewka<\/li>\n<li>Przyci\u0119te z przodu i z ty\u0142u<\/li>\n<li>Uszczelnione termicznie logo &#8220;Peach Pump&#8221;<\/li>\n<\/ul>\n<p>Sk\u0142ad: 80% poliester 20% elastan<\/p>\n<p>Biustonosz mo\u017cna pra\u0107 w temperaturze do 30 stopni. Nie wybiela\u0107. Nie czy\u015bci\u0107 chemicznie.<\/p>\n<p>Modelka na zdj\u0119ciu ma 167 cm wzrostu, wa\u017cy 50 kg i pozuje w rozmiarze M.<\/p>\n<p>Aby wybra\u0107 dok\u0142adny rozmiar, skorzystaj z tabel rozmiarowych.<\/p>\n","protected":false},"excerpt":{"rendered":"<p>Bia\u0142y podkoszulek damski z wyjmowanymi wk\u0142adkami. Materia\u0142 modelu wykonany jest z pr\u0105\u017ck\u00f3w z delikatnym podk\u0142adem i ma nowoczesny design, wyci\u0119cia z przodu i z ty\u0142u. Nadaje si\u0119 na trening lub do wypoczynku, zapewnia pe\u0142n\u0105 swobod\u0119 ruch\u00f3w i seksowny wygl\u0105d. Dost\u0119pny jest w dw\u00f3ch kolorach: bia\u0142ym i czarnym. Wk\u0142adki z efektem liftingu Obcis\u0142y pr\u0105\u017ckowy materia\u0142. Wewn\u0119trzna [&hellip;]<\/p>\n","protected":false},"featured_media":112736,"comment_status":"open","ping_status":"closed","template":"","meta":[],"product_brand":[],"product_cat":[361],"product_tag":[],"class_list":{"0":"post-113905","1":"product","2":"type-product","3":"status-publish","4":"has-post-thumbnail","6":"product_cat-biustonosz-staniki-sportove","7":"pa_cviat-bialy-pl","8":"pa_razmer-l-pl","9":"pa_razmer-m-pl-2","10":"pa_razmer-s-pl-2","11":"inventories-world","13":"first","14":"instock","15":"sale","16":"taxable","17":"shipping-taxable","18":"purchasable","19":"product-type-variable"},"_links":{"self":[{"href":"https:\/\/staging6.peach-pump.com\/pl\/wp-json\/wp\/v2\/product\/113905","targetHints":{"allow":["GET"]}}],"collection":[{"href":"https:\/\/staging6.peach-pump.com\/pl\/wp-json\/wp\/v2\/product"}],"about":[{"href":"https:\/\/staging6.peach-pump.com\/pl\/wp-json\/wp\/v2\/types\/product"}],"replies":[{"embeddable":true,"href":"https:\/\/staging6.peach-pump.com\/pl\/wp-json\/wp\/v2\/comments?post=113905"}],"version-history":[{"count":0,"href":"https:\/\/staging6.peach-pump.com\/pl\/wp-json\/wp\/v2\/product\/113905\/revisions"}],"wp:featuredmedia":[{"embeddable":true,"href":"https:\/\/staging6.peach-pump.com\/pl\/wp-json\/wp\/v2\/media\/112736"}],"wp:attachment":[{"href":"https:\/\/staging6.peach-pump.com\/pl\/wp-json\/wp\/v2\/media?parent=113905"}],"wp:term":[{"taxonomy":"product_brand","embeddable":true,"href":"https:\/\/staging6.peach-pump.com\/pl\/wp-json\/wp\/v2\/product_brand?post=113905"},{"taxonomy":"product_cat","embeddable":true,"href":"https:\/\/staging6.peach-pump.com\/pl\/wp-json\/wp\/v2\/product_cat?post=113905"},{"taxonomy":"product_tag","embeddable":true,"href":"https:\/\/staging6.peach-pump.com\/pl\/wp-json\/wp\/v2\/product_tag?post=113905"}],"curies":[{"name":"wp","href":"https:\/\/api.w.org\/{rel}","templated":true}]}}