{"id":113910,"date":"2025-04-21T11:47:28","date_gmt":"2025-04-21T09:47:28","guid":{"rendered":"https:\/\/staging6.peach-pump.com\/products\/przyciety-czarny-podkoszulek-z-wkladkami\/"},"modified":"2025-11-02T20:29:29","modified_gmt":"2025-11-02T18:29:29","slug":"przyciety-czarny-podkoszulek-z-wkladkami","status":"publish","type":"product","link":"https:\/\/staging6.peach-pump.com\/pl\/products\/przyciety-czarny-podkoszulek-z-wkladkami\/","title":{"rendered":"Przyci\u0119ty czarny podkoszulek z wk\u0142adkami"},"content":{"rendered":"<p>Czarny damski podkoszulek z wyjmowanymi wk\u0142adkami. Tkanina modelu jest pr\u0105\u017ckowana z delikatn\u0105 podszewk\u0105 i ma nowoczesny design, wyci\u0119ty z przodu i z ty\u0142u. Nadaje si\u0119 do treningu lub wypoczynku, zapewnia pe\u0142n\u0105 swobod\u0119 ruch\u00f3w i seksowny wygl\u0105d. Dost\u0119pny w dw\u00f3ch kolorach bia\u0142ym i czarnym.   <\/p>\n<ul>\n<li>Wype\u0142nienie z efektem podnoszenia<\/li>\n<li>Pr\u0105\u017ckowany materia\u0142 obcis\u0142y<\/li>\n<li>Wewn\u0119trzna podszewka<\/li>\n<li>Przyci\u0119te z przodu i z ty\u0142u<\/li>\n<li>Termicznie naklejone logo &#8220;Peach Pump&#8221;<\/li>\n<\/ul>\n<p>Sk\u0142ad: 80% poliester 20% elastan<\/p>\n<p>Biustonosz mo\u017cna pra\u0107 w temperaturze do 30 stopni. Nie wybiela\u0107. Nie czy\u015bci\u0107 chemicznie.<\/p>\n<p>Modelka na zdj\u0119ciu ma 167 cm wzrostu, wa\u017cy 50 kg i pozuje w rozmiarze M.<\/p>\n<p>Aby wybra\u0107 dok\u0142adny rozmiar, skorzystaj z tabel rozmiarowych.<\/p>\n","protected":false},"excerpt":{"rendered":"<p>Czarny damski podkoszulek z wyjmowanymi wk\u0142adkami. Tkanina modelu jest pr\u0105\u017ckowana z delikatn\u0105 podszewk\u0105 i ma nowoczesny design, wyci\u0119ty z przodu i z ty\u0142u. Nadaje si\u0119 do treningu lub wypoczynku, zapewnia pe\u0142n\u0105 swobod\u0119 ruch\u00f3w i seksowny wygl\u0105d. Dost\u0119pny w dw\u00f3ch kolorach bia\u0142ym i czarnym. Wype\u0142nienie z efektem podnoszenia Pr\u0105\u017ckowany materia\u0142 obcis\u0142y Wewn\u0119trzna podszewka Przyci\u0119te z przodu [&hellip;]<\/p>\n","protected":false},"featured_media":112677,"comment_status":"open","ping_status":"closed","template":"","meta":[],"product_brand":[],"product_cat":[361],"product_tag":[],"class_list":{"0":"post-113910","1":"product","2":"type-product","3":"status-publish","4":"has-post-thumbnail","6":"product_cat-biustonosz-staniki-sportove","7":"pa_cviat-czarny","8":"pa_razmer-l-pl","9":"pa_razmer-m-pl-2","10":"pa_razmer-s-pl-2","11":"inventories-world","13":"first","14":"instock","15":"sale","16":"taxable","17":"shipping-taxable","18":"purchasable","19":"product-type-variable"},"_links":{"self":[{"href":"https:\/\/staging6.peach-pump.com\/pl\/wp-json\/wp\/v2\/product\/113910","targetHints":{"allow":["GET"]}}],"collection":[{"href":"https:\/\/staging6.peach-pump.com\/pl\/wp-json\/wp\/v2\/product"}],"about":[{"href":"https:\/\/staging6.peach-pump.com\/pl\/wp-json\/wp\/v2\/types\/product"}],"replies":[{"embeddable":true,"href":"https:\/\/staging6.peach-pump.com\/pl\/wp-json\/wp\/v2\/comments?post=113910"}],"version-history":[{"count":0,"href":"https:\/\/staging6.peach-pump.com\/pl\/wp-json\/wp\/v2\/product\/113910\/revisions"}],"wp:featuredmedia":[{"embeddable":true,"href":"https:\/\/staging6.peach-pump.com\/pl\/wp-json\/wp\/v2\/media\/112677"}],"wp:attachment":[{"href":"https:\/\/staging6.peach-pump.com\/pl\/wp-json\/wp\/v2\/media?parent=113910"}],"wp:term":[{"taxonomy":"product_brand","embeddable":true,"href":"https:\/\/staging6.peach-pump.com\/pl\/wp-json\/wp\/v2\/product_brand?post=113910"},{"taxonomy":"product_cat","embeddable":true,"href":"https:\/\/staging6.peach-pump.com\/pl\/wp-json\/wp\/v2\/product_cat?post=113910"},{"taxonomy":"product_tag","embeddable":true,"href":"https:\/\/staging6.peach-pump.com\/pl\/wp-json\/wp\/v2\/product_tag?post=113910"}],"curies":[{"name":"wp","href":"https:\/\/api.w.org\/{rel}","templated":true}]}}