{"id":115326,"date":"2025-05-09T13:08:51","date_gmt":"2025-05-09T11:08:51","guid":{"rendered":"https:\/\/staging6.peach-pump.com\/products\/krotkie-rozowe-legginsy-z-kieszeniami-i-efektem-modelujacym\/"},"modified":"2025-11-01T16:26:51","modified_gmt":"2025-11-01T14:26:51","slug":"krotkie-rozowe-legginsy-z-kieszeniami-i-efektem-modelujacym","status":"publish","type":"product","link":"https:\/\/staging6.peach-pump.com\/pl\/products\/krotkie-rozowe-legginsy-z-kieszeniami-i-efektem-modelujacym\/","title":{"rendered":"Kr\u00f3tkie r\u00f3\u017cowe legginsy z kieszeniami i efektem modeluj\u0105cym"},"content":{"rendered":"<p>Kr\u00f3tkie r\u00f3\u017cowe legginsy z kieszeniami i efektem modeluj\u0105cym. Ten model kr\u00f3tkich leggins\u00f3w wykonany jest z elastycznego, mi\u0119kkiego w dotyku materia\u0142u z elastycznym szwem z ty\u0142u typu &#8220;invisible scrunch&#8221;, kt\u00f3ry doskonale modeluje sylwetk\u0119, posiada dwie boczne kieszenie, odpowiednie na telefon lub kart\u0119 fitness i zapewnia komfort podczas \u0107wicze\u0144. Talia wykonana jest z bezszwowej tkaniny, niezwykle trwa\u0142ej, nie zatrzymuje wilgoci w ciele, unosi, modeluje i napina. Szeroki pas delikatnie opina tali\u0119 i modeluje sylwetk\u0119. Gwarantowane najwygodniejsze legginsy, w kt\u00f3rych poczujesz si\u0119 komfortowo podczas uprawiania ka\u017cdego sportu. Dost\u0119pne w kilku kolorach, idealnie pasuj\u0105 do biustonosza w tym samym kolorze lub do innych naszych modeli bluzek i kurtek.     <\/p>\n<ul>\n<li>Wysoki stan<\/li>\n<li>Dwie kieszenie boczne<\/li>\n<li>Tkanina bez szw\u00f3w<\/li>\n<li>Podnosi, modeluje i napina<\/li>\n<li>Ukrywa problematyczne obszary<\/li>\n<li>Efekt brzoskwini typu \u201cinvisible scrunch\u201d<\/li>\n<li>Termicznie naklejone logo Peach Pump z ty\u0142u leggins\u00f3w<\/li>\n<li>Termicznie naklejone logo Peach Pump z przodu kieszeni leggins\u00f3w<\/li>\n<li>Bezszwowy materia\u0142, kt\u00f3ry nie zatrzymuje wilgoci w ciele<\/li>\n<\/ul>\n<p>Sk\u0142ad: 92% Nylon; 8% Elastan<\/p>\n<p>Legginsy mo\u017cna pra\u0107 w temperaturze do 30 stopni. Nie wybiela\u0107. Nie czy\u015bci\u0107 chemicznie.<\/p>\n<p>Model na zdj\u0119ciu ma 168 cm wzrostu i wa\u017cy 51 kg. i pozuje w rozmiarze S.<\/p>\n<p>Aby wybra\u0107 dok\u0142adny rozmiar, skorzystaj z tabel rozmiarowych.<\/p>\n","protected":false},"excerpt":{"rendered":"<p>Kr\u00f3tkie r\u00f3\u017cowe legginsy z kieszeniami i efektem modeluj\u0105cym. Ten model kr\u00f3tkich leggins\u00f3w wykonany jest z elastycznego, mi\u0119kkiego w dotyku materia\u0142u z elastycznym szwem z ty\u0142u typu &#8220;invisible scrunch&#8221;, kt\u00f3ry doskonale modeluje sylwetk\u0119, posiada dwie boczne kieszenie, odpowiednie na telefon lub kart\u0119 fitness i zapewnia komfort podczas \u0107wicze\u0144. Talia wykonana jest z bezszwowej tkaniny, niezwykle trwa\u0142ej, [&hellip;]<\/p>\n","protected":false},"featured_media":116657,"comment_status":"open","ping_status":"closed","template":"","meta":[],"product_brand":[],"product_cat":[201,144,190],"product_tag":[],"class_list":{"0":"post-115326","1":"product","2":"type-product","3":"status-publish","4":"has-post-thumbnail","6":"product_cat-krotkie-legginsy","7":"product_cat-legginsy-sportowe-damskie","8":"product_cat-legginsy-z-kieszeniami","9":"pa_cviat-rozowy","10":"pa_razmer-l-pl","11":"pa_razmer-m-pl-2","12":"pa_razmer-s-pl-2","13":"inventories-world","15":"first","16":"instock","17":"taxable","18":"shipping-taxable","19":"purchasable","20":"product-type-variable"},"_links":{"self":[{"href":"https:\/\/staging6.peach-pump.com\/en\/wp-json\/wp\/v2\/product\/115326","targetHints":{"allow":["GET"]}}],"collection":[{"href":"https:\/\/staging6.peach-pump.com\/en\/wp-json\/wp\/v2\/product"}],"about":[{"href":"https:\/\/staging6.peach-pump.com\/en\/wp-json\/wp\/v2\/types\/product"}],"replies":[{"embeddable":true,"href":"https:\/\/staging6.peach-pump.com\/en\/wp-json\/wp\/v2\/comments?post=115326"}],"version-history":[{"count":0,"href":"https:\/\/staging6.peach-pump.com\/en\/wp-json\/wp\/v2\/product\/115326\/revisions"}],"wp:featuredmedia":[{"embeddable":true,"href":"https:\/\/staging6.peach-pump.com\/en\/wp-json\/wp\/v2\/media\/116657"}],"wp:attachment":[{"href":"https:\/\/staging6.peach-pump.com\/en\/wp-json\/wp\/v2\/media?parent=115326"}],"wp:term":[{"taxonomy":"product_brand","embeddable":true,"href":"https:\/\/staging6.peach-pump.com\/en\/wp-json\/wp\/v2\/product_brand?post=115326"},{"taxonomy":"product_cat","embeddable":true,"href":"https:\/\/staging6.peach-pump.com\/en\/wp-json\/wp\/v2\/product_cat?post=115326"},{"taxonomy":"product_tag","embeddable":true,"href":"https:\/\/staging6.peach-pump.com\/en\/wp-json\/wp\/v2\/product_tag?post=115326"}],"curies":[{"name":"wp","href":"https:\/\/api.w.org\/{rel}","templated":true}]}}