{"id":115344,"date":"2025-05-09T13:42:56","date_gmt":"2025-05-09T11:42:56","guid":{"rendered":"https:\/\/staging6.peach-pump.com\/products\/czarne-krotkie-legginsy-z-kieszeniami-i-biustonoszem\/"},"modified":"2025-11-01T16:23:10","modified_gmt":"2025-11-01T14:23:10","slug":"czarne-krotkie-legginsy-z-kieszeniami-i-biustonoszem","status":"publish","type":"product","link":"https:\/\/staging6.peach-pump.com\/pl\/products\/czarne-krotkie-legginsy-z-kieszeniami-i-biustonoszem\/","title":{"rendered":"Czarne kr\u00f3tkie legginsy z kieszeniami i biustonoszem"},"content":{"rendered":"<p>Czarny zestaw, kr\u00f3tkie legginsy z kieszeniami i biustonosz z wk\u0142adkami. Legginsy z mi\u0119kkiego w dotyku materia\u0142u maj\u0105 elastyczny szew z ty\u0142u typu &#8220;invisible scrunch&#8221;, kt\u00f3ry idealnie modeluje sylwetk\u0119, maj\u0105 dwie boczne kieszenie odpowiednie na telefon lub kart\u0119 fitness i zapewniaj\u0105 wygod\u0119 podczas \u0107wicze\u0144. Szeroki pas delikatnie podkre\u015bla tali\u0119 i rze\u017abi sylwetk\u0119. Biustonosz ma regulowane rami\u0105czka, wk\u0142adki, kt\u00f3r\u0105 mo\u017cna zdj\u0105\u0107 w razie potrzeby. Sportowy zestaw mo\u017cna po\u0142\u0105czy\u0107 z dodatkami &#8211; czapk\u0105, skarpetkami lub kurtk\u0105 marki, aby uzyska\u0107 idealne wyko\u0144czenie stylizacji Peach Pump.    <\/p>\n<p>Dla biustonosza:<\/p>\n<ul>\n<li> Wyjmowane wk\u0142adki<\/li>\n<li> Efekt Push-Up<\/li>\n<li> Regulowane rami\u0105czka<\/li>\n<li> Du\u017ca elastyczno\u015b\u0107<\/li>\n<li> Termicznie naklejone logo Peach Pump z boku biustonosza<\/li>\n<li> Tkanina odprowadzaj\u0105ca wilgo\u0107 z cia\u0142a<\/li>\n<\/ul>\n<p>Do Leggins\u00f3w:<\/p>\n<ul>\n<li>Wysoki stan<\/li>\n<li>Dwie kieszenie boczne<\/li>\n<li>Tkanina bez szw\u00f3w<\/li>\n<li>Podnosi, modeluje i napina<\/li>\n<li>Ukrywa problematyczne obszary<\/li>\n<li>Efekt brzoskwini typu \u201cinvisible scrunch\u201d<\/li>\n<li>Termicznie naklejone logo Peach Pump z ty\u0142u leggins\u00f3w<\/li>\n<li>Termicznie naklejone logo Peach Pump z przodu kieszeni leggins\u00f3w<\/li>\n<li>Bezszwowy materia\u0142, kt\u00f3ry nie zatrzymuje wilgoci w ciele<\/li>\n<\/ul>\n<p>Sk\u0142ad: 92% Nylon; 8% Elastan<\/p>\n<p>Zestaw mo\u017cna pra\u0107 w temperaturze do 30 stopni, nie nale\u017cy u\u017cywa\u0107 wybielaczy ani czy\u015bci\u0107 chemicznie.<\/p>\n<p>Modelka na zdj\u0119ciu ma 168 cm wzrostu, wa\u017cy 51 kg i pozuje w legginsach w rozmiarze S oraz biustonoszu w rozmiarze S.<\/p>\n<p>Aby wybra\u0107 dok\u0142adny rozmiar, skorzystaj z tabel rozmiarowych.<\/p>\n","protected":false},"excerpt":{"rendered":"<p>Czarny zestaw, kr\u00f3tkie legginsy z kieszeniami i biustonosz z wk\u0142adkami. Legginsy z mi\u0119kkiego w dotyku materia\u0142u maj\u0105 elastyczny szew z ty\u0142u typu &#8220;invisible scrunch&#8221;, kt\u00f3ry idealnie modeluje sylwetk\u0119, maj\u0105 dwie boczne kieszenie odpowiednie na telefon lub kart\u0119 fitness i zapewniaj\u0105 wygod\u0119 podczas \u0107wicze\u0144. Szeroki pas delikatnie podkre\u015bla tali\u0119 i rze\u017abi sylwetk\u0119. Biustonosz ma regulowane rami\u0105czka, [&hellip;]<\/p>\n","protected":false},"featured_media":114505,"comment_status":"open","ping_status":"closed","template":"","meta":[],"product_brand":[],"product_cat":[362,363],"product_tag":[],"class_list":{"0":"post-115344","1":"product","2":"type-product","3":"status-publish","4":"has-post-thumbnail","6":"product_cat-komplety-sportowe-damskie","7":"product_cat-krotkie-komplet-legginsy","8":"pa_cviat-czarny","9":"inventories-world","11":"first","12":"instock","13":"virtual","14":"taxable","15":"purchasable","16":"product-type-yith_bundle"},"_links":{"self":[{"href":"https:\/\/staging6.peach-pump.com\/pl\/wp-json\/wp\/v2\/product\/115344","targetHints":{"allow":["GET"]}}],"collection":[{"href":"https:\/\/staging6.peach-pump.com\/pl\/wp-json\/wp\/v2\/product"}],"about":[{"href":"https:\/\/staging6.peach-pump.com\/pl\/wp-json\/wp\/v2\/types\/product"}],"replies":[{"embeddable":true,"href":"https:\/\/staging6.peach-pump.com\/pl\/wp-json\/wp\/v2\/comments?post=115344"}],"version-history":[{"count":0,"href":"https:\/\/staging6.peach-pump.com\/pl\/wp-json\/wp\/v2\/product\/115344\/revisions"}],"wp:featuredmedia":[{"embeddable":true,"href":"https:\/\/staging6.peach-pump.com\/pl\/wp-json\/wp\/v2\/media\/114505"}],"wp:attachment":[{"href":"https:\/\/staging6.peach-pump.com\/pl\/wp-json\/wp\/v2\/media?parent=115344"}],"wp:term":[{"taxonomy":"product_brand","embeddable":true,"href":"https:\/\/staging6.peach-pump.com\/pl\/wp-json\/wp\/v2\/product_brand?post=115344"},{"taxonomy":"product_cat","embeddable":true,"href":"https:\/\/staging6.peach-pump.com\/pl\/wp-json\/wp\/v2\/product_cat?post=115344"},{"taxonomy":"product_tag","embeddable":true,"href":"https:\/\/staging6.peach-pump.com\/pl\/wp-json\/wp\/v2\/product_tag?post=115344"}],"curies":[{"name":"wp","href":"https:\/\/api.w.org\/{rel}","templated":true}]}}