{"id":115352,"date":"2025-05-09T14:06:00","date_gmt":"2025-05-09T12:06:00","guid":{"rendered":"https:\/\/staging6.peach-pump.com\/products\/krotka-biala-sukienka-sportowa-z-legginsami\/"},"modified":"2025-11-01T16:22:10","modified_gmt":"2025-11-01T14:22:10","slug":"krotka-biala-sukienka-sportowa-z-legginsami","status":"publish","type":"product","link":"https:\/\/staging6.peach-pump.com\/pl\/products\/krotka-biala-sukienka-sportowa-z-legginsami\/","title":{"rendered":"Kr\u00f3tka bia\u0142a sukienka sportowa z legginsami"},"content":{"rendered":"<p>Kr\u00f3tka bia\u0142a sukienka sportowa z legginsami i czarn\u0105 lam\u00f3wk\u0105 na brzegach. Model posiada wk\u0142adki z efektem liftingu, kt\u00f3re mo\u017cna wyj\u0105\u0107. Sukienka ma wyci\u0119cia w talii, kt\u00f3re optycznie j\u0105 zmniejszaj\u0105 i nadaj\u0105 sylwetce kszta\u0142t klepsydry. Sukienka jest kr\u00f3tszym modelem, ale ma legginsy, kt\u00f3re zapewni\u0105 Ci pe\u0142n\u0105 swobod\u0119 ruch\u00f3w. Model nadaje si\u0119 na tenis, si\u0142owni\u0119 lub spacer po parku, dzi\u0119ki czemu nie pozostaniesz niezauwa\u017cona.    <\/p>\n<ul>\n<li>Kr\u00f3tki model<\/li>\n<li>Legginsy<\/li>\n<li>Wype\u0142nienie z efektem podnoszenia<\/li>\n<li>Cz\u0119\u015bciowe czarne obramowanie<\/li>\n<li>Elastyczny materia\u0142<\/li>\n<li>Uszczelnione termicznie logo &#8220;Peach Pump&#8221; z ty\u0142u<\/li>\n<li>Termicznie zgrzewane logo &#8220;Peach Pump&#8221; z przodu sukienki pod biustem<\/li>\n<li>Otwory w talii<\/li>\n<li>Tkanina odprowadzaj\u0105ca wilgo\u0107 z cia\u0142a<\/li>\n<\/ul>\n<p>Sk\u0142ad: 92% Nylon; 8% Elastan<\/p>\n<p>Sukienk\u0119 mo\u017cna pra\u0107 w temperaturze do 30 stopni, nie nale\u017cy u\u017cywa\u0107 wybielaczy ani czy\u015bci\u0107 chemicznie.<\/p>\n<p>Modelka na zdj\u0119ciu ma 168 cm wzrostu, wa\u017cy 51 kg i pozuje w rozmiarze S.<\/p>\n<p>Aby wybra\u0107 dok\u0142adny rozmiar, skorzystaj z tabel rozmiarowych.<\/p>\n","protected":false},"excerpt":{"rendered":"<p>Kr\u00f3tka bia\u0142a sukienka sportowa z legginsami i czarn\u0105 lam\u00f3wk\u0105 na brzegach. Model posiada wk\u0142adki z efektem liftingu, kt\u00f3re mo\u017cna wyj\u0105\u0107. Sukienka ma wyci\u0119cia w talii, kt\u00f3re optycznie j\u0105 zmniejszaj\u0105 i nadaj\u0105 sylwetce kszta\u0142t klepsydry. Sukienka jest kr\u00f3tszym modelem, ale ma legginsy, kt\u00f3re zapewni\u0105 Ci pe\u0142n\u0105 swobod\u0119 ruch\u00f3w. Model nadaje si\u0119 na tenis, si\u0142owni\u0119 lub spacer [&hellip;]<\/p>\n","protected":false},"featured_media":114708,"comment_status":"open","ping_status":"closed","template":"","meta":[],"product_brand":[],"product_cat":[1128,362,363,1176],"product_tag":[],"class_list":{"0":"post-115352","1":"product","2":"type-product","3":"status-publish","4":"has-post-thumbnail","6":"product_cat-kombinezony-sportowe-damskie","7":"product_cat-komplety-sportowe-damskie","8":"product_cat-krotkie-komplet-legginsy","9":"product_cat-spodnice-i-sukienki-sportowe","10":"pa_cviat-bialy-pl","11":"pa_razmer-m-pl-2","12":"pa_razmer-s-pl-2","13":"inventories-world","15":"first","16":"instock","17":"taxable","18":"shipping-taxable","19":"purchasable","20":"product-type-variable"},"_links":{"self":[{"href":"https:\/\/staging6.peach-pump.com\/en\/wp-json\/wp\/v2\/product\/115352","targetHints":{"allow":["GET"]}}],"collection":[{"href":"https:\/\/staging6.peach-pump.com\/en\/wp-json\/wp\/v2\/product"}],"about":[{"href":"https:\/\/staging6.peach-pump.com\/en\/wp-json\/wp\/v2\/types\/product"}],"replies":[{"embeddable":true,"href":"https:\/\/staging6.peach-pump.com\/en\/wp-json\/wp\/v2\/comments?post=115352"}],"version-history":[{"count":0,"href":"https:\/\/staging6.peach-pump.com\/en\/wp-json\/wp\/v2\/product\/115352\/revisions"}],"wp:featuredmedia":[{"embeddable":true,"href":"https:\/\/staging6.peach-pump.com\/en\/wp-json\/wp\/v2\/media\/114708"}],"wp:attachment":[{"href":"https:\/\/staging6.peach-pump.com\/en\/wp-json\/wp\/v2\/media?parent=115352"}],"wp:term":[{"taxonomy":"product_brand","embeddable":true,"href":"https:\/\/staging6.peach-pump.com\/en\/wp-json\/wp\/v2\/product_brand?post=115352"},{"taxonomy":"product_cat","embeddable":true,"href":"https:\/\/staging6.peach-pump.com\/en\/wp-json\/wp\/v2\/product_cat?post=115352"},{"taxonomy":"product_tag","embeddable":true,"href":"https:\/\/staging6.peach-pump.com\/en\/wp-json\/wp\/v2\/product_tag?post=115352"}],"curies":[{"name":"wp","href":"https:\/\/api.w.org\/{rel}","templated":true}]}}