{"id":115363,"date":"2025-05-13T19:07:34","date_gmt":"2025-05-13T17:07:34","guid":{"rendered":"https:\/\/staging6.peach-pump.com\/products\/rozowe-legginsy-z-kieszeniami-i-efektem-modelujacym\/"},"modified":"2025-11-06T22:00:15","modified_gmt":"2025-11-06T20:00:15","slug":"rozowe-legginsy-z-kieszeniami-i-efektem-modelujacym","status":"publish","type":"product","link":"https:\/\/staging6.peach-pump.com\/pl\/products\/rozowe-legginsy-z-kieszeniami-i-efektem-modelujacym\/","title":{"rendered":"R\u00f3\u017cowe legginsy z kieszeniami i efektem modeluj\u0105cym"},"content":{"rendered":"<p>Damskie bezszwowe r\u00f3\u017cowe legginsy z kieszeniami i efektem modeluj\u0105cym. Ten model damskich leggins\u00f3w jest wykonany z elastycznego, mi\u0119kkiego w dotyku materia\u0142u, kt\u00f3ry doskonale napina i modeluje sylwetk\u0119, ma dwie boczne kieszenie odpowiednie na telefon lub kart\u0119 fitness i zapewnia wygod\u0119 podczas \u0107wicze\u0144. Legginsy wykonane s\u0105 z bezszwowej tkaniny, niezwykle trwa\u0142ej, nie zatrzymuj\u0105cej wilgoci w ciele, podnosz\u0105cej, modeluj\u0105cej i napinaj\u0105cej. Szeroki pas delikatnie podkre\u015bla tali\u0119 i modeluje sylwetk\u0119. Gwarantowany najwygodniejszy model z leggins\u00f3w. Dost\u0119pny w kilku kolorach, doskonale komponuje si\u0119 z biustonoszem w tym samym kolorze lub z innymi naszymi modelami bluzek i \u017cakiet\u00f3w.     <\/p>\n<ul>\n<li>Wysoki stan<\/li>\n<li>Dwie kieszenie boczne<\/li>\n<li>Tkanina bez szw\u00f3w<\/li>\n<li>Podnosi, modeluje i napina<\/li>\n<li>Ukrywa problematyczne obszary<\/li>\n<li>Efekt Peachy<\/li>\n<li>Termicznie naklejone logo Peach Pump z ty\u0142u leggins\u00f3w<\/li>\n<li>Termicznie naklejone logo Peach Pump z przodu kieszeni leggins\u00f3w<\/li>\n<li>Bezszwowy materia\u0142, kt\u00f3ry nie zatrzymuje wilgoci w ciele<\/li>\n<\/ul>\n<p>Sk\u0142ad: 80% poliester 20% elastan<\/p>\n<p>Legginsy mo\u017cna pra\u0107 w temperaturze do 30 stopni. Nie wybiela\u0107. Nie czy\u015bci\u0107 chemicznie.<\/p>\n<p>Model na zdj\u0119ciu ma 165 cm wzrostu i wa\u017cy 53 kg. i pozuje w rozmiarze S.<\/p>\n<p>Aby wybra\u0107 dok\u0142adny rozmiar, skorzystaj z tabel rozmiarowych.<\/p>\n","protected":false},"excerpt":{"rendered":"<p>Damskie bezszwowe r\u00f3\u017cowe legginsy z kieszeniami i efektem modeluj\u0105cym. Ten model damskich leggins\u00f3w jest wykonany z elastycznego, mi\u0119kkiego w dotyku materia\u0142u, kt\u00f3ry doskonale napina i modeluje sylwetk\u0119, ma dwie boczne kieszenie odpowiednie na telefon lub kart\u0119 fitness i zapewnia wygod\u0119 podczas \u0107wicze\u0144. Legginsy wykonane s\u0105 z bezszwowej tkaniny, niezwykle trwa\u0142ej, nie zatrzymuj\u0105cej wilgoci w ciele, [&hellip;]<\/p>\n","protected":false},"featured_media":116733,"comment_status":"open","ping_status":"closed","template":"","meta":[],"product_brand":[],"product_cat":[144,307,190],"product_tag":[],"class_list":{"0":"post-115363","1":"product","2":"type-product","3":"status-publish","4":"has-post-thumbnail","6":"product_cat-legginsy-sportowe-damskie","7":"product_cat-legginsy-damskie-dlugie","8":"product_cat-legginsy-z-kieszeniami","9":"pa_cviat-rozowy","10":"pa_razmer-m-pl-2","11":"pa_razmer-s-pl-2","12":"inventories-world","14":"first","15":"instock","16":"taxable","17":"shipping-taxable","18":"purchasable","19":"product-type-variable"},"_links":{"self":[{"href":"https:\/\/staging6.peach-pump.com\/pl\/wp-json\/wp\/v2\/product\/115363","targetHints":{"allow":["GET"]}}],"collection":[{"href":"https:\/\/staging6.peach-pump.com\/pl\/wp-json\/wp\/v2\/product"}],"about":[{"href":"https:\/\/staging6.peach-pump.com\/pl\/wp-json\/wp\/v2\/types\/product"}],"replies":[{"embeddable":true,"href":"https:\/\/staging6.peach-pump.com\/pl\/wp-json\/wp\/v2\/comments?post=115363"}],"version-history":[{"count":0,"href":"https:\/\/staging6.peach-pump.com\/pl\/wp-json\/wp\/v2\/product\/115363\/revisions"}],"wp:featuredmedia":[{"embeddable":true,"href":"https:\/\/staging6.peach-pump.com\/pl\/wp-json\/wp\/v2\/media\/116733"}],"wp:attachment":[{"href":"https:\/\/staging6.peach-pump.com\/pl\/wp-json\/wp\/v2\/media?parent=115363"}],"wp:term":[{"taxonomy":"product_brand","embeddable":true,"href":"https:\/\/staging6.peach-pump.com\/pl\/wp-json\/wp\/v2\/product_brand?post=115363"},{"taxonomy":"product_cat","embeddable":true,"href":"https:\/\/staging6.peach-pump.com\/pl\/wp-json\/wp\/v2\/product_cat?post=115363"},{"taxonomy":"product_tag","embeddable":true,"href":"https:\/\/staging6.peach-pump.com\/pl\/wp-json\/wp\/v2\/product_tag?post=115363"}],"curies":[{"name":"wp","href":"https:\/\/api.w.org\/{rel}","templated":true}]}}