{"id":115369,"date":"2025-05-13T19:00:56","date_gmt":"2025-05-13T17:00:56","guid":{"rendered":"https:\/\/staging6.peach-pump.com\/products\/szare-skarpety-sportowe-z-bialymi-liniami-peach-pump\/"},"modified":"2025-11-08T19:24:06","modified_gmt":"2025-11-08T17:24:06","slug":"szare-skarpety-sportowe-z-bialymi-liniami-peach-pump","status":"publish","type":"product","link":"https:\/\/staging6.peach-pump.com\/pl\/products\/szare-skarpety-sportowe-z-bialymi-liniami-peach-pump\/","title":{"rendered":"Szare skarpety sportowe z bia\u0142ymi liniami Peach Pump"},"content":{"rendered":"<p>Szare skarpety sportowe z bia\u0142ymi liniami i haftowanym logo Peach Pump maj\u0105 wzmocniony sp\u00f3d i zapewniaj\u0105 trwa\u0142o\u015b\u0107, stabilno\u015b\u0107 i amortyzacj\u0119 podczas ruchu. S\u0105 wykonane z odprowadzaj\u0105cego wilgo\u0107 materia\u0142u, kt\u00f3ry zapewnia \u015bwie\u017co\u015b\u0107. <\/p>\n<ul>\n<li>Mi\u0119kki materia\u0142<\/li>\n<li>wysoka jako\u015b\u0107<\/li>\n<li>Elastyczno\u015b\u0107<\/li>\n<li>80% bawe\u0142na<\/li>\n<li>Tkane logo Peach Pump<\/li>\n<li>Wzmocniona podeszwa zapewnia trwa\u0142o\u015b\u0107<\/li>\n<li>\u201cCrew size\u201d- d\u0142ugo\u015b\u0107 \u0142ydki<\/li>\n<\/ul>\n<p>80% bawe\u0142na, 17% poliester, 3% elastan<\/p>\n<p>Mo\u017cna pra\u0107 w temperaturze 40\u00b0C bez czyszczenia chemicznego, suszy\u0107 w niskiej temperaturze.<\/p>\n<p>Skarpety nie podlegaj\u0105 zwrotowi ani wymianie!<\/p>\n","protected":false},"excerpt":{"rendered":"<p>Szare skarpety sportowe z bia\u0142ymi liniami i haftowanym logo Peach Pump maj\u0105 wzmocniony sp\u00f3d i zapewniaj\u0105 trwa\u0142o\u015b\u0107, stabilno\u015b\u0107 i amortyzacj\u0119 podczas ruchu. S\u0105 wykonane z odprowadzaj\u0105cego wilgo\u0107 materia\u0142u, kt\u00f3ry zapewnia \u015bwie\u017co\u015b\u0107. Mi\u0119kki materia\u0142 wysoka jako\u015b\u0107 Elastyczno\u015b\u0107 80% bawe\u0142na Tkane logo Peach Pump Wzmocniona podeszwa zapewnia trwa\u0142o\u015b\u0107 \u201cCrew size\u201d- d\u0142ugo\u015b\u0107 \u0142ydki 80% bawe\u0142na, 17% poliester, 3% [&hellip;]<\/p>\n","protected":false},"featured_media":115201,"comment_status":"open","ping_status":"closed","template":"","meta":[],"product_brand":[],"product_cat":[861],"product_tag":[],"class_list":{"0":"post-115369","1":"product","2":"type-product","3":"status-publish","4":"has-post-thumbnail","6":"product_cat-akcesoria","7":"pa_cviat-szary","8":"pa_razmer-one-size-pl","9":"inventories-world","11":"first","12":"instock","13":"sale","14":"taxable","15":"shipping-taxable","16":"purchasable","17":"product-type-variable"},"_links":{"self":[{"href":"https:\/\/staging6.peach-pump.com\/en\/wp-json\/wp\/v2\/product\/115369","targetHints":{"allow":["GET"]}}],"collection":[{"href":"https:\/\/staging6.peach-pump.com\/en\/wp-json\/wp\/v2\/product"}],"about":[{"href":"https:\/\/staging6.peach-pump.com\/en\/wp-json\/wp\/v2\/types\/product"}],"replies":[{"embeddable":true,"href":"https:\/\/staging6.peach-pump.com\/en\/wp-json\/wp\/v2\/comments?post=115369"}],"version-history":[{"count":0,"href":"https:\/\/staging6.peach-pump.com\/en\/wp-json\/wp\/v2\/product\/115369\/revisions"}],"wp:featuredmedia":[{"embeddable":true,"href":"https:\/\/staging6.peach-pump.com\/en\/wp-json\/wp\/v2\/media\/115201"}],"wp:attachment":[{"href":"https:\/\/staging6.peach-pump.com\/en\/wp-json\/wp\/v2\/media?parent=115369"}],"wp:term":[{"taxonomy":"product_brand","embeddable":true,"href":"https:\/\/staging6.peach-pump.com\/en\/wp-json\/wp\/v2\/product_brand?post=115369"},{"taxonomy":"product_cat","embeddable":true,"href":"https:\/\/staging6.peach-pump.com\/en\/wp-json\/wp\/v2\/product_cat?post=115369"},{"taxonomy":"product_tag","embeddable":true,"href":"https:\/\/staging6.peach-pump.com\/en\/wp-json\/wp\/v2\/product_tag?post=115369"}],"curies":[{"name":"wp","href":"https:\/\/api.w.org\/{rel}","templated":true}]}}