{"id":117405,"date":"2025-05-29T11:13:17","date_gmt":"2025-05-29T09:13:17","guid":{"rendered":"https:\/\/staging6.peach-pump.com\/products\/krotka-zielona-bluza-sportowa-obcisla-z-poduszkami\/"},"modified":"2025-11-01T16:13:45","modified_gmt":"2025-11-01T14:13:45","slug":"krotka-zielona-bluza-sportowa-obcisla-z-poduszkami","status":"publish","type":"product","link":"https:\/\/staging6.peach-pump.com\/pl\/products\/krotka-zielona-bluza-sportowa-obcisla-z-poduszkami\/","title":{"rendered":"Kr\u00f3tka zielona bluza sportowa, obcis\u0142a z poduszkami"},"content":{"rendered":"<p>Kr\u00f3tka sportowa bluzka w kolorze zielonej \u201ematchy\u201d, obcis\u0142a, z poduszkami. \u015awietnie le\u017cy, a kr\u00f3j sprawia, \u017ce jest niezast\u0105pionym elementem zar\u00f3wno sportowego, jak i codziennego stroju. Nadaje si\u0119 do fitnessu, biegania, \u0107wicze\u0144 aerobowych lub spaceru po parku, ma ukryt\u0105 gumk\u0119 u do\u0142u, poduszki, kt\u00f3r\u0105 mo\u017cna zdj\u0105\u0107 i materia\u0142, kt\u00f3ry nie zatrzymuje wilgoci w ciele. Koszulka ma termicznie najklejone logo \u201ePeach Pump\u201d na ramieniu, kt\u00f3re jest minimalistyczne i prezentuje si\u0119 subtelnie. Zakochasz si\u0119 w tym modelu i sposobie, w jaki uk\u0142ada si\u0119 na ciele. Idealnie pasuje do wszystkich naszych kr\u00f3tkich i d\u0142ugich leggins\u00f3w. <\/p>\n<p>Poduszki, kt\u00f3re mo\u017cna wyj\u0105\u0107<br \/>\nUkryta gumka u do\u0142u<br \/>\nIdealne dopasowania do cia\u0142a<br \/>\nTermicznie naklejone logo \u201ePeach Pump\u201d na ramieniu<br \/>\nMateria\u0142 odprowadzaj\u0105cy wilgo\u0107<\/p>\n<p>Sk\u0142ad: elastan i poliester<\/p>\n<p>Bluz\u0119 mo\u017cna pra\u0107 w temperaturze do 30 stopni, prosz\u0119 nie wybiela\u0107, nie suszy\u0107 w suszarce ani czy\u015bci\u0107 chemicznie.<\/p>\n<p>Model na zdj\u0119ciu ma 178 cm wzrostu, wa\u017cy 55 kg, obw\u00f3d klatki piersiowej 90 cm i pozuje w rozmiarze M.<\/p>\n<p>Aby wybra\u0107 dok\u0142adny rozmiar, skorzystaj z tabel rozmiarowych.<\/p>\n","protected":false},"excerpt":{"rendered":"<p>Kr\u00f3tka sportowa bluzka w kolorze zielonej \u201ematchy\u201d, obcis\u0142a, z poduszkami. \u015awietnie le\u017cy, a kr\u00f3j sprawia, \u017ce jest niezast\u0105pionym elementem zar\u00f3wno sportowego, jak i codziennego stroju. Nadaje si\u0119 do fitnessu, biegania, \u0107wicze\u0144 aerobowych lub spaceru po parku, ma ukryt\u0105 gumk\u0119 u do\u0142u, poduszki, kt\u00f3r\u0105 mo\u017cna zdj\u0105\u0107 i materia\u0142, kt\u00f3ry nie zatrzymuje wilgoci w ciele. Koszulka ma [&hellip;]<\/p>\n","protected":false},"featured_media":116796,"comment_status":"open","ping_status":"closed","template":"","meta":[],"product_brand":[],"product_cat":[360],"product_tag":[],"class_list":{"0":"post-117405","1":"product","2":"type-product","3":"status-publish","4":"has-post-thumbnail","6":"product_cat-bluzki-koszulki-fitness-sportowe","7":"pa_cviat-zielony","8":"pa_razmer-l-pl","9":"pa_razmer-m-pl-2","10":"pa_razmer-s-pl-2","11":"inventories-world","13":"first","14":"instock","15":"sale","16":"taxable","17":"shipping-taxable","18":"purchasable","19":"product-type-variable"},"_links":{"self":[{"href":"https:\/\/staging6.peach-pump.com\/pl\/wp-json\/wp\/v2\/product\/117405","targetHints":{"allow":["GET"]}}],"collection":[{"href":"https:\/\/staging6.peach-pump.com\/pl\/wp-json\/wp\/v2\/product"}],"about":[{"href":"https:\/\/staging6.peach-pump.com\/pl\/wp-json\/wp\/v2\/types\/product"}],"replies":[{"embeddable":true,"href":"https:\/\/staging6.peach-pump.com\/pl\/wp-json\/wp\/v2\/comments?post=117405"}],"version-history":[{"count":0,"href":"https:\/\/staging6.peach-pump.com\/pl\/wp-json\/wp\/v2\/product\/117405\/revisions"}],"wp:featuredmedia":[{"embeddable":true,"href":"https:\/\/staging6.peach-pump.com\/pl\/wp-json\/wp\/v2\/media\/116796"}],"wp:attachment":[{"href":"https:\/\/staging6.peach-pump.com\/pl\/wp-json\/wp\/v2\/media?parent=117405"}],"wp:term":[{"taxonomy":"product_brand","embeddable":true,"href":"https:\/\/staging6.peach-pump.com\/pl\/wp-json\/wp\/v2\/product_brand?post=117405"},{"taxonomy":"product_cat","embeddable":true,"href":"https:\/\/staging6.peach-pump.com\/pl\/wp-json\/wp\/v2\/product_cat?post=117405"},{"taxonomy":"product_tag","embeddable":true,"href":"https:\/\/staging6.peach-pump.com\/pl\/wp-json\/wp\/v2\/product_tag?post=117405"}],"curies":[{"name":"wp","href":"https:\/\/api.w.org\/{rel}","templated":true}]}}