{"id":118599,"date":"2025-06-11T11:07:35","date_gmt":"2025-06-11T09:07:35","guid":{"rendered":"https:\/\/staging6.peach-pump.com\/products\/bezszwowy-zielony-krotki-kombinezon-sportowy\/"},"modified":"2025-11-01T16:03:23","modified_gmt":"2025-11-01T14:03:23","slug":"bezszwowy-zielony-krotki-kombinezon-sportowy","status":"publish","type":"product","link":"https:\/\/staging6.peach-pump.com\/pl\/products\/bezszwowy-zielony-krotki-kombinezon-sportowy\/","title":{"rendered":"Bezszwowy zielony kr\u00f3tki kombinezon sportowy"},"content":{"rendered":"<p>Zielony, kr\u00f3tki sportowy kombinezon wykonany z bezszwowego, elastycznego materia\u0142u, kt\u00f3ry idealnie dopasowuje si\u0119 do cia\u0142a. Model posiada regulowane rami\u0105czka na plecach oraz wy\u017cszy stan z ty\u0142u, co zapewnia komfort podczas treningu. Ma wbudowane poduszki z efektem push-up, kt\u00f3re stabilizuj\u0105 biust i sprawiaj\u0105, \u017ce wygl\u0105da on pi\u0119knie bez stanika. Talia wykonana jest z pr\u0105\u017ckowanego materia\u0142u, kt\u00f3ry j\u0105 wysmukla i modeluje, a dodatkowo posiada wpleciony napis \u201ePeach Pump\u201d. Dolna cz\u0119\u015b\u0107 kombinezonu ma efekt \u201epeachy\u201d, kt\u00f3ry doskonale podkre\u015bla kszta\u0142ty. Dost\u0119pny r\u00f3wnie\u017c w innych, modnych w tym sezonie kolorach.     <\/p>\n<ul>\n<li>Tkanina bez szw\u00f3w<\/li>\n<li>Wpleciony napis \u201ePeach Pump\u201d w pasie \/ na talii.<\/li>\n<li>Regulowane paski<\/li>\n<li>Wk\u0142adki z efektem push-up<\/li>\n<li>Wci\u0119cia w talii, marszczenia i modelowanie<\/li>\n<li>Efekt Peachy<\/li>\n<li>Termicznie naklejone logo Peach Pump z boku i z ty\u0142u kombinezonu<\/li>\n<\/ul>\n<p>Sk\u0142ad: 80% poliester, 20% elastan.<\/p>\n<p>Modelka na zdj\u0119ciu ma 164 cm wzrostu, wa\u017cy 52 kg i pozuje w rozmiarze S.<\/p>\n<p>Kombinezon mo\u017cna pra\u0107 w temperaturze do 30 stopni, nie nale\u017cy go wybiela\u0107 ani czy\u015bci\u0107 chemicznie.<\/p>\n<p>Aby wybra\u0107 dok\u0142adny rozmiar, skorzystaj z tabel rozmiarowych.<\/p>\n","protected":false},"excerpt":{"rendered":"<p>Zielony, kr\u00f3tki sportowy kombinezon wykonany z bezszwowego, elastycznego materia\u0142u, kt\u00f3ry idealnie dopasowuje si\u0119 do cia\u0142a. Model posiada regulowane rami\u0105czka na plecach oraz wy\u017cszy stan z ty\u0142u, co zapewnia komfort podczas treningu. Ma wbudowane poduszki z efektem push-up, kt\u00f3re stabilizuj\u0105 biust i sprawiaj\u0105, \u017ce wygl\u0105da on pi\u0119knie bez stanika. Talia wykonana jest z pr\u0105\u017ckowanego materia\u0142u, kt\u00f3ry [&hellip;]<\/p>\n","protected":false},"featured_media":118252,"comment_status":"open","ping_status":"closed","template":"","meta":[],"product_brand":[],"product_cat":[1128,363],"product_tag":[],"class_list":{"0":"post-118599","1":"product","2":"type-product","3":"status-publish","4":"has-post-thumbnail","6":"product_cat-kombinezony-sportowe-damskie","7":"product_cat-krotkie-komplet-legginsy","8":"pa_cviat-zielony","9":"pa_razmer-m-pl-2","10":"pa_razmer-s-pl-2","11":"inventories-world","13":"first","14":"instock","15":"taxable","16":"shipping-taxable","17":"purchasable","18":"product-type-variable"},"_links":{"self":[{"href":"https:\/\/staging6.peach-pump.com\/pl\/wp-json\/wp\/v2\/product\/118599","targetHints":{"allow":["GET"]}}],"collection":[{"href":"https:\/\/staging6.peach-pump.com\/pl\/wp-json\/wp\/v2\/product"}],"about":[{"href":"https:\/\/staging6.peach-pump.com\/pl\/wp-json\/wp\/v2\/types\/product"}],"replies":[{"embeddable":true,"href":"https:\/\/staging6.peach-pump.com\/pl\/wp-json\/wp\/v2\/comments?post=118599"}],"version-history":[{"count":0,"href":"https:\/\/staging6.peach-pump.com\/pl\/wp-json\/wp\/v2\/product\/118599\/revisions"}],"wp:featuredmedia":[{"embeddable":true,"href":"https:\/\/staging6.peach-pump.com\/pl\/wp-json\/wp\/v2\/media\/118252"}],"wp:attachment":[{"href":"https:\/\/staging6.peach-pump.com\/pl\/wp-json\/wp\/v2\/media?parent=118599"}],"wp:term":[{"taxonomy":"product_brand","embeddable":true,"href":"https:\/\/staging6.peach-pump.com\/pl\/wp-json\/wp\/v2\/product_brand?post=118599"},{"taxonomy":"product_cat","embeddable":true,"href":"https:\/\/staging6.peach-pump.com\/pl\/wp-json\/wp\/v2\/product_cat?post=118599"},{"taxonomy":"product_tag","embeddable":true,"href":"https:\/\/staging6.peach-pump.com\/pl\/wp-json\/wp\/v2\/product_tag?post=118599"}],"curies":[{"name":"wp","href":"https:\/\/api.w.org\/{rel}","templated":true}]}}