{"id":120419,"date":"2025-06-18T18:02:45","date_gmt":"2025-06-18T16:02:45","guid":{"rendered":"https:\/\/staging6.peach-pump.com\/products\/czarny-biustonosz-sportowy-bez-ramiaczek\/"},"modified":"2025-11-09T08:54:27","modified_gmt":"2025-11-09T06:54:27","slug":"czarny-biustonosz-sportowy-bez-ramiaczek","status":"publish","type":"product","link":"https:\/\/staging6.peach-pump.com\/pl\/products\/czarny-biustonosz-sportowy-bez-ramiaczek\/","title":{"rendered":"Czarny biustonosz sportowy bez rami\u0105czek"},"content":{"rendered":"<p>Sportowe biustonosz bez rami\u0105czek w kolorze czarnym, z wyjmowanymi push-up wk\u0142adkami.<br \/>Idealny na lato \u2013 mo\u017cesz \u0142apa\u0107 opalenizn\u0119 podczas biegania bez \u015blad\u00f3w po rami\u0105czkach!<br \/>Dzi\u0119ki elastycznemu \u015bci\u0105gaczowi na dole, biust jest dobrze podtrzymywany, a Ty masz pe\u0142n\u0105 swobod\u0119 ruch\u00f3w.<br \/>Biustonosz \u015bwietnie komponuje si\u0119 zar\u00f3wno z kr\u00f3tkimi, jak i d\u0142ugimi legginsami w tym samym kolorze \u2013 tworz\u0105c perfekcyjny letni, sportowy look!   <\/p>\n<ul>\n<li>Wype\u0142nienie z efektem podnoszenia<\/li>\n<li>\u015aci\u0105gacz na dole<\/li>\n<li>Termicznie naklejone logo \u201ePeach Pump\u201d po lewej stronie biustonosza<\/li>\n<li>Tkanina, kt\u00f3ra nie zatrzymuje wilgoci w ciele<\/li>\n<\/ul>\n<p>Biustonosz mo\u017cna pra\u0107 w temperaturze do 30 stopni, nie nale\u017cy u\u017cywa\u0107 wybielaczy, suszy\u0107 w suszarce b\u0119bnowej ani czy\u015bci\u0107 chemicznie.<\/p>\n<p>Modelka na zdj\u0119ciu ma 167 cm wzrostu, wa\u017cy 52 kg i pozuje w rozmiarze M.<\/p>\n<p>Aby wybra\u0107 dok\u0142adny rozmiar, skorzystaj z tabel rozmiarowych<\/p>\n","protected":false},"excerpt":{"rendered":"<p>Sportowe biustonosz bez rami\u0105czek w kolorze czarnym, z wyjmowanymi push-up wk\u0142adkami.Idealny na lato \u2013 mo\u017cesz \u0142apa\u0107 opalenizn\u0119 podczas biegania bez \u015blad\u00f3w po rami\u0105czkach!Dzi\u0119ki elastycznemu \u015bci\u0105gaczowi na dole, biust jest dobrze podtrzymywany, a Ty masz pe\u0142n\u0105 swobod\u0119 ruch\u00f3w.Biustonosz \u015bwietnie komponuje si\u0119 zar\u00f3wno z kr\u00f3tkimi, jak i d\u0142ugimi legginsami w tym samym kolorze \u2013 tworz\u0105c perfekcyjny letni, [&hellip;]<\/p>\n","protected":false},"featured_media":119892,"comment_status":"open","ping_status":"closed","template":"","meta":[],"product_brand":[],"product_cat":[361],"product_tag":[],"class_list":{"0":"post-120419","1":"product","2":"type-product","3":"status-publish","4":"has-post-thumbnail","6":"product_cat-biustonosz-staniki-sportove","7":"pa_cviat-czarny","8":"pa_razmer-l-pl","9":"pa_razmer-m-pl-2","10":"pa_razmer-s-pl-2","11":"inventories-world","13":"first","14":"instock","15":"taxable","16":"shipping-taxable","17":"purchasable","18":"product-type-variable"},"_links":{"self":[{"href":"https:\/\/staging6.peach-pump.com\/en\/wp-json\/wp\/v2\/product\/120419","targetHints":{"allow":["GET"]}}],"collection":[{"href":"https:\/\/staging6.peach-pump.com\/en\/wp-json\/wp\/v2\/product"}],"about":[{"href":"https:\/\/staging6.peach-pump.com\/en\/wp-json\/wp\/v2\/types\/product"}],"replies":[{"embeddable":true,"href":"https:\/\/staging6.peach-pump.com\/en\/wp-json\/wp\/v2\/comments?post=120419"}],"version-history":[{"count":0,"href":"https:\/\/staging6.peach-pump.com\/en\/wp-json\/wp\/v2\/product\/120419\/revisions"}],"wp:featuredmedia":[{"embeddable":true,"href":"https:\/\/staging6.peach-pump.com\/en\/wp-json\/wp\/v2\/media\/119892"}],"wp:attachment":[{"href":"https:\/\/staging6.peach-pump.com\/en\/wp-json\/wp\/v2\/media?parent=120419"}],"wp:term":[{"taxonomy":"product_brand","embeddable":true,"href":"https:\/\/staging6.peach-pump.com\/en\/wp-json\/wp\/v2\/product_brand?post=120419"},{"taxonomy":"product_cat","embeddable":true,"href":"https:\/\/staging6.peach-pump.com\/en\/wp-json\/wp\/v2\/product_cat?post=120419"},{"taxonomy":"product_tag","embeddable":true,"href":"https:\/\/staging6.peach-pump.com\/en\/wp-json\/wp\/v2\/product_tag?post=120419"}],"curies":[{"name":"wp","href":"https:\/\/api.w.org\/{rel}","templated":true}]}}