{"id":120847,"date":"2025-06-15T22:11:57","date_gmt":"2025-06-15T20:11:57","guid":{"rendered":"https:\/\/staging6.peach-pump.com\/products\/czarne-damskie-legginsy-sportowe-o-prostym-kroju\/"},"modified":"2025-11-01T16:02:00","modified_gmt":"2025-11-01T14:02:00","slug":"czarne-damskie-legginsy-sportowe-o-prostym-kroju","status":"publish","type":"product","link":"https:\/\/staging6.peach-pump.com\/pl\/products\/czarne-damskie-legginsy-sportowe-o-prostym-kroju\/","title":{"rendered":"Czarne damskie legginsy sportowe o prostym kroju"},"content":{"rendered":"<p>Damskie czarne sportowe legginsy o prostym designie, bez modeluj\u0105cego efektu.<br \/>Model nie posiada szwu z przodu, co jest preferowane przez wi\u0119kszo\u015b\u0107 kobiet, i ma szew z ty\u0142u leggins\u00f3w.<br \/>Elastyczny, letni materia\u0142 dopasowuje si\u0119 do sylwetki, a szeroki pas podkre\u015bla tali\u0119.<br \/>Legginsy maj\u0105 3D logo z przodu i z ty\u0142u.<br \/>Szwy s\u0105 p\u0142askie i nie powoduj\u0105 podra\u017cnie\u0144.<br \/>Odpowiednie do trening\u00f3w si\u0142owych i aerobowych, nie zatrzymuj\u0105 wilgoci w ciele.<br \/>Mo\u017cna je po\u0142\u0105czy\u0107 z kr\u00f3tk\u0105 bluz\u0105 wykonan\u0105 z tego samego materia\u0142u, tworz\u0105c komplet.      <\/p>\n<ul>\n<li>Rozci\u0105gliwy, lekki letni materia\u0142<\/li>\n<li>P\u0142askie szwy<\/li>\n<li>Bez szwu z przodu<\/li>\n<li>Szew z ty\u0142u leggins\u00f3w<\/li>\n<li>Szeroki pasek podkre\u015blaj\u0105cy tali\u0119<\/li>\n<li>Logo 3D \u201ePeach Pump\u201d z ty\u0142u i z przodu leggins\u00f3w<\/li>\n<li>Tkanina, kt\u00f3ra nie zatrzymuje wilgoci w ciele<\/li>\n<\/ul>\n<p>Sk\u0142ad: elastan i poliester<\/p>\n<p>Legginsy mo\u017cna pra\u0107 w temperaturze do 30 stopni, nie wybiela\u0107, nie suszy\u0107 w suszarce b\u0119bnowej ani nie czy\u015bci\u0107 chemicznie.<\/p>\n<p>Modelka na zdj\u0119ciu ma 178 cm wzrostu, wa\u017cy 57 kg i pozuje w rozmiarze M.<\/p>\n<p>Aby wybra\u0107 dok\u0142adny rozmiar, skorzystaj z tabel rozmiarowych<\/p>\n","protected":false},"excerpt":{"rendered":"<p>Damskie czarne sportowe legginsy o prostym designie, bez modeluj\u0105cego efektu.Model nie posiada szwu z przodu, co jest preferowane przez wi\u0119kszo\u015b\u0107 kobiet, i ma szew z ty\u0142u leggins\u00f3w.Elastyczny, letni materia\u0142 dopasowuje si\u0119 do sylwetki, a szeroki pas podkre\u015bla tali\u0119.Legginsy maj\u0105 3D logo z przodu i z ty\u0142u.Szwy s\u0105 p\u0142askie i nie powoduj\u0105 podra\u017cnie\u0144.Odpowiednie do trening\u00f3w si\u0142owych [&hellip;]<\/p>\n","protected":false},"featured_media":118813,"comment_status":"open","ping_status":"closed","template":"","meta":[],"product_brand":[],"product_cat":[144,307],"product_tag":[],"class_list":{"0":"post-120847","1":"product","2":"type-product","3":"status-publish","4":"has-post-thumbnail","6":"product_cat-legginsy-sportowe-damskie","7":"product_cat-legginsy-damskie-dlugie","8":"pa_cviat-czarny","9":"pa_razmer-l-pl","10":"pa_razmer-m-pl-2","11":"pa_razmer-s-pl-2","12":"inventories-world","14":"first","15":"instock","16":"taxable","17":"shipping-taxable","18":"purchasable","19":"product-type-variable"},"_links":{"self":[{"href":"https:\/\/staging6.peach-pump.com\/en\/wp-json\/wp\/v2\/product\/120847","targetHints":{"allow":["GET"]}}],"collection":[{"href":"https:\/\/staging6.peach-pump.com\/en\/wp-json\/wp\/v2\/product"}],"about":[{"href":"https:\/\/staging6.peach-pump.com\/en\/wp-json\/wp\/v2\/types\/product"}],"replies":[{"embeddable":true,"href":"https:\/\/staging6.peach-pump.com\/en\/wp-json\/wp\/v2\/comments?post=120847"}],"version-history":[{"count":0,"href":"https:\/\/staging6.peach-pump.com\/en\/wp-json\/wp\/v2\/product\/120847\/revisions"}],"wp:featuredmedia":[{"embeddable":true,"href":"https:\/\/staging6.peach-pump.com\/en\/wp-json\/wp\/v2\/media\/118813"}],"wp:attachment":[{"href":"https:\/\/staging6.peach-pump.com\/en\/wp-json\/wp\/v2\/media?parent=120847"}],"wp:term":[{"taxonomy":"product_brand","embeddable":true,"href":"https:\/\/staging6.peach-pump.com\/en\/wp-json\/wp\/v2\/product_brand?post=120847"},{"taxonomy":"product_cat","embeddable":true,"href":"https:\/\/staging6.peach-pump.com\/en\/wp-json\/wp\/v2\/product_cat?post=120847"},{"taxonomy":"product_tag","embeddable":true,"href":"https:\/\/staging6.peach-pump.com\/en\/wp-json\/wp\/v2\/product_tag?post=120847"}],"curies":[{"name":"wp","href":"https:\/\/api.w.org\/{rel}","templated":true}]}}