{"id":121857,"date":"2025-06-24T11:15:13","date_gmt":"2025-06-24T09:15:13","guid":{"rendered":"https:\/\/staging6.peach-pump.com\/products\/biale-sportowe-skarpetki-peach-pump-z-niebieska-falowana-lamowka\/"},"modified":"2025-11-01T15:42:50","modified_gmt":"2025-11-01T13:42:50","slug":"biale-sportowe-skarpetki-peach-pump-z-niebieska-falowana-lamowka","status":"publish","type":"product","link":"https:\/\/staging6.peach-pump.com\/pl\/products\/biale-sportowe-skarpetki-peach-pump-z-niebieska-falowana-lamowka\/","title":{"rendered":"Bia\u0142e sportowe skarpetki Peach Pump z niebiesk\u0105 falowan\u0105 lam\u00f3wk\u0105."},"content":{"rendered":"<p>Bia\u0142e sportowe skarpetki z haftowan\u0105, niebiesk\u0105 falowan\u0105 lam\u00f3wk\u0105 i niebieskim haftem Peach Pump.<br \/>Maj\u0105 wzmocnion\u0105 doln\u0105 cz\u0119\u015b\u0107 i zapewniaj\u0105 wytrzyma\u0142o\u015b\u0107, stabilno\u015b\u0107 oraz amortyzacj\u0119 podczas ruchu.<br \/>Odpowiednie do ka\u017cdego rodzaju aktywno\u015bci \u2013 jogi, pilatesu, fitnessu, biegania czy spacer\u00f3w w parku.<br \/>Skarpetki s\u0105 bawe\u0142niane i mi\u0119kkie, skutecznie odprowadzaj\u0105 wilgo\u0107.<br \/>Stanowi\u0105 idealne dope\u0142nienie Twojego sportowego looku.    <\/p>\n<ul>\n<li>Mi\u0119kki materia\u0142<\/li>\n<li>Falowana haftowana lam\u00f3wka<\/li>\n<li>Wysoka jako\u015b\u0107<\/li>\n<li>Elastyczno\u015b\u0107<\/li>\n<li>80% bawe\u0142na<\/li>\n<li>Haftowane logo Peach Pump<\/li>\n<li>Wzmocniona podeszwa zapewnia trwa\u0142o\u015b\u0107<\/li>\n<\/ul>\n<p>80% bawe\u0142na, 17% poliester, 3% elastan<\/p>\n<p>Mo\u017cna pra\u0107 w temperaturze 40\u00b0C bez czyszczenia chemicznego, suszy\u0107 w niskiej temperaturze.<\/p>\n<p>Skarpety nie podlegaj\u0105 zwrotowi ani wymianie!<\/p>\n","protected":false},"excerpt":{"rendered":"<p>Bia\u0142e sportowe skarpetki z haftowan\u0105, niebiesk\u0105 falowan\u0105 lam\u00f3wk\u0105 i niebieskim haftem Peach Pump.Maj\u0105 wzmocnion\u0105 doln\u0105 cz\u0119\u015b\u0107 i zapewniaj\u0105 wytrzyma\u0142o\u015b\u0107, stabilno\u015b\u0107 oraz amortyzacj\u0119 podczas ruchu.Odpowiednie do ka\u017cdego rodzaju aktywno\u015bci \u2013 jogi, pilatesu, fitnessu, biegania czy spacer\u00f3w w parku.Skarpetki s\u0105 bawe\u0142niane i mi\u0119kkie, skutecznie odprowadzaj\u0105 wilgo\u0107.Stanowi\u0105 idealne dope\u0142nienie Twojego sportowego looku. Mi\u0119kki materia\u0142 Falowana haftowana lam\u00f3wka Wysoka [&hellip;]<\/p>\n","protected":false},"featured_media":121380,"comment_status":"open","ping_status":"closed","template":"","meta":[],"product_brand":[],"product_cat":[861],"product_tag":[],"class_list":{"0":"post-121857","1":"product","2":"type-product","3":"status-publish","4":"has-post-thumbnail","6":"product_cat-akcesoria","7":"pa_cviat-niebieski","8":"pa_razmer-one-size-pl","9":"inventories-world","11":"first","12":"instock","13":"taxable","14":"shipping-taxable","15":"purchasable","16":"product-type-variable"},"_links":{"self":[{"href":"https:\/\/staging6.peach-pump.com\/pl\/wp-json\/wp\/v2\/product\/121857","targetHints":{"allow":["GET"]}}],"collection":[{"href":"https:\/\/staging6.peach-pump.com\/pl\/wp-json\/wp\/v2\/product"}],"about":[{"href":"https:\/\/staging6.peach-pump.com\/pl\/wp-json\/wp\/v2\/types\/product"}],"replies":[{"embeddable":true,"href":"https:\/\/staging6.peach-pump.com\/pl\/wp-json\/wp\/v2\/comments?post=121857"}],"version-history":[{"count":0,"href":"https:\/\/staging6.peach-pump.com\/pl\/wp-json\/wp\/v2\/product\/121857\/revisions"}],"wp:featuredmedia":[{"embeddable":true,"href":"https:\/\/staging6.peach-pump.com\/pl\/wp-json\/wp\/v2\/media\/121380"}],"wp:attachment":[{"href":"https:\/\/staging6.peach-pump.com\/pl\/wp-json\/wp\/v2\/media?parent=121857"}],"wp:term":[{"taxonomy":"product_brand","embeddable":true,"href":"https:\/\/staging6.peach-pump.com\/pl\/wp-json\/wp\/v2\/product_brand?post=121857"},{"taxonomy":"product_cat","embeddable":true,"href":"https:\/\/staging6.peach-pump.com\/pl\/wp-json\/wp\/v2\/product_cat?post=121857"},{"taxonomy":"product_tag","embeddable":true,"href":"https:\/\/staging6.peach-pump.com\/pl\/wp-json\/wp\/v2\/product_tag?post=121857"}],"curies":[{"name":"wp","href":"https:\/\/api.w.org\/{rel}","templated":true}]}}