{"id":122194,"date":"2025-06-24T10:28:25","date_gmt":"2025-06-24T08:28:25","guid":{"rendered":"https:\/\/staging6.peach-pump.com\/products\/biale-sportowe-skarpetki-z-czarnym-antyposlizgowym-wykonczeniem-peach-pump\/"},"modified":"2025-11-10T13:32:03","modified_gmt":"2025-11-10T11:32:03","slug":"biale-sportowe-skarpetki-z-czarnym-antyposlizgowym-wykonczeniem-peach-pump","status":"publish","type":"product","link":"https:\/\/staging6.peach-pump.com\/pl\/products\/biale-sportowe-skarpetki-z-czarnym-antyposlizgowym-wykonczeniem-peach-pump\/","title":{"rendered":"Bia\u0142e sportowe skarpetki z czarnym antypo\u015blizgowym wyko\u0144czeniem Peach Pump."},"content":{"rendered":"<p>Bia\u0142e sportowe skarpetki z czarnym antypo\u015blizgowym wyko\u0144czeniem Peach Pump.<br \/>Maj\u0105 wzmocnion\u0105 doln\u0105 cz\u0119\u015b\u0107 i zapewniaj\u0105 trwa\u0142o\u015b\u0107 oraz amortyzacj\u0119 podczas ruchu.<br \/>Antypo\u015blizgowe serduszka zapewniaj\u0105 stabilno\u015b\u0107 podczas jogi, pilatesu i innych aktywno\u015bci, a ich p\u0142aska powierzchnia sprawia, \u017ce s\u0105 wygodne r\u00f3wnie\u017c w butach sportowych \u2013 nie s\u0105 wyczuwalne.<br \/>Posiadaj\u0105 czarne haftowane logo Peach Pump.<br \/>Skarpetki s\u0105 bawe\u0142niane, mi\u0119kkie i skutecznie odprowadzaj\u0105 wilgo\u0107.   <\/p>\n<ul>\n<li>Mi\u0119kki materia\u0142<\/li>\n<li>Antypo\u015blizgowo\u015b\u0107<\/li>\n<li>Wysoka jako\u015b\u0107<\/li>\n<li>Elastyczno\u015b\u0107<\/li>\n<li>80% bawe\u0142na<\/li>\n<li>Haftowane logo Peach Pump<\/li>\n<li>Wzmocniona podeszwa zapewnia trwa\u0142o\u015b\u0107<\/li>\n<\/ul>\n<p>80% bawe\u0142na, 17% poliester, 3% elastan<\/p>\n<p>Mo\u017cna pra\u0107 w temperaturze 40\u00b0C bez czyszczenia chemicznego, suszy\u0107 w niskiej temperaturze.<\/p>\n<p>Skarpety nie podlegaj\u0105 zwrotowi ani wymianie!<\/p>\n","protected":false},"excerpt":{"rendered":"<p>Bia\u0142e sportowe skarpetki z czarnym antypo\u015blizgowym wyko\u0144czeniem Peach Pump.Maj\u0105 wzmocnion\u0105 doln\u0105 cz\u0119\u015b\u0107 i zapewniaj\u0105 trwa\u0142o\u015b\u0107 oraz amortyzacj\u0119 podczas ruchu.Antypo\u015blizgowe serduszka zapewniaj\u0105 stabilno\u015b\u0107 podczas jogi, pilatesu i innych aktywno\u015bci, a ich p\u0142aska powierzchnia sprawia, \u017ce s\u0105 wygodne r\u00f3wnie\u017c w butach sportowych \u2013 nie s\u0105 wyczuwalne.Posiadaj\u0105 czarne haftowane logo Peach Pump.Skarpetki s\u0105 bawe\u0142niane, mi\u0119kkie i skutecznie odprowadzaj\u0105 [&hellip;]<\/p>\n","protected":false},"featured_media":121308,"comment_status":"open","ping_status":"closed","template":"","meta":[],"product_brand":[],"product_cat":[861],"product_tag":[],"class_list":{"0":"post-122194","1":"product","2":"type-product","3":"status-publish","4":"has-post-thumbnail","6":"product_cat-akcesoria","7":"pa_cviat-bialy-czarny","8":"pa_razmer-one-size-pl","9":"inventories-world","11":"first","12":"instock","13":"taxable","14":"shipping-taxable","15":"purchasable","16":"product-type-variable"},"_links":{"self":[{"href":"https:\/\/staging6.peach-pump.com\/pl\/wp-json\/wp\/v2\/product\/122194","targetHints":{"allow":["GET"]}}],"collection":[{"href":"https:\/\/staging6.peach-pump.com\/pl\/wp-json\/wp\/v2\/product"}],"about":[{"href":"https:\/\/staging6.peach-pump.com\/pl\/wp-json\/wp\/v2\/types\/product"}],"replies":[{"embeddable":true,"href":"https:\/\/staging6.peach-pump.com\/pl\/wp-json\/wp\/v2\/comments?post=122194"}],"version-history":[{"count":0,"href":"https:\/\/staging6.peach-pump.com\/pl\/wp-json\/wp\/v2\/product\/122194\/revisions"}],"wp:featuredmedia":[{"embeddable":true,"href":"https:\/\/staging6.peach-pump.com\/pl\/wp-json\/wp\/v2\/media\/121308"}],"wp:attachment":[{"href":"https:\/\/staging6.peach-pump.com\/pl\/wp-json\/wp\/v2\/media?parent=122194"}],"wp:term":[{"taxonomy":"product_brand","embeddable":true,"href":"https:\/\/staging6.peach-pump.com\/pl\/wp-json\/wp\/v2\/product_brand?post=122194"},{"taxonomy":"product_cat","embeddable":true,"href":"https:\/\/staging6.peach-pump.com\/pl\/wp-json\/wp\/v2\/product_cat?post=122194"},{"taxonomy":"product_tag","embeddable":true,"href":"https:\/\/staging6.peach-pump.com\/pl\/wp-json\/wp\/v2\/product_tag?post=122194"}],"curies":[{"name":"wp","href":"https:\/\/api.w.org\/{rel}","templated":true}]}}