{"id":123694,"date":"2025-07-04T14:17:53","date_gmt":"2025-07-04T12:17:53","guid":{"rendered":"https:\/\/staging6.peach-pump.com\/?post_type=product&p=123694"},"modified":"2025-11-01T15:27:10","modified_gmt":"2025-11-01T13:27:10","slug":"niebieski-sportowy-biustonosz-z-dekoltem-w-ksztalcie-litery-v-i-biala-lamowka","status":"publish","type":"product","link":"https:\/\/staging6.peach-pump.com\/pl\/products\/niebieski-sportowy-biustonosz-z-dekoltem-w-ksztalcie-litery-v-i-biala-lamowka\/","title":{"rendered":"Niebieski sportowy biustonosz z dekoltem w kszta\u0142cie litery V i bia\u0142\u0105 lam\u00f3wk\u0105."},"content":{"rendered":"<p>Niebieski sportowy biustonosz z dekoltem w kszta\u0142cie litery V i bia\u0142\u0105 lam\u00f3wk\u0105, kt\u00f3r\u0105 mo\u017cna schowa\u0107. Model posiada super push-up wk\u0142adki, kt\u00f3re mo\u017cna wyj\u0105\u0107. Materia\u0142 biustonosza jest wyj\u0105tkowo delikatny i elastyczny, nie zatrzymuje wilgoci w ciele, dzi\u0119ki czemu idealnie nadaje si\u0119 do biegania, fitnessu, jogi, tenisa lub innych sport\u00f3w. Posiada szerok\u0105 gum\u0119 pod biustem, kt\u00f3ra zapewnia komfort i swobod\u0119 ruchu. Design modelu jest bardzo modny, dost\u0119pny w kilku kolorach i mo\u017cna go po\u0142\u0105czy\u0107 w zestaw z kr\u00f3tk\u0105 sp\u00f3dniczk\u0105 lub legginsami. Z przodu i z ty\u0142u biustonosza znajduje si\u0119 bia\u0142e termicznie nadrukowane logo.     <\/p>\n<ul>\n<li>Ciekawy kr\u00f3j<\/li>\n<li>G\u0142\u0119boki dekolt V<\/li>\n<li>Super wk\u0142adki push-up, kt\u00f3re mo\u017cna wyj\u0105\u0107<\/li>\n<li>Szeroka gumka pod biustem<\/li>\n<li>Termicznie naklejone logo &#8220;Peach Pump&#8221; z przodu i z ty\u0142u biustonosza<\/li>\n<li>Tkanina, kt\u00f3ra nie zatrzymuje wilgoci w ciele<\/li>\n<\/ul>\n<p>70% poliester 30% elastan<\/p>\n<p>Biustonosz mo\u017cna pra\u0107 w temperaturze do 30 stopni. Nie wybiela\u0107. Nie czy\u015bci\u0107 chemicznie.<\/p>\n<p>Modelka na zdj\u0119ciu ma 179 m wzrostu, wa\u017cy 58 kg i pozuje w rozmiarze M.<\/p>\n<p>Aby wybra\u0107 dok\u0142adny rozmiar, skorzystaj z tabel rozmiarowych.<\/p>\n","protected":false},"excerpt":{"rendered":"<p>Niebieski sportowy biustonosz z dekoltem w kszta\u0142cie litery V i bia\u0142\u0105 lam\u00f3wk\u0105, kt\u00f3r\u0105 mo\u017cna schowa\u0107. Model posiada super push-up wk\u0142adki, kt\u00f3re mo\u017cna wyj\u0105\u0107. Materia\u0142 biustonosza jest wyj\u0105tkowo delikatny i elastyczny, nie zatrzymuje wilgoci w ciele, dzi\u0119ki czemu idealnie nadaje si\u0119 do biegania, fitnessu, jogi, tenisa lub innych sport\u00f3w. Posiada szerok\u0105 gum\u0119 pod biustem, kt\u00f3ra zapewnia [&hellip;]<\/p>\n","protected":false},"featured_media":133406,"comment_status":"open","ping_status":"closed","template":"","meta":[],"product_brand":[],"product_cat":[361],"product_tag":[],"class_list":{"0":"post-123694","1":"product","2":"type-product","3":"status-publish","4":"has-post-thumbnail","6":"product_cat-biustonosz-staniki-sportove","7":"pa_cviat-niebieski","8":"pa_razmer-l-pl","9":"pa_razmer-m-pl-2","10":"pa_razmer-s-pl-2","11":"inventories-world","13":"first","14":"instock","15":"taxable","16":"shipping-taxable","17":"purchasable","18":"product-type-variable"},"_links":{"self":[{"href":"https:\/\/staging6.peach-pump.com\/pl\/wp-json\/wp\/v2\/product\/123694","targetHints":{"allow":["GET"]}}],"collection":[{"href":"https:\/\/staging6.peach-pump.com\/pl\/wp-json\/wp\/v2\/product"}],"about":[{"href":"https:\/\/staging6.peach-pump.com\/pl\/wp-json\/wp\/v2\/types\/product"}],"replies":[{"embeddable":true,"href":"https:\/\/staging6.peach-pump.com\/pl\/wp-json\/wp\/v2\/comments?post=123694"}],"version-history":[{"count":0,"href":"https:\/\/staging6.peach-pump.com\/pl\/wp-json\/wp\/v2\/product\/123694\/revisions"}],"wp:featuredmedia":[{"embeddable":true,"href":"https:\/\/staging6.peach-pump.com\/pl\/wp-json\/wp\/v2\/media\/133406"}],"wp:attachment":[{"href":"https:\/\/staging6.peach-pump.com\/pl\/wp-json\/wp\/v2\/media?parent=123694"}],"wp:term":[{"taxonomy":"product_brand","embeddable":true,"href":"https:\/\/staging6.peach-pump.com\/pl\/wp-json\/wp\/v2\/product_brand?post=123694"},{"taxonomy":"product_cat","embeddable":true,"href":"https:\/\/staging6.peach-pump.com\/pl\/wp-json\/wp\/v2\/product_cat?post=123694"},{"taxonomy":"product_tag","embeddable":true,"href":"https:\/\/staging6.peach-pump.com\/pl\/wp-json\/wp\/v2\/product_tag?post=123694"}],"curies":[{"name":"wp","href":"https:\/\/api.w.org\/{rel}","templated":true}]}}