{"id":123698,"date":"2025-07-04T14:08:25","date_gmt":"2025-07-04T12:08:25","guid":{"rendered":"https:\/\/staging6.peach-pump.com\/?post_type=product&p=123698"},"modified":"2025-11-08T12:08:41","modified_gmt":"2025-11-08T10:08:41","slug":"rozowy-biustonosz-sportowy-z-dekoltem-w-ksztalcie-litery-v-i-biala-lamowka","status":"publish","type":"product","link":"https:\/\/staging6.peach-pump.com\/pl\/products\/rozowy-biustonosz-sportowy-z-dekoltem-w-ksztalcie-litery-v-i-biala-lamowka\/","title":{"rendered":"R\u00f3\u017cowy biustonosz sportowy z dekoltem w kszta\u0142cie litery V i bia\u0142\u0105 lam\u00f3wk\u0105."},"content":{"rendered":"<p>R\u00f3\u017cowy biustonosz sportowy z dekoltem w kszta\u0142cie litery V i bia\u0142\u0105 lam\u00f3wk\u0105, kt\u00f3r\u0105 mo\u017cna schowa\u0107. Model posiada wyjmowane super push-up wk\u0142adki. Materia\u0142 stanika jest wyj\u0105tkowo delikatny i elastyczny, nie zatrzymuje wilgoci w ciele, dlatego idealnie nadaje si\u0119 do biegania, fitnessu, jogi, tenisa lub innego rodzaju sportu. Pod biustem znajduje si\u0119 szeroka gumka, kt\u00f3ra zapewnia komfort i swobod\u0119 ruch\u00f3w. Model ma bardzo modny design, dost\u0119pny jest w kilku kolorach i mo\u017cna go zestawi\u0107 w komplet z kr\u00f3tk\u0105 sp\u00f3dniczk\u0105 lub legginsami. Na przodzie i tyle stanika znajduje si\u0119 termicznie wyt\u0142oczone bia\u0142e logo.     <\/p>\n<ul>\n<li>Ciekawy kr\u00f3j<\/li>\n<li>G\u0142\u0119boki dekolt V<\/li>\n<li>Super wk\u0142adki push-up, kt\u00f3re mo\u017cna wyj\u0105\u0107<\/li>\n<li>Szeroka gumka pod biustem<\/li>\n<li>Termicznie naklejone logo &#8220;Peach Pump&#8221; z przodu i z ty\u0142u biustonosza<\/li>\n<li>Tkanina, kt\u00f3ra nie zatrzymuje wilgoci w ciele<\/li>\n<\/ul>\n<p>70% poliester 30% elastan<\/p>\n<p>Biustonosz mo\u017cna pra\u0107 w temperaturze do 30 stopni. Nie wybiela\u0107. Nie czy\u015bci\u0107 chemicznie.<\/p>\n<p>Modelka na zdj\u0119ciu ma 179 m wzrostu, wa\u017cy 58 kg i pozuje w rozmiarze M.<\/p>\n<p>Aby wybra\u0107 dok\u0142adny rozmiar, skorzystaj z tabel rozmiarowych.<\/p>\n","protected":false},"excerpt":{"rendered":"<p>R\u00f3\u017cowy biustonosz sportowy z dekoltem w kszta\u0142cie litery V i bia\u0142\u0105 lam\u00f3wk\u0105, kt\u00f3r\u0105 mo\u017cna schowa\u0107. Model posiada wyjmowane super push-up wk\u0142adki. Materia\u0142 stanika jest wyj\u0105tkowo delikatny i elastyczny, nie zatrzymuje wilgoci w ciele, dlatego idealnie nadaje si\u0119 do biegania, fitnessu, jogi, tenisa lub innego rodzaju sportu. Pod biustem znajduje si\u0119 szeroka gumka, kt\u00f3ra zapewnia komfort [&hellip;]<\/p>\n","protected":false},"featured_media":123166,"comment_status":"open","ping_status":"closed","template":"","meta":[],"product_brand":[],"product_cat":[361],"product_tag":[],"class_list":{"0":"post-123698","1":"product","2":"type-product","3":"status-publish","4":"has-post-thumbnail","6":"product_cat-biustonosz-staniki-sportove","7":"pa_cviat-rozowy","8":"pa_razmer-l-pl","9":"pa_razmer-m-pl-2","10":"pa_razmer-s-pl-2","11":"inventories-world","13":"first","14":"instock","15":"taxable","16":"shipping-taxable","17":"purchasable","18":"product-type-variable"},"_links":{"self":[{"href":"https:\/\/staging6.peach-pump.com\/pl\/wp-json\/wp\/v2\/product\/123698","targetHints":{"allow":["GET"]}}],"collection":[{"href":"https:\/\/staging6.peach-pump.com\/pl\/wp-json\/wp\/v2\/product"}],"about":[{"href":"https:\/\/staging6.peach-pump.com\/pl\/wp-json\/wp\/v2\/types\/product"}],"replies":[{"embeddable":true,"href":"https:\/\/staging6.peach-pump.com\/pl\/wp-json\/wp\/v2\/comments?post=123698"}],"version-history":[{"count":0,"href":"https:\/\/staging6.peach-pump.com\/pl\/wp-json\/wp\/v2\/product\/123698\/revisions"}],"wp:featuredmedia":[{"embeddable":true,"href":"https:\/\/staging6.peach-pump.com\/pl\/wp-json\/wp\/v2\/media\/123166"}],"wp:attachment":[{"href":"https:\/\/staging6.peach-pump.com\/pl\/wp-json\/wp\/v2\/media?parent=123698"}],"wp:term":[{"taxonomy":"product_brand","embeddable":true,"href":"https:\/\/staging6.peach-pump.com\/pl\/wp-json\/wp\/v2\/product_brand?post=123698"},{"taxonomy":"product_cat","embeddable":true,"href":"https:\/\/staging6.peach-pump.com\/pl\/wp-json\/wp\/v2\/product_cat?post=123698"},{"taxonomy":"product_tag","embeddable":true,"href":"https:\/\/staging6.peach-pump.com\/pl\/wp-json\/wp\/v2\/product_tag?post=123698"}],"curies":[{"name":"wp","href":"https:\/\/api.w.org\/{rel}","templated":true}]}}