{"id":123750,"date":"2025-07-04T12:14:27","date_gmt":"2025-07-04T10:14:27","guid":{"rendered":"https:\/\/staging6.peach-pump.com\/?post_type=product&#038;p=123750"},"modified":"2025-11-05T06:59:15","modified_gmt":"2025-11-05T04:59:15","slug":"czarna-spodniczka-sportowa-z-malym-rozcieciem-i-biala-lamowka","status":"publish","type":"product","link":"https:\/\/staging6.peach-pump.com\/pl\/products\/czarna-spodniczka-sportowa-z-malym-rozcieciem-i-biala-lamowka\/","title":{"rendered":"Czarna sp\u00f3dniczka sportowa z ma\u0142ym rozci\u0119ciem i bia\u0142\u0105 lam\u00f3wk\u0105"},"content":{"rendered":"<p>Czarna sportowa sp\u00f3dniczka z ma\u0142ym rozci\u0119ciem, bia\u0142\u0105 lam\u00f3wk\u0105 i wewn\u0119trznymi spodenkami z bocznymi kieszeniami. Sp\u00f3dniczka ma delikatn\u0105 bia\u0142\u0105 lam\u00f3wk\u0119 na brzegach oraz elastyczny pas, kt\u00f3ry podkre\u015bla tali\u0119. Z ty\u0142u znajduje si\u0119 napis \u201ePeach Pump\u201d, a z przodu \u2013 termicznie wprasowane logo po lewej stronie. Model z wysokim stanem pi\u0119knie modeluje sylwetk\u0119, a wbudowane spodenki zapewniaj\u0105 pe\u0142n\u0105 swobod\u0119 ruch\u00f3w podczas uprawiania ulubionego sportu. Boczne kieszenie s\u0105 g\u0142\u0119bokie i bez problemu zmieszcz\u0105 telefon. Sp\u00f3dniczka \u015bwietnie sprawdzi si\u0119 na spacer w parku, si\u0142owni\u0119, tenis czy siatk\u00f3wk\u0119. Mo\u017cna j\u0105 po\u0142\u0105czy\u0107 z biustonoszem sportowym z naszej kolekcji w tym samym stylu.     <\/p>\n<ul>\n<li>Wysoki stan<\/li>\n<li>Dyskretna rozci\u0119cie<\/li>\n<li>Kr\u00f3tkie legginsy (wewn\u0119trzne spodenki) z bocznymi kieszeniami.<\/li>\n<li>Napis &#8220;Peach Pump&#8221; z ty\u0142u gumki<\/li>\n<li>Termicznie naklejone logo &#8220;Peach Pump&#8221; z przodu sp\u00f3dnicy<\/li>\n<li>Tkanina, kt\u00f3ra nie zatrzymuje wilgoci w ciele<\/li>\n<\/ul>\n<p>Sk\u0142ad: 70% Nylon 30% Spandex<\/p>\n<p>Sp\u00f3dniczk\u0119 mo\u017cna pra\u0107 w temperaturze do 30 stopni, nie nale\u017cy u\u017cywa\u0107 wybielaczy ani czy\u015bci\u0107 chemicznie.<\/p>\n<p>Modelka na zdj\u0119ciu ma 179 cm wzrostu, wa\u017cy 58 kg i pozuje w rozmiarze M.<\/p>\n","protected":false},"excerpt":{"rendered":"<p>Czarna sportowa sp\u00f3dniczka z ma\u0142ym rozci\u0119ciem, bia\u0142\u0105 lam\u00f3wk\u0105 i wewn\u0119trznymi spodenkami z bocznymi kieszeniami. Sp\u00f3dniczka ma delikatn\u0105 bia\u0142\u0105 lam\u00f3wk\u0119 na brzegach oraz elastyczny pas, kt\u00f3ry podkre\u015bla tali\u0119. Z ty\u0142u znajduje si\u0119 napis \u201ePeach Pump\u201d, a z przodu \u2013 termicznie wprasowane logo po lewej stronie. Model z wysokim stanem pi\u0119knie modeluje sylwetk\u0119, a wbudowane spodenki zapewniaj\u0105 [&hellip;]<\/p>\n","protected":false},"featured_media":122946,"comment_status":"open","ping_status":"closed","template":"","meta":[],"product_brand":[],"product_cat":[201,190,1176],"product_tag":[],"class_list":{"0":"post-123750","1":"product","2":"type-product","3":"status-publish","4":"has-post-thumbnail","6":"product_cat-krotkie-legginsy","7":"product_cat-legginsy-z-kieszeniami","8":"product_cat-spodnice-i-sukienki-sportowe","9":"pa_cviat-czarny","10":"pa_razmer-l-pl","11":"pa_razmer-m-pl-2","12":"pa_razmer-s-pl-2","13":"inventories-world","15":"first","16":"instock","17":"taxable","18":"shipping-taxable","19":"purchasable","20":"product-type-variable"},"_links":{"self":[{"href":"https:\/\/staging6.peach-pump.com\/pl\/wp-json\/wp\/v2\/product\/123750","targetHints":{"allow":["GET"]}}],"collection":[{"href":"https:\/\/staging6.peach-pump.com\/pl\/wp-json\/wp\/v2\/product"}],"about":[{"href":"https:\/\/staging6.peach-pump.com\/pl\/wp-json\/wp\/v2\/types\/product"}],"replies":[{"embeddable":true,"href":"https:\/\/staging6.peach-pump.com\/pl\/wp-json\/wp\/v2\/comments?post=123750"}],"version-history":[{"count":0,"href":"https:\/\/staging6.peach-pump.com\/pl\/wp-json\/wp\/v2\/product\/123750\/revisions"}],"wp:featuredmedia":[{"embeddable":true,"href":"https:\/\/staging6.peach-pump.com\/pl\/wp-json\/wp\/v2\/media\/122946"}],"wp:attachment":[{"href":"https:\/\/staging6.peach-pump.com\/pl\/wp-json\/wp\/v2\/media?parent=123750"}],"wp:term":[{"taxonomy":"product_brand","embeddable":true,"href":"https:\/\/staging6.peach-pump.com\/pl\/wp-json\/wp\/v2\/product_brand?post=123750"},{"taxonomy":"product_cat","embeddable":true,"href":"https:\/\/staging6.peach-pump.com\/pl\/wp-json\/wp\/v2\/product_cat?post=123750"},{"taxonomy":"product_tag","embeddable":true,"href":"https:\/\/staging6.peach-pump.com\/pl\/wp-json\/wp\/v2\/product_tag?post=123750"}],"curies":[{"name":"wp","href":"https:\/\/api.w.org\/{rel}","templated":true}]}}