{"id":123759,"date":"2025-07-03T15:31:59","date_gmt":"2025-07-03T13:31:59","guid":{"rendered":"https:\/\/staging6.peach-pump.com\/?post_type=product&p=123759"},"modified":"2025-11-09T12:31:16","modified_gmt":"2025-11-09T10:31:16","slug":"czarny-sportowy-biustonosz-z-biala-lamowka-pod-biustem","status":"publish","type":"product","link":"https:\/\/staging6.peach-pump.com\/pl\/products\/czarny-sportowy-biustonosz-z-biala-lamowka-pod-biustem\/","title":{"rendered":"Czarny sportowy biustonosz z bia\u0142\u0105 lam\u00f3wk\u0105 pod biustem"},"content":{"rendered":"<p>Czarny biustonosz sportowy z bia\u0142\u0105 lam\u00f3wk\u0105 pod biustem i regulowanymi rami\u0105czkami. Model posiada wk\u0142adki super push-up, kt\u00f3re mo\u017cna wyj\u0105\u0107. Materia\u0142 biustonosza jest niezwykle mi\u0119kki i elastyczny i nie zatrzymuje wilgoci w ciele, nadaje si\u0119 do biegania, si\u0142owni, jogi, tenisa lub innego rodzaju sportu. Projekt modelu jest bardzo aktualny i mo\u017cna go \u0142\u0105czy\u0107 z kr\u00f3tk\u0105 sp\u00f3dniczk\u0105 lub legginsami. Posiada termicznie naklejone bia\u0142e logo z przodu i z ty\u0142u biustu.    <\/p>\n<ul>\n<li>Ciekawy kr\u00f3j<\/li>\n<li>Regulowane rami\u0105czka<\/li>\n<li>Super wk\u0142adki push-up, kt\u00f3re mo\u017cna wyj\u0105\u0107<\/li>\n<li>Termicznie naklejone logo &#8220;Peach Pump&#8221; z przodu i z ty\u0142u biustonosza<\/li>\n<li>Tkanina, kt\u00f3ra nie zatrzymuje wilgoci w ciele<\/li>\n<\/ul>\n<p>70% poliester 30% elastan<\/p>\n<p>Biustonosz mo\u017cna pra\u0107 w temperaturze do 30 stopni. Nie wybiela\u0107. Nie czy\u015bci\u0107 chemicznie.<\/p>\n<p>Modelka na zdj\u0119ciu ma 179 m wzrostu, wa\u017cy 58 kg i pozuje w rozmiarze M.<\/p>\n<p>Aby wybra\u0107 dok\u0142adny rozmiar, skorzystaj z tabel rozmiarowych.<\/p>\n<p>&nbsp;<\/p>\n","protected":false},"excerpt":{"rendered":"<p>Czarny biustonosz sportowy z bia\u0142\u0105 lam\u00f3wk\u0105 pod biustem i regulowanymi rami\u0105czkami. Model posiada wk\u0142adki super push-up, kt\u00f3re mo\u017cna wyj\u0105\u0107. Materia\u0142 biustonosza jest niezwykle mi\u0119kki i elastyczny i nie zatrzymuje wilgoci w ciele, nadaje si\u0119 do biegania, si\u0142owni, jogi, tenisa lub innego rodzaju sportu. Projekt modelu jest bardzo aktualny i mo\u017cna go \u0142\u0105czy\u0107 z kr\u00f3tk\u0105 sp\u00f3dniczk\u0105 [&hellip;]<\/p>\n","protected":false},"featured_media":122703,"comment_status":"open","ping_status":"closed","template":"","meta":[],"product_brand":[],"product_cat":[361],"product_tag":[],"class_list":{"0":"post-123759","1":"product","2":"type-product","3":"status-publish","4":"has-post-thumbnail","6":"product_cat-biustonosz-staniki-sportove","7":"pa_cviat-czarny","8":"pa_razmer-l-pl","9":"pa_razmer-m-pl-2","10":"pa_razmer-s-pl-2","11":"inventories-world","13":"first","14":"instock","15":"taxable","16":"shipping-taxable","17":"purchasable","18":"product-type-variable"},"_links":{"self":[{"href":"https:\/\/staging6.peach-pump.com\/en\/wp-json\/wp\/v2\/product\/123759","targetHints":{"allow":["GET"]}}],"collection":[{"href":"https:\/\/staging6.peach-pump.com\/en\/wp-json\/wp\/v2\/product"}],"about":[{"href":"https:\/\/staging6.peach-pump.com\/en\/wp-json\/wp\/v2\/types\/product"}],"replies":[{"embeddable":true,"href":"https:\/\/staging6.peach-pump.com\/en\/wp-json\/wp\/v2\/comments?post=123759"}],"version-history":[{"count":0,"href":"https:\/\/staging6.peach-pump.com\/en\/wp-json\/wp\/v2\/product\/123759\/revisions"}],"wp:featuredmedia":[{"embeddable":true,"href":"https:\/\/staging6.peach-pump.com\/en\/wp-json\/wp\/v2\/media\/122703"}],"wp:attachment":[{"href":"https:\/\/staging6.peach-pump.com\/en\/wp-json\/wp\/v2\/media?parent=123759"}],"wp:term":[{"taxonomy":"product_brand","embeddable":true,"href":"https:\/\/staging6.peach-pump.com\/en\/wp-json\/wp\/v2\/product_brand?post=123759"},{"taxonomy":"product_cat","embeddable":true,"href":"https:\/\/staging6.peach-pump.com\/en\/wp-json\/wp\/v2\/product_cat?post=123759"},{"taxonomy":"product_tag","embeddable":true,"href":"https:\/\/staging6.peach-pump.com\/en\/wp-json\/wp\/v2\/product_tag?post=123759"}],"curies":[{"name":"wp","href":"https:\/\/api.w.org\/{rel}","templated":true}]}}