{"id":123829,"date":"2025-07-04T14:27:35","date_gmt":"2025-07-04T12:27:35","guid":{"rendered":"https:\/\/staging6.peach-pump.com\/?post_type=product&p=123829"},"modified":"2025-11-10T18:56:29","modified_gmt":"2025-11-10T16:56:29","slug":"rozowy-biustonosz-z-krzyzujacymi-sie-ramiaczkami-na-plecach","status":"publish","type":"product","link":"https:\/\/staging6.peach-pump.com\/pl\/products\/rozowy-biustonosz-z-krzyzujacymi-sie-ramiaczkami-na-plecach\/","title":{"rendered":"R\u00f3\u017cowy biustonosz z krzy\u017cuj\u0105cymi si\u0119 rami\u0105czkami na plecach."},"content":{"rendered":"<p>R\u00f3\u017cowy biustonosz z krzy\u017cuj\u0105cymi si\u0119 rami\u0105czkami w kolorze bia\u0142ym i r\u00f3\u017cowym. Wz\u00f3r biustonosza jest wyci\u0119ty i ma super wk\u0142adki push-up, kt\u00f3re mo\u017cna wyj\u0105\u0107. Materia\u0142 jest niezwykle mi\u0119kki i rozci\u0105gliwy, nie zatrzymuje wilgoci w ciele, nadaje si\u0119 do biegania, si\u0142owni, jogi, tenisa lub innych sport\u00f3w. Projekt modelu jest bardzo aktualny na lato, dost\u0119pny w kilku kolorach i mo\u017cna go \u0142\u0105czy\u0107 z kr\u00f3tk\u0105 sp\u00f3dniczk\u0105 lub legginsami. Z przodu biustonosza znajduje si\u0119 termicznie naklejone bia\u0142e logo.    <\/p>\n<ul>\n<li>Ciekawy kr\u00f3j<\/li>\n<li>Krzy\u017cuj\u0105ce si\u0119 rami\u0105czka na plecach.<\/li>\n<li>Super wk\u0142adki push-up, kt\u00f3re mo\u017cna wyj\u0105\u0107<\/li>\n<li>Termicznie naklejone logo &#8220;Peach Pump&#8221; z przodu biustonosza<\/li>\n<li>Tkanina, kt\u00f3ra nie zatrzymuje wilgoci w ciele<\/li>\n<\/ul>\n<p>70% poliester 30% elastan<\/p>\n<p>Biustonosz mo\u017cna pra\u0107 w temperaturze do 30 stopni. Nie wybiela\u0107. Nie czy\u015bci\u0107 chemicznie.<\/p>\n<p>Modelka na zdj\u0119ciu ma 179 m wzrostu, wa\u017cy 58 kg i pozuje w rozmiarze M.<\/p>\n<p>Aby wybra\u0107 dok\u0142adny rozmiar, skorzystaj z tabel rozmiarowych.<\/p>\n","protected":false},"excerpt":{"rendered":"<p>R\u00f3\u017cowy biustonosz z krzy\u017cuj\u0105cymi si\u0119 rami\u0105czkami w kolorze bia\u0142ym i r\u00f3\u017cowym. Wz\u00f3r biustonosza jest wyci\u0119ty i ma super wk\u0142adki push-up, kt\u00f3re mo\u017cna wyj\u0105\u0107. Materia\u0142 jest niezwykle mi\u0119kki i rozci\u0105gliwy, nie zatrzymuje wilgoci w ciele, nadaje si\u0119 do biegania, si\u0142owni, jogi, tenisa lub innych sport\u00f3w. Projekt modelu jest bardzo aktualny na lato, dost\u0119pny w kilku kolorach [&hellip;]<\/p>\n","protected":false},"featured_media":129100,"comment_status":"open","ping_status":"closed","template":"","meta":[],"product_brand":[],"product_cat":[361],"product_tag":[],"class_list":{"0":"post-123829","1":"product","2":"type-product","3":"status-publish","4":"has-post-thumbnail","6":"product_cat-biustonosz-staniki-sportove","7":"pa_cviat-rozowy","8":"pa_razmer-l-pl","9":"pa_razmer-m-pl-2","10":"pa_razmer-s-pl-2","11":"inventories-world","13":"first","14":"instock","15":"taxable","16":"shipping-taxable","17":"purchasable","18":"product-type-variable"},"_links":{"self":[{"href":"https:\/\/staging6.peach-pump.com\/pl\/wp-json\/wp\/v2\/product\/123829","targetHints":{"allow":["GET"]}}],"collection":[{"href":"https:\/\/staging6.peach-pump.com\/pl\/wp-json\/wp\/v2\/product"}],"about":[{"href":"https:\/\/staging6.peach-pump.com\/pl\/wp-json\/wp\/v2\/types\/product"}],"replies":[{"embeddable":true,"href":"https:\/\/staging6.peach-pump.com\/pl\/wp-json\/wp\/v2\/comments?post=123829"}],"version-history":[{"count":0,"href":"https:\/\/staging6.peach-pump.com\/pl\/wp-json\/wp\/v2\/product\/123829\/revisions"}],"wp:featuredmedia":[{"embeddable":true,"href":"https:\/\/staging6.peach-pump.com\/pl\/wp-json\/wp\/v2\/media\/129100"}],"wp:attachment":[{"href":"https:\/\/staging6.peach-pump.com\/pl\/wp-json\/wp\/v2\/media?parent=123829"}],"wp:term":[{"taxonomy":"product_brand","embeddable":true,"href":"https:\/\/staging6.peach-pump.com\/pl\/wp-json\/wp\/v2\/product_brand?post=123829"},{"taxonomy":"product_cat","embeddable":true,"href":"https:\/\/staging6.peach-pump.com\/pl\/wp-json\/wp\/v2\/product_cat?post=123829"},{"taxonomy":"product_tag","embeddable":true,"href":"https:\/\/staging6.peach-pump.com\/pl\/wp-json\/wp\/v2\/product_tag?post=123829"}],"curies":[{"name":"wp","href":"https:\/\/api.w.org\/{rel}","templated":true}]}}