{"id":126363,"date":"2025-08-02T14:35:31","date_gmt":"2025-08-02T12:35:31","guid":{"rendered":"https:\/\/staging6.peach-pump.com\/products\/czarna-krotka-sukienka-sportowa-z-legginsami-i-biala-lamowka\/"},"modified":"2025-11-10T17:02:31","modified_gmt":"2025-11-10T15:02:31","slug":"czarna-krotka-sukienka-sportowa-z-legginsami-i-biala-lamowka","status":"publish","type":"product","link":"https:\/\/staging6.peach-pump.com\/pl\/products\/czarna-krotka-sukienka-sportowa-z-legginsami-i-biala-lamowka\/","title":{"rendered":"Czarna kr\u00f3tka sukienka sportowa z legginsami i bia\u0142\u0105 lam\u00f3wk\u0105"},"content":{"rendered":"<p>Czarna kr\u00f3tka sportowa sukienka z legginsami i bia\u0142ym wyko\u0144czeniem na brzegach. Model ma wk\u0142adki o podnosz\u0105cym efekcie, kt\u00f3re mo\u017cna usun\u0105\u0107. Sukienka ma wyci\u0119cia w okolicy talii, kt\u00f3re optycznie j\u0105 wyszczuplaj\u0105 i nadaj\u0105 sylwetce kszta\u0142t \u201epiaskowego zegara\u201d. Sukienka jest kr\u00f3tsza, ale ma legginsy w dolnej cz\u0119\u015bci, kt\u00f3re zapewniaj\u0105 pe\u0142n\u0105 swobod\u0119 ruch\u00f3w. Model jest idealny na tenis, fitness lub spacer po parku, a w tej sukience nie spos\u00f3b pozosta\u0107 niezauwa\u017con\u0105.    <\/p>\n<ul>\n<li>Kr\u00f3tki model<\/li>\n<li>Legginsy<\/li>\n<li>Wype\u0142nienie z efektem podnoszenia<\/li>\n<li>Bia\u0142e obramowanie<\/li>\n<li>Elastyczny materia\u0142<\/li>\n<li>Uszczelnione termicznie logo &#8220;Peach Pump&#8221; z ty\u0142u<\/li>\n<li>Termicznie zgrzewane logo &#8220;Peach Pump&#8221; z przodu sukienki pod biustem<\/li>\n<li>Otwory w talii<\/li>\n<li>Tkanina odprowadzaj\u0105ca wilgo\u0107 z cia\u0142a<\/li>\n<\/ul>\n<p>Sk\u0142ad: 92% Nylon; 8% Elastan<\/p>\n<p>Sukienk\u0119 mo\u017cna pra\u0107 w temperaturze do 30 stopni, nie nale\u017cy u\u017cywa\u0107 wybielaczy ani czy\u015bci\u0107 chemicznie.<\/p>\n<p>Modelka na zdj\u0119ciu ma 179 cm wzrostu, wa\u017cy 60 kg i pozuje w rozmiarze M.<\/p>\n<p>Aby wybra\u0107 dok\u0142adny rozmiar, skorzystaj z tabel rozmiarowych<\/p>\n","protected":false},"excerpt":{"rendered":"<p>Czarna kr\u00f3tka sportowa sukienka z legginsami i bia\u0142ym wyko\u0144czeniem na brzegach. Model ma wk\u0142adki o podnosz\u0105cym efekcie, kt\u00f3re mo\u017cna usun\u0105\u0107. Sukienka ma wyci\u0119cia w okolicy talii, kt\u00f3re optycznie j\u0105 wyszczuplaj\u0105 i nadaj\u0105 sylwetce kszta\u0142t \u201epiaskowego zegara\u201d. Sukienka jest kr\u00f3tsza, ale ma legginsy w dolnej cz\u0119\u015bci, kt\u00f3re zapewniaj\u0105 pe\u0142n\u0105 swobod\u0119 ruch\u00f3w. Model jest idealny na tenis, [&hellip;]<\/p>\n","protected":false},"featured_media":125945,"comment_status":"open","ping_status":"closed","template":"","meta":[],"product_brand":[],"product_cat":[362,1176],"product_tag":[],"class_list":{"0":"post-126363","1":"product","2":"type-product","3":"status-publish","4":"has-post-thumbnail","6":"product_cat-komplety-sportowe-damskie","7":"product_cat-spodnice-i-sukienki-sportowe","8":"pa_cviat-czarny","9":"pa_razmer-m-pl-2","10":"pa_razmer-s-pl-2","11":"inventories-world","13":"first","14":"instock","15":"taxable","16":"shipping-taxable","17":"purchasable","18":"product-type-variable"},"_links":{"self":[{"href":"https:\/\/staging6.peach-pump.com\/pl\/wp-json\/wp\/v2\/product\/126363","targetHints":{"allow":["GET"]}}],"collection":[{"href":"https:\/\/staging6.peach-pump.com\/pl\/wp-json\/wp\/v2\/product"}],"about":[{"href":"https:\/\/staging6.peach-pump.com\/pl\/wp-json\/wp\/v2\/types\/product"}],"replies":[{"embeddable":true,"href":"https:\/\/staging6.peach-pump.com\/pl\/wp-json\/wp\/v2\/comments?post=126363"}],"version-history":[{"count":0,"href":"https:\/\/staging6.peach-pump.com\/pl\/wp-json\/wp\/v2\/product\/126363\/revisions"}],"wp:featuredmedia":[{"embeddable":true,"href":"https:\/\/staging6.peach-pump.com\/pl\/wp-json\/wp\/v2\/media\/125945"}],"wp:attachment":[{"href":"https:\/\/staging6.peach-pump.com\/pl\/wp-json\/wp\/v2\/media?parent=126363"}],"wp:term":[{"taxonomy":"product_brand","embeddable":true,"href":"https:\/\/staging6.peach-pump.com\/pl\/wp-json\/wp\/v2\/product_brand?post=126363"},{"taxonomy":"product_cat","embeddable":true,"href":"https:\/\/staging6.peach-pump.com\/pl\/wp-json\/wp\/v2\/product_cat?post=126363"},{"taxonomy":"product_tag","embeddable":true,"href":"https:\/\/staging6.peach-pump.com\/pl\/wp-json\/wp\/v2\/product_tag?post=126363"}],"curies":[{"name":"wp","href":"https:\/\/api.w.org\/{rel}","templated":true}]}}