{"id":126369,"date":"2025-07-29T12:31:27","date_gmt":"2025-07-29T10:31:27","guid":{"rendered":"https:\/\/staging6.peach-pump.com\/products\/zestaw-czarna-spodnica-sportowa-z-malym-rozcieciem-i-biustonoszem\/"},"modified":"2025-11-01T15:21:38","modified_gmt":"2025-11-01T13:21:38","slug":"zestaw-czarna-spodnica-sportowa-z-malym-rozcieciem-i-biustonoszem","status":"publish","type":"product","link":"https:\/\/staging6.peach-pump.com\/pl\/products\/zestaw-czarna-spodnica-sportowa-z-malym-rozcieciem-i-biustonoszem\/","title":{"rendered":"Zestaw: czarna sp\u00f3dnica sportowa z ma\u0142ym rozci\u0119ciem i biustonoszem"},"content":{"rendered":"<p>Zestaw sk\u0142adaj\u0105cy si\u0119 z czarnej sportowej sp\u00f3dnicy z rozci\u0119ciem i leggins\u00f3w ze bocznymi kieszeniami. Sp\u00f3dnica ma subtelny bia\u0142y pasek na brzegach oraz elastyczny pas, kt\u00f3ry dopasowuje tali\u0119, z napisem \u201ePeach Pump\u201d z ty\u0142u i termicznie zapiecz\u0119towanym logo z przodu po lewej stronie. Model ma tali\u0119 ponad p\u0119pkiem, co podkre\u015bla sylwetk\u0119, a legginsy pod sp\u00f3dnic\u0105 zapewniaj\u0105 pe\u0142n\u0105 swobod\u0119 ruch\u00f3w podczas uprawiania ulubionego sportu. Kieszenie w legginsach s\u0105 g\u0142\u0119bokie, wi\u0119c bez problemu mo\u017cna schowa\u0107 telefon.   <\/p>\n<p>Biustonosz ma dekolt w kszta\u0142cie litery V i bia\u0142y pasek, kt\u00f3ry mo\u017cna schowa\u0107, nadaj\u0105c bardziej prowokuj\u0105cy wygl\u0105d. Model posiada wk\u0142adki typu super push-up, kt\u00f3re mo\u017cna usun\u0105\u0107. Materia\u0142 biustonosza jest wyj\u0105tkowo delikatny i elastyczny, nie zatrzymuje wilgoci w ciele, co czyni go odpowiednim do biegania, fitnessu, jogi, tenisa lub innych rodzaj\u00f3w sportu. Posiada szerok\u0105 elastyczn\u0105 ta\u015bm\u0119 pod biustem, kt\u00f3ra zapewnia komfort i swobod\u0119 ruchu. Na przedniej i tylnej cz\u0119\u015bci biustonosza znajduje si\u0119 termicznie zapiecz\u0119towane szare logo. Zestaw jest idealny na spacer po parku, fitness, tenis lub siatk\u00f3wk\u0119.     <\/p>\n<p>Biustonosz:<\/p>\n<ul>\n<li>Ciekawy kr\u00f3j<\/li>\n<li>G\u0142\u0119boki dekolt V<\/li>\n<li>Super wk\u0142adki push-up, kt\u00f3re mo\u017cna wyj\u0105\u0107<\/li>\n<li>Szeroka gumka pod biustem<\/li>\n<li>Termicznie nakljeone logo &#8220;Peach Pump&#8221; z przodu i z ty\u0142u biustonosza<\/li>\n<li>Tkanina, kt\u00f3ra nie zatrzymuje wilgoci w ciele<\/li>\n<\/ul>\n<p>Za sp\u00f3dnica:<\/p>\n<ul>\n<li>Wysoki stan<\/li>\n<li>Dyskretna rozci\u0119cie<\/li>\n<li>Wewn\u0119trzne legginsy z bocznymi kieszeniami<\/li>\n<li>Napis &#8220;Peach Pump&#8221; z ty\u0142u gumki<\/li>\n<li>Termicznie naklejone logo &#8220;Peach Pump&#8221; z przodu sp\u00f3dnicy<\/li>\n<li>Tkanina, kt\u00f3ra nie zatrzymuje wilgoci w ciele<\/li>\n<\/ul>\n<p>Sk\u0142ad: 70% Nylon 30% Spandex<\/p>\n<p>Sp\u00f3dnic\u0119 i biustonosz mo\u017cna pra\u0107 w temperaturze do 30 stopni, nie nale\u017cy u\u017cywa\u0107 wybielaczy ani czy\u015bci\u0107 chemicznie.<\/p>\n<p>Modelka na zdj\u0119ciu ma 168 cm wzrostu, wa\u017cy 54 kg i pozuje w sp\u00f3dnicy w rozmiarze S oraz biustonoszu w rozmiarze S.<\/p>\n","protected":false},"excerpt":{"rendered":"<p>Zestaw sk\u0142adaj\u0105cy si\u0119 z czarnej sportowej sp\u00f3dnicy z rozci\u0119ciem i leggins\u00f3w ze bocznymi kieszeniami. Sp\u00f3dnica ma subtelny bia\u0142y pasek na brzegach oraz elastyczny pas, kt\u00f3ry dopasowuje tali\u0119, z napisem \u201ePeach Pump\u201d z ty\u0142u i termicznie zapiecz\u0119towanym logo z przodu po lewej stronie. Model ma tali\u0119 ponad p\u0119pkiem, co podkre\u015bla sylwetk\u0119, a legginsy pod sp\u00f3dnic\u0105 zapewniaj\u0105 [&hellip;]<\/p>\n","protected":false},"featured_media":125644,"comment_status":"open","ping_status":"closed","template":"","meta":[],"product_brand":[],"product_cat":[362,363],"product_tag":[],"class_list":{"0":"post-126369","1":"product","2":"type-product","3":"status-publish","4":"has-post-thumbnail","6":"product_cat-komplety-sportowe-damskie","7":"product_cat-krotkie-komplet-legginsy","8":"pa_cviat-czarny","9":"inventories-world","11":"first","12":"instock","13":"taxable","14":"shipping-taxable","15":"purchasable","16":"product-type-yith_bundle"},"_links":{"self":[{"href":"https:\/\/staging6.peach-pump.com\/en\/wp-json\/wp\/v2\/product\/126369","targetHints":{"allow":["GET"]}}],"collection":[{"href":"https:\/\/staging6.peach-pump.com\/en\/wp-json\/wp\/v2\/product"}],"about":[{"href":"https:\/\/staging6.peach-pump.com\/en\/wp-json\/wp\/v2\/types\/product"}],"replies":[{"embeddable":true,"href":"https:\/\/staging6.peach-pump.com\/en\/wp-json\/wp\/v2\/comments?post=126369"}],"version-history":[{"count":0,"href":"https:\/\/staging6.peach-pump.com\/en\/wp-json\/wp\/v2\/product\/126369\/revisions"}],"wp:featuredmedia":[{"embeddable":true,"href":"https:\/\/staging6.peach-pump.com\/en\/wp-json\/wp\/v2\/media\/125644"}],"wp:attachment":[{"href":"https:\/\/staging6.peach-pump.com\/en\/wp-json\/wp\/v2\/media?parent=126369"}],"wp:term":[{"taxonomy":"product_brand","embeddable":true,"href":"https:\/\/staging6.peach-pump.com\/en\/wp-json\/wp\/v2\/product_brand?post=126369"},{"taxonomy":"product_cat","embeddable":true,"href":"https:\/\/staging6.peach-pump.com\/en\/wp-json\/wp\/v2\/product_cat?post=126369"},{"taxonomy":"product_tag","embeddable":true,"href":"https:\/\/staging6.peach-pump.com\/en\/wp-json\/wp\/v2\/product_tag?post=126369"}],"curies":[{"name":"wp","href":"https:\/\/api.w.org\/{rel}","templated":true}]}}