{"id":126381,"date":"2025-07-29T12:01:20","date_gmt":"2025-07-29T10:01:20","guid":{"rendered":"https:\/\/staging6.peach-pump.com\/?post_type=product&#038;p=126381"},"modified":"2025-11-01T15:22:12","modified_gmt":"2025-11-01T13:22:12","slug":"zestaw-rozowa-sportowa-spodnica-z-glebokim-rozcieciem-i-biustonosz","status":"publish","type":"product","link":"https:\/\/staging6.peach-pump.com\/pl\/products\/zestaw-rozowa-sportowa-spodnica-z-glebokim-rozcieciem-i-biustonosz\/","title":{"rendered":"Zestaw: r\u00f3\u017cowa sportowa sp\u00f3dnica z g\u0142\u0119bokim rozci\u0119ciem i biustonosz."},"content":{"rendered":"<p>Modna r\u00f3\u017cowa sp\u00f3dnica sportowa z g\u0142\u0119bokim rozci\u0119ciem i legginsami z bocznymi kieszeniami. Sp\u00f3dnica ma bia\u0142\u0105 lam\u00f3wk\u0119 i r\u00f3\u017cowy elastyczny pas, dyskretny napis &#8220;Peach Pump&#8221; z ty\u0142u i zgrzewane logo z przodu po lewej stronie. Model ma pasek nad p\u0119pkiem i rozci\u0119cie, kt\u00f3re wyd\u0142u\u017ca nogi, a klin pod sp\u00f3dnic\u0105 zapewnia pe\u0142n\u0105 swobod\u0119 ruch\u00f3w podczas uprawiania ulubionego sportu. Kieszenie na legginsach s\u0105 g\u0142\u0119bokie i bez problemu mo\u017cna w nich schowa\u0107 telefon. Biustonosz ma bia\u0142\u0105 lam\u00f3wk\u0119 pod biustem i regulowane rami\u0105czka. Model ma super wk\u0142adki push-up, kt\u00f3re mo\u017cna wyj\u0105\u0107. Materia\u0142 gorsetu jest niezwykle mi\u0119kki i elastyczny i nie zatrzymuje wilgoci w ciele, nadaje si\u0119 do biegania, si\u0142owni, jogi, tenisa i ka\u017cdego innego rodzaju sportu. Z przodu i z ty\u0142u biustonosza znajduje si\u0119 zgrzewane bia\u0142e logo. Zesp\u00f3\u0142 nadaje si\u0119 na spacer po parku, si\u0142owni\u0119, tenis lub siatk\u00f3wk\u0119.        <\/p>\n<p>Biustonosz:<\/p>\n<ul>\n<li>Ciekawy kr\u00f3j<\/li>\n<li>Regulowane rami\u0105czka<\/li>\n<li>Super wk\u0142adki push-up, kt\u00f3re mo\u017cna wyj\u0105\u0107<\/li>\n<li>Termicznie nakljeone logo &#8220;Peach Pump&#8221; z przodu i z ty\u0142u biustonosza<\/li>\n<li>Tkanina, kt\u00f3ra nie zatrzymuje wilgoci w ciele<\/li>\n<\/ul>\n<p>Sp\u00f3dnica:<\/p>\n<ul>\n<li>Wysoki stan<\/li>\n<li>G\u0142\u0119bokie rozci\u0119cie<\/li>\n<li>Wewn\u0119trzne legginsy z bocznymi kieszeniami<\/li>\n<li>Dyskretny napis &#8220;Peach Pump&#8221; z ty\u0142u gumki<\/li>\n<li>Termicznie naklejone logo &#8220;Peach Pump&#8221; z przodu sp\u00f3dnicy<\/li>\n<li>Tkanina, kt\u00f3ra nie zatrzymuje wilgoci w ciele<\/li>\n<\/ul>\n<p>Sk\u0142ad: 70% Nylon 30% Spandex<\/p>\n<p>Sp\u00f3dnic\u0119 i biustonosz mo\u017cna pra\u0107 w temperaturze do 30 stopni, nie nale\u017cy u\u017cywa\u0107 wybielaczy ani czy\u015bci\u0107 chemicznie.<\/p>\n<p>Modelka na zdj\u0119ciu ma 168 cm wzrostu, wa\u017cy 54 kg i pozuje w sp\u00f3dnicy w rozmiarze S oraz biustonoszu w rozmiarze S.<\/p>\n","protected":false},"excerpt":{"rendered":"<p>Modna r\u00f3\u017cowa sp\u00f3dnica sportowa z g\u0142\u0119bokim rozci\u0119ciem i legginsami z bocznymi kieszeniami. Sp\u00f3dnica ma bia\u0142\u0105 lam\u00f3wk\u0119 i r\u00f3\u017cowy elastyczny pas, dyskretny napis &#8220;Peach Pump&#8221; z ty\u0142u i zgrzewane logo z przodu po lewej stronie. Model ma pasek nad p\u0119pkiem i rozci\u0119cie, kt\u00f3re wyd\u0142u\u017ca nogi, a klin pod sp\u00f3dnic\u0105 zapewnia pe\u0142n\u0105 swobod\u0119 ruch\u00f3w podczas uprawiania ulubionego [&hellip;]<\/p>\n","protected":false},"featured_media":128243,"comment_status":"open","ping_status":"closed","template":"","meta":[],"product_brand":[],"product_cat":[362,363],"product_tag":[],"class_list":{"0":"post-126381","1":"product","2":"type-product","3":"status-publish","4":"has-post-thumbnail","6":"product_cat-komplety-sportowe-damskie","7":"product_cat-krotkie-komplet-legginsy","8":"pa_cviat-rozowy","9":"inventories-world","11":"first","12":"instock","13":"taxable","14":"shipping-taxable","15":"purchasable","16":"product-type-yith_bundle"},"_links":{"self":[{"href":"https:\/\/staging6.peach-pump.com\/en\/wp-json\/wp\/v2\/product\/126381","targetHints":{"allow":["GET"]}}],"collection":[{"href":"https:\/\/staging6.peach-pump.com\/en\/wp-json\/wp\/v2\/product"}],"about":[{"href":"https:\/\/staging6.peach-pump.com\/en\/wp-json\/wp\/v2\/types\/product"}],"replies":[{"embeddable":true,"href":"https:\/\/staging6.peach-pump.com\/en\/wp-json\/wp\/v2\/comments?post=126381"}],"version-history":[{"count":0,"href":"https:\/\/staging6.peach-pump.com\/en\/wp-json\/wp\/v2\/product\/126381\/revisions"}],"wp:featuredmedia":[{"embeddable":true,"href":"https:\/\/staging6.peach-pump.com\/en\/wp-json\/wp\/v2\/media\/128243"}],"wp:attachment":[{"href":"https:\/\/staging6.peach-pump.com\/en\/wp-json\/wp\/v2\/media?parent=126381"}],"wp:term":[{"taxonomy":"product_brand","embeddable":true,"href":"https:\/\/staging6.peach-pump.com\/en\/wp-json\/wp\/v2\/product_brand?post=126381"},{"taxonomy":"product_cat","embeddable":true,"href":"https:\/\/staging6.peach-pump.com\/en\/wp-json\/wp\/v2\/product_cat?post=126381"},{"taxonomy":"product_tag","embeddable":true,"href":"https:\/\/staging6.peach-pump.com\/en\/wp-json\/wp\/v2\/product_tag?post=126381"}],"curies":[{"name":"wp","href":"https:\/\/api.w.org\/{rel}","templated":true}]}}