{"id":126383,"date":"2025-07-29T11:55:22","date_gmt":"2025-07-29T09:55:22","guid":{"rendered":"https:\/\/staging6.peach-pump.com\/products\/zestaw-czarna-sportowa-spodnica-z-glebokim-rozcieciem-i-biustonosz\/"},"modified":"2025-11-01T15:22:19","modified_gmt":"2025-11-01T13:22:19","slug":"zestaw-czarna-sportowa-spodnica-z-glebokim-rozcieciem-i-biustonosz","status":"publish","type":"product","link":"https:\/\/staging6.peach-pump.com\/pl\/products\/zestaw-czarna-sportowa-spodnica-z-glebokim-rozcieciem-i-biustonosz\/","title":{"rendered":"Zestaw: czarna sportowa sp\u00f3dnica z g\u0142\u0119bokim rozci\u0119ciem i biustonosz."},"content":{"rendered":"<p>Zestaw: czarna sportowa sp\u00f3dnica z g\u0142\u0119bokim rozci\u0119ciem i legginsami ze bocznymi kieszeniami. Sp\u00f3dnica ma bia\u0142y pasek i czarny elastyczny pas, kt\u00f3ry dopasowuje tali\u0119, z dyskretnym napisem \u201ePeach Pump\u201d z ty\u0142u i termicznie zapiecz\u0119towanym logo z przodu po lewej stronie. Model ma tali\u0119 ponad p\u0119pkiem oraz rozci\u0119cie, kt\u00f3re wyd\u0142u\u017ca nogi, a legginsy pod sp\u00f3dnic\u0105 zapewniaj\u0105 pe\u0142n\u0105 swobod\u0119 ruch\u00f3w podczas uprawiania ulubionego sportu. Kieszenie w legginsach s\u0105 g\u0142\u0119bokie, wi\u0119c bez problemu mo\u017cna schowa\u0107 telefon. Biustonosz ma bia\u0142y pasek pod biustem i regulowane rami\u0105czka. Model posiada wk\u0142adki typu super push-up, kt\u00f3re mo\u017cna usun\u0105\u0107. Materia\u0142 biustonosza jest wyj\u0105tkowo delikatny i elastyczny, nie zatrzymuje wilgoci w ciele, co czyni go odpowiednim do biegania, fitnessu, jogi, tenisa lub innych rodzaj\u00f3w sportu. Na przedniej i tylnej cz\u0119\u015bci biustonosza znajduje si\u0119 termicznie zapiecz\u0119towane bia\u0142e logo. Zestaw jest idealny na spacer po parku, fitness, tenis lub siatk\u00f3wk\u0119.        <\/p>\n<p>Biustonosz:<\/p>\n<ul>\n<li>Ciekawy kr\u00f3j<\/li>\n<li>Regulowane rami\u0105czka<\/li>\n<li>Super wk\u0142adki push-up, kt\u00f3re mo\u017cna wyj\u0105\u0107<\/li>\n<li>Termicznie nakljeone logo &#8220;Peach Pump&#8221; z przodu i z ty\u0142u biustonosza<\/li>\n<li>Tkanina, kt\u00f3ra nie zatrzymuje wilgoci w ciele<\/li>\n<\/ul>\n<p>Sp\u00f3dnica:<\/p>\n<ul>\n<li>Wysoki stan<\/li>\n<li>G\u0142\u0119bokie rozci\u0119cie<\/li>\n<li>Wewn\u0119trzne legginsy z bocznymi kieszeniami<\/li>\n<li>Dyskretny napis &#8220;Peach Pump&#8221; z ty\u0142u gumki<\/li>\n<li>Termicznie naklejone logo &#8220;Peach Pump&#8221; z przodu sp\u00f3dnicy<\/li>\n<li>Tkanina, kt\u00f3ra nie zatrzymuje wilgoci w ciele<\/li>\n<\/ul>\n<p>Sk\u0142ad: 70% Nylon 30% Spandex<\/p>\n<p>Sp\u00f3dnic\u0119 i biustonosz mo\u017cna pra\u0107 w temperaturze do 30 stopni, nie nale\u017cy u\u017cywa\u0107 wybielaczy ani czy\u015bci\u0107 chemicznie.<\/p>\n<p>Modelka na zdj\u0119ciu ma 168 cm wzrostu, wa\u017cy 54 kg i pozuje w sp\u00f3dnicy w rozmiarze S oraz biustonoszu w rozmiarze S.<\/p>\n","protected":false},"excerpt":{"rendered":"<p>Zestaw: czarna sportowa sp\u00f3dnica z g\u0142\u0119bokim rozci\u0119ciem i legginsami ze bocznymi kieszeniami. Sp\u00f3dnica ma bia\u0142y pasek i czarny elastyczny pas, kt\u00f3ry dopasowuje tali\u0119, z dyskretnym napisem \u201ePeach Pump\u201d z ty\u0142u i termicznie zapiecz\u0119towanym logo z przodu po lewej stronie. Model ma tali\u0119 ponad p\u0119pkiem oraz rozci\u0119cie, kt\u00f3re wyd\u0142u\u017ca nogi, a legginsy pod sp\u00f3dnic\u0105 zapewniaj\u0105 pe\u0142n\u0105 [&hellip;]<\/p>\n","protected":false},"featured_media":125479,"comment_status":"open","ping_status":"closed","template":"","meta":[],"product_brand":[],"product_cat":[362,363],"product_tag":[],"class_list":{"0":"post-126383","1":"product","2":"type-product","3":"status-publish","4":"has-post-thumbnail","6":"product_cat-komplety-sportowe-damskie","7":"product_cat-krotkie-komplet-legginsy","8":"pa_cviat-czarny","9":"inventories-world","11":"first","12":"instock","13":"taxable","14":"shipping-taxable","15":"purchasable","16":"product-type-yith_bundle"},"_links":{"self":[{"href":"https:\/\/staging6.peach-pump.com\/pl\/wp-json\/wp\/v2\/product\/126383","targetHints":{"allow":["GET"]}}],"collection":[{"href":"https:\/\/staging6.peach-pump.com\/pl\/wp-json\/wp\/v2\/product"}],"about":[{"href":"https:\/\/staging6.peach-pump.com\/pl\/wp-json\/wp\/v2\/types\/product"}],"replies":[{"embeddable":true,"href":"https:\/\/staging6.peach-pump.com\/pl\/wp-json\/wp\/v2\/comments?post=126383"}],"version-history":[{"count":0,"href":"https:\/\/staging6.peach-pump.com\/pl\/wp-json\/wp\/v2\/product\/126383\/revisions"}],"wp:featuredmedia":[{"embeddable":true,"href":"https:\/\/staging6.peach-pump.com\/pl\/wp-json\/wp\/v2\/media\/125479"}],"wp:attachment":[{"href":"https:\/\/staging6.peach-pump.com\/pl\/wp-json\/wp\/v2\/media?parent=126383"}],"wp:term":[{"taxonomy":"product_brand","embeddable":true,"href":"https:\/\/staging6.peach-pump.com\/pl\/wp-json\/wp\/v2\/product_brand?post=126383"},{"taxonomy":"product_cat","embeddable":true,"href":"https:\/\/staging6.peach-pump.com\/pl\/wp-json\/wp\/v2\/product_cat?post=126383"},{"taxonomy":"product_tag","embeddable":true,"href":"https:\/\/staging6.peach-pump.com\/pl\/wp-json\/wp\/v2\/product_tag?post=126383"}],"curies":[{"name":"wp","href":"https:\/\/api.w.org\/{rel}","templated":true}]}}