{"id":127384,"date":"2025-08-03T11:32:06","date_gmt":"2025-08-03T09:32:06","guid":{"rendered":"https:\/\/staging6.peach-pump.com\/products\/czarny-sportowy-komplet-spodnica-i-biustonosz-sportowy-ze-skrzyzowanymi-ramiaczkami-na-plecach\/"},"modified":"2025-11-01T15:19:37","modified_gmt":"2025-11-01T13:19:37","slug":"czarny-sportowy-komplet-spodnica-i-biustonosz-sportowy-ze-skrzyzowanymi-ramiaczkami-na-plecach","status":"publish","type":"product","link":"https:\/\/staging6.peach-pump.com\/pl\/products\/czarny-sportowy-komplet-spodnica-i-biustonosz-sportowy-ze-skrzyzowanymi-ramiaczkami-na-plecach\/","title":{"rendered":"Czarny sportowy komplet: sp\u00f3dnica i biustonosz sportowy ze skrzy\u017cowanymi rami\u0105czkami na plecach."},"content":{"rendered":"<p>Czarny tenisowy komplet ze sportow\u0105 sp\u00f3dnic\u0105 z rozci\u0119ciem i wszytymi spodenkami z bocznymi kieszeniami oraz biustonoszem ze skrzy\u017cowanymi rami\u0105czkami. Sp\u00f3dnica ma delikatn\u0105 bia\u0142\u0105 lam\u00f3wk\u0119 na brzegach i elastyczn\u0105 gumk\u0119 w pasie, kt\u00f3ra podkre\u015bla tali\u0119. Z ty\u0142u znajduje si\u0119 napis Peach Pump, a z przodu po lewej stronie termicznie wprasowane logo. Model ma wysoki stan (ponad p\u0119pek), pi\u0119knie podkre\u015bla sylwetk\u0119, a spodenki pod sp\u00f3dnic\u0105 zapewniaj\u0105 pe\u0142n\u0105 swobod\u0119 ruchu podczas uprawiania ulubionego sportu. Kieszenie w spodenkach s\u0105 g\u0142\u0119bokie, dzi\u0119ki czemu bez problemu zmie\u015bcisz w nich telefon.   <\/p>\n<p>Biustonosz ma skrzy\u017cowane rami\u0105czka w kolorze czarno-bia\u0142ym. Kr\u00f3j jest wyci\u0119ty i posiada super push-up wk\u0142adki, kt\u00f3re mo\u017cna wyj\u0105\u0107. Materia\u0142 jest wyj\u0105tkowo delikatny i elastyczny, nie zatrzymuje wilgoci, dzi\u0119ki czemu idealnie sprawdza si\u0119 do biegania, fitnessu, jogi, tenisa czy innych aktywno\u015bci sportowych. Design modelu jest bardzo modny na lato, dost\u0119pny w kilku kolorach i mo\u017cna go zestawi\u0107 w komplecie z kr\u00f3tk\u0105 sp\u00f3dnic\u0105 lub legginsami. Z przodu biustonosza znajduje si\u0119 termicznie wprasowane bia\u0142e logo. Komplet \u015bwietnie nadaje si\u0119 na spacer w parku, fitness, tenis czy siatk\u00f3wk\u0119.\u201d     <\/p>\n<p>Biustonosz:<\/p>\n<ul>\n<li>Ciekawy kr\u00f3j<\/li>\n<li>Krzy\u017cuj\u0105ce si\u0119 rami\u0105czka na plecach.<\/li>\n<li>Super wk\u0142adki push-up, kt\u00f3re mo\u017cna wyj\u0105\u0107<\/li>\n<li>Termicznie naklejone logo &#8220;Peach Pump&#8221; z przodu biustonosza<\/li>\n<li>Tkanina, kt\u00f3ra nie zatrzymuje wilgoci w ciele<\/li>\n<\/ul>\n<p>Sp\u00f3dnica:<\/p>\n<ul>\n<li>Wysoki stan<\/li>\n<li>Dyskretna rozci\u0119cie<\/li>\n<li>Wewn\u0119trzne legginsy z bocznymi kieszeniami<\/li>\n<li>Napis &#8220;Peach Pump&#8221; z ty\u0142u gumki<\/li>\n<li>Termicznie naklejone logo &#8220;Peach Pump&#8221; z przodu sp\u00f3dnicy<\/li>\n<li>Tkanina, kt\u00f3ra nie zatrzymuje wilgoci w ciele<\/li>\n<\/ul>\n<p>Sk\u0142ad: 70% Nylon 30% Spandex<\/p>\n<p>Sp\u00f3dnic\u0119 i biustonosz mo\u017cna pra\u0107 w temperaturze do 30 stopni, nie nale\u017cy u\u017cywa\u0107 wybielaczy ani czy\u015bci\u0107 chemicznie.<\/p>\n<p>Modelka na zdj\u0119ciu ma 169 cm wzrostu, wa\u017cy 53 kg i pozuje w sp\u00f3dnicy w rozmiarze S oraz biustonoszu w rozmiarze S.<\/p>\n","protected":false},"excerpt":{"rendered":"<p>Czarny tenisowy komplet ze sportow\u0105 sp\u00f3dnic\u0105 z rozci\u0119ciem i wszytymi spodenkami z bocznymi kieszeniami oraz biustonoszem ze skrzy\u017cowanymi rami\u0105czkami. Sp\u00f3dnica ma delikatn\u0105 bia\u0142\u0105 lam\u00f3wk\u0119 na brzegach i elastyczn\u0105 gumk\u0119 w pasie, kt\u00f3ra podkre\u015bla tali\u0119. Z ty\u0142u znajduje si\u0119 napis Peach Pump, a z przodu po lewej stronie termicznie wprasowane logo. Model ma wysoki stan (ponad [&hellip;]<\/p>\n","protected":false},"featured_media":126193,"comment_status":"open","ping_status":"closed","template":"","meta":[],"product_brand":[],"product_cat":[362,363],"product_tag":[],"class_list":{"0":"post-127384","1":"product","2":"type-product","3":"status-publish","4":"has-post-thumbnail","6":"product_cat-komplety-sportowe-damskie","7":"product_cat-krotkie-komplet-legginsy","8":"pa_cviat-czarny","9":"inventories-world","11":"first","12":"instock","13":"taxable","14":"shipping-taxable","15":"purchasable","16":"product-type-yith_bundle"},"_links":{"self":[{"href":"https:\/\/staging6.peach-pump.com\/pl\/wp-json\/wp\/v2\/product\/127384","targetHints":{"allow":["GET"]}}],"collection":[{"href":"https:\/\/staging6.peach-pump.com\/pl\/wp-json\/wp\/v2\/product"}],"about":[{"href":"https:\/\/staging6.peach-pump.com\/pl\/wp-json\/wp\/v2\/types\/product"}],"replies":[{"embeddable":true,"href":"https:\/\/staging6.peach-pump.com\/pl\/wp-json\/wp\/v2\/comments?post=127384"}],"version-history":[{"count":0,"href":"https:\/\/staging6.peach-pump.com\/pl\/wp-json\/wp\/v2\/product\/127384\/revisions"}],"wp:featuredmedia":[{"embeddable":true,"href":"https:\/\/staging6.peach-pump.com\/pl\/wp-json\/wp\/v2\/media\/126193"}],"wp:attachment":[{"href":"https:\/\/staging6.peach-pump.com\/pl\/wp-json\/wp\/v2\/media?parent=127384"}],"wp:term":[{"taxonomy":"product_brand","embeddable":true,"href":"https:\/\/staging6.peach-pump.com\/pl\/wp-json\/wp\/v2\/product_brand?post=127384"},{"taxonomy":"product_cat","embeddable":true,"href":"https:\/\/staging6.peach-pump.com\/pl\/wp-json\/wp\/v2\/product_cat?post=127384"},{"taxonomy":"product_tag","embeddable":true,"href":"https:\/\/staging6.peach-pump.com\/pl\/wp-json\/wp\/v2\/product_tag?post=127384"}],"curies":[{"name":"wp","href":"https:\/\/api.w.org\/{rel}","templated":true}]}}