{"id":128361,"date":"2025-09-01T14:59:57","date_gmt":"2025-09-01T12:59:57","guid":{"rendered":"https:\/\/staging6.peach-pump.com\/products\/krotka-biala-bluza-cropped-fit-z-zamkiem-i-kapturem\/"},"modified":"2025-11-10T17:40:21","modified_gmt":"2025-11-10T15:40:21","slug":"krotka-biala-bluza-cropped-fit-z-zamkiem-i-kapturem","status":"publish","type":"product","link":"https:\/\/staging6.peach-pump.com\/pl\/products\/krotka-biala-bluza-cropped-fit-z-zamkiem-i-kapturem\/","title":{"rendered":"Kr\u00f3tka bia\u0142a bluza (cropped fit) z zamkiem i kapturem."},"content":{"rendered":"<p>Kr\u00f3tka bia\u0142a bluza z kapturem i zamkiem b\u0142yskawicznym.<br \/>Ten model ma skr\u00f3cony kr\u00f3j (cropped fit), kt\u00f3ry podkre\u015bla lini\u0119 talii. Wyci\u0119te detale nadaj\u0105 mu wyj\u0105tkowo kobiecy i stylowy charakter. Bluza wyr\u00f3\u017cnia si\u0119 ciekawym elementem \u2013 bocznymi wstawkami z siateczkowego materia\u0142u, kt\u00f3re dodaj\u0105 sportowego wygl\u0105du i zapewniaj\u0105 sk\u00f3rze oddychalno\u015b\u0107. Z przodu znajduje si\u0119 zamek z grawerowanym logo, szeroki kaptur ze sznurkami z napisami \u201ePeach Pump\u201d na ca\u0142ej d\u0142ugo\u015bci i metalowymi zako\u0144czeniami. Bia\u0142y kolor jest uniwersalny i \u0142atwo \u0142\u0105czy si\u0119 zar\u00f3wno z jasnymi, jak i ciemnymi ubraniami.    <\/p>\n<p>Bluza wykonana jest z mi\u0119kkiego, oddychaj\u0105cego materia\u0142u, kt\u00f3ry zapewnia komfort przez ca\u0142y dzie\u0144.<br \/>\u015awietnie sprawdzi si\u0119 zar\u00f3wno podczas trening\u00f3w sportowych, spacer\u00f3w i podr\u00f3\u017cy, jak i w codziennych miejskich stylizacjach. Dzi\u0119ki niej b\u0119dziesz wygl\u0105da\u0107 \u015bwie\u017co, modnie i czu\u0107 si\u0119 komfortowo. Dost\u0119pna w kilku modnych w tym sezonie kolorach.  <\/p>\n<ul>\n<li>Nowoczesny design z dba\u0142o\u015bci\u0105 o szczeg\u00f3\u0142y<\/li>\n<li>Przyci\u0119ty kr\u00f3j, podkre\u015blaj\u0105cy tali\u0119<\/li>\n<li>Zamek b\u0142yskawiczny z wygrawerowanym logo<\/li>\n<li>Du\u017cy kaptur z wi\u0105zaniami i napisem &#8220;Peach Pump&#8221; wzd\u0142u\u017c d\u0142ugo\u015bci<\/li>\n<li>Siatkowy materia\u0142 po bokach pozwala sk\u00f3rze oddycha\u0107<\/li>\n<li>Haftowane logo na ramieniu<\/li>\n<li>Wyci\u0119te detale w talii<\/li>\n<\/ul>\n<p>Sk\u0142ad : 71% bawe\u0142na \/ 29% poliester<\/p>\n<p>Bluz\u0119 mo\u017cna pra\u0107 w temperaturze do 30 stopni, nie nale\u017cy u\u017cywa\u0107 wybielaczy ani czy\u015bci\u0107 chemicznie.<\/p>\n<p>Modelka na zdj\u0119ciu ma 179 cm wzrostu, wa\u017cy 57 kg i pozuje w rozmiarze S.<\/p>\n","protected":false},"excerpt":{"rendered":"<p>Kr\u00f3tka bia\u0142a bluza z kapturem i zamkiem b\u0142yskawicznym.Ten model ma skr\u00f3cony kr\u00f3j (cropped fit), kt\u00f3ry podkre\u015bla lini\u0119 talii. Wyci\u0119te detale nadaj\u0105 mu wyj\u0105tkowo kobiecy i stylowy charakter. Bluza wyr\u00f3\u017cnia si\u0119 ciekawym elementem \u2013 bocznymi wstawkami z siateczkowego materia\u0142u, kt\u00f3re dodaj\u0105 sportowego wygl\u0105du i zapewniaj\u0105 sk\u00f3rze oddychalno\u015b\u0107. Z przodu znajduje si\u0119 zamek z grawerowanym logo, szeroki [&hellip;]<\/p>\n","protected":false},"featured_media":127951,"comment_status":"open","ping_status":"closed","template":"","meta":[],"product_brand":[],"product_cat":[1120,923],"product_tag":[],"class_list":{"0":"post-128361","1":"product","2":"type-product","3":"status-publish","4":"has-post-thumbnail","6":"product_cat-dresy-damskie-hoodies","7":"product_cat-damskie-kurtki","8":"pa_cviat-bialy-pl","9":"pa_razmer-m-pl-2","10":"pa_razmer-s-pl-2","11":"inventories-world","13":"first","14":"instock","15":"taxable","16":"shipping-taxable","17":"purchasable","18":"product-type-variable"},"_links":{"self":[{"href":"https:\/\/staging6.peach-pump.com\/en\/wp-json\/wp\/v2\/product\/128361","targetHints":{"allow":["GET"]}}],"collection":[{"href":"https:\/\/staging6.peach-pump.com\/en\/wp-json\/wp\/v2\/product"}],"about":[{"href":"https:\/\/staging6.peach-pump.com\/en\/wp-json\/wp\/v2\/types\/product"}],"replies":[{"embeddable":true,"href":"https:\/\/staging6.peach-pump.com\/en\/wp-json\/wp\/v2\/comments?post=128361"}],"version-history":[{"count":0,"href":"https:\/\/staging6.peach-pump.com\/en\/wp-json\/wp\/v2\/product\/128361\/revisions"}],"wp:featuredmedia":[{"embeddable":true,"href":"https:\/\/staging6.peach-pump.com\/en\/wp-json\/wp\/v2\/media\/127951"}],"wp:attachment":[{"href":"https:\/\/staging6.peach-pump.com\/en\/wp-json\/wp\/v2\/media?parent=128361"}],"wp:term":[{"taxonomy":"product_brand","embeddable":true,"href":"https:\/\/staging6.peach-pump.com\/en\/wp-json\/wp\/v2\/product_brand?post=128361"},{"taxonomy":"product_cat","embeddable":true,"href":"https:\/\/staging6.peach-pump.com\/en\/wp-json\/wp\/v2\/product_cat?post=128361"},{"taxonomy":"product_tag","embeddable":true,"href":"https:\/\/staging6.peach-pump.com\/en\/wp-json\/wp\/v2\/product_tag?post=128361"}],"curies":[{"name":"wp","href":"https:\/\/api.w.org\/{rel}","templated":true}]}}