{"id":129251,"date":"2025-09-09T21:56:51","date_gmt":"2025-09-09T19:56:51","guid":{"rendered":"https:\/\/staging6.peach-pump.com\/products\/bezowy-sportowy-biustonosz-z-napisem-peach-pump\/"},"modified":"2025-11-10T16:01:14","modified_gmt":"2025-11-10T14:01:14","slug":"bezowy-sportowy-biustonosz-z-napisem-peach-pump","status":"publish","type":"product","link":"https:\/\/staging6.peach-pump.com\/pl\/products\/bezowy-sportowy-biustonosz-z-napisem-peach-pump\/","title":{"rendered":"Be\u017cowy sportowy biustonosz z napisem Peach Pump"},"content":{"rendered":"<p>Be\u017cowy sportowy biustonosz z bia\u0142ymi przednimi rami\u0105czkami i be\u017cowymi napisami \u201ePeach Pump\u201d.<br \/>Model posiada wk\u0142adki z uwielbianym efektem super push-up, stworzonym dla kobiet, kt\u00f3re chc\u0105 czu\u0107 si\u0119 pewnie, seksownie i stylowo \u2013 zar\u00f3wno na si\u0142owni, jak i poza ni\u0105. Elastyczny i oddychaj\u0105cy materia\u0142 zapewnia wygod\u0119, szybko odprowadza wilgo\u0107 z cia\u0142a i utrzymuje \u015bwie\u017co\u015b\u0107. Biustonosz ma ciekawy, elastyczny ty\u0142 z regulowanym, kilkustopniowym zapi\u0119ciem, co gwarantuje lepsze podtrzymanie biustu podczas treningu. Idealny do fitnessu, jogi, cardio, \u0107wicze\u0144 aerobowych, a tak\u017ce do noszenia na co dzie\u0144. Dost\u0119pny w kilku modnych, \u0142atwych do \u0142\u0105czenia kolorach. Ten model biustonosza od Peach Pump to nowy must-have, kt\u00f3ry koniecznie powinien znale\u017a\u0107 si\u0119 w Twojej garderobie.      <\/p>\n<ul>\n<li>Nowoczesny kr\u00f3j<\/li>\n<li>Wyjmowane wk\u0142adki Super Push-up<\/li>\n<li>Paski z przodu z napisem Peach Pump<\/li>\n<li>Logo Summer Peach Pump z przodu<\/li>\n<li>Elastyczny, krzy\u017cowany ty\u0142.<\/li>\n<li>Regulowane zapi\u0119cie na kilka stopni.<\/li>\n<\/ul>\n<p>70% poliester 30% elastan<\/p>\n<p>Biustonosz mo\u017cna pra\u0107 w temperaturze do 30 stopni. Nie wybiela\u0107. Nie czy\u015bci\u0107 chemicznie.<\/p>\n<p>Model na zdj\u0119ciu ma 170 wzrostu i wa\u017cy 50 kg. i pozuje w rozmiarze S.<\/p>\n<p>Aby wybra\u0107 dok\u0142adny rozmiar, skorzystaj z tabel rozmiarowych.<\/p>\n","protected":false},"excerpt":{"rendered":"<p>Be\u017cowy sportowy biustonosz z bia\u0142ymi przednimi rami\u0105czkami i be\u017cowymi napisami \u201ePeach Pump\u201d.Model posiada wk\u0142adki z uwielbianym efektem super push-up, stworzonym dla kobiet, kt\u00f3re chc\u0105 czu\u0107 si\u0119 pewnie, seksownie i stylowo \u2013 zar\u00f3wno na si\u0142owni, jak i poza ni\u0105. Elastyczny i oddychaj\u0105cy materia\u0142 zapewnia wygod\u0119, szybko odprowadza wilgo\u0107 z cia\u0142a i utrzymuje \u015bwie\u017co\u015b\u0107. Biustonosz ma ciekawy, [&hellip;]<\/p>\n","protected":false},"featured_media":128966,"comment_status":"open","ping_status":"closed","template":"","meta":[],"product_brand":[],"product_cat":[361],"product_tag":[],"class_list":{"0":"post-129251","1":"product","2":"type-product","3":"status-publish","4":"has-post-thumbnail","6":"product_cat-biustonosz-staniki-sportove","7":"pa_cviat-bezowy","8":"pa_razmer-l-pl","9":"pa_razmer-m-pl-2","10":"pa_razmer-s-pl-2","11":"inventories-world","13":"first","14":"instock","15":"taxable","16":"shipping-taxable","17":"purchasable","18":"product-type-variable"},"_links":{"self":[{"href":"https:\/\/staging6.peach-pump.com\/pl\/wp-json\/wp\/v2\/product\/129251","targetHints":{"allow":["GET"]}}],"collection":[{"href":"https:\/\/staging6.peach-pump.com\/pl\/wp-json\/wp\/v2\/product"}],"about":[{"href":"https:\/\/staging6.peach-pump.com\/pl\/wp-json\/wp\/v2\/types\/product"}],"replies":[{"embeddable":true,"href":"https:\/\/staging6.peach-pump.com\/pl\/wp-json\/wp\/v2\/comments?post=129251"}],"version-history":[{"count":0,"href":"https:\/\/staging6.peach-pump.com\/pl\/wp-json\/wp\/v2\/product\/129251\/revisions"}],"wp:featuredmedia":[{"embeddable":true,"href":"https:\/\/staging6.peach-pump.com\/pl\/wp-json\/wp\/v2\/media\/128966"}],"wp:attachment":[{"href":"https:\/\/staging6.peach-pump.com\/pl\/wp-json\/wp\/v2\/media?parent=129251"}],"wp:term":[{"taxonomy":"product_brand","embeddable":true,"href":"https:\/\/staging6.peach-pump.com\/pl\/wp-json\/wp\/v2\/product_brand?post=129251"},{"taxonomy":"product_cat","embeddable":true,"href":"https:\/\/staging6.peach-pump.com\/pl\/wp-json\/wp\/v2\/product_cat?post=129251"},{"taxonomy":"product_tag","embeddable":true,"href":"https:\/\/staging6.peach-pump.com\/pl\/wp-json\/wp\/v2\/product_tag?post=129251"}],"curies":[{"name":"wp","href":"https:\/\/api.w.org\/{rel}","templated":true}]}}