{"id":129264,"date":"2025-09-09T21:49:36","date_gmt":"2025-09-09T19:49:36","guid":{"rendered":"https:\/\/staging6.peach-pump.com\/products\/bialy-biustonosz-sportowy-z-napisem-peach-pump\/"},"modified":"2025-11-09T15:16:31","modified_gmt":"2025-11-09T13:16:31","slug":"bialy-biustonosz-sportowy-z-napisem-peach-pump","status":"publish","type":"product","link":"https:\/\/staging6.peach-pump.com\/pl\/products\/bialy-biustonosz-sportowy-z-napisem-peach-pump\/","title":{"rendered":"Bia\u0142y sportowy biustonosz z napisami Peach Pump"},"content":{"rendered":"<p>Bia\u0142y biustonosz sportowy z szarymi rami\u0105czkami z przodu i bia\u0142ym napisem Peach Pump. Model posiada usztywniane miseczki z uwielbianym efektem super push-up, zaprojektowane z my\u015bl\u0105 o kobietach, kt\u00f3re chc\u0105 czu\u0107 si\u0119 pewnie, seksownie i stylowo na si\u0142owni i poza ni\u0105. Rozci\u0105gliwy i oddychaj\u0105cy materia\u0142 zapewnia komfort, szybko odprowadza wilgo\u0107 z cia\u0142a i utrzymuje \u015bwie\u017co\u015b\u0107. Biustonosz ma ciekawe, elastyczne plecy z wielostopniowym zapi\u0119ciem dla lepszego podtrzymania biustu podczas treningu. Nadaje si\u0119 na si\u0142owni\u0119, jog\u0119, cardio, treningi aerobowe lub do noszenia na co dzie\u0144. Dost\u0119pny w kilku modnych i \u0142atwych do \u0142\u0105czenia i dopasowywania kolorach. Ten model biustonosza Peach Pump to nowy must-have, kt\u00f3ry musisz doda\u0107 do swojej garderoby.      <\/p>\n<ul>\n<li>Nowoczesny kr\u00f3j<\/li>\n<li>Wyjmowane wk\u0142adki Super Push-up<\/li>\n<li>Paski z przodu z napisem Peach Pump<\/li>\n<li>Logo Summer Peach Pump z przodu<\/li>\n<li>Elastyczny, krzy\u017cowany ty\u0142.<\/li>\n<li>Regulowane zapi\u0119cie na kilka stopnii<\/li>\n<\/ul>\n<p>70% poliester 30% elastan<\/p>\n<p>Biustonosz mo\u017cna pra\u0107 w temperaturze do 30 stopni. Nie wybiela\u0107. Nie czy\u015bci\u0107 chemicznie.<\/p>\n<p>Model na zdj\u0119ciu ma 170 wzrostu i wa\u017cy 50 kg. i pozuje w rozmiarze S.<\/p>\n<p>Aby wybra\u0107 dok\u0142adny rozmiar, skorzystaj z tabel rozmiarowych.<\/p>\n","protected":false},"excerpt":{"rendered":"<p>Bia\u0142y biustonosz sportowy z szarymi rami\u0105czkami z przodu i bia\u0142ym napisem Peach Pump. Model posiada usztywniane miseczki z uwielbianym efektem super push-up, zaprojektowane z my\u015bl\u0105 o kobietach, kt\u00f3re chc\u0105 czu\u0107 si\u0119 pewnie, seksownie i stylowo na si\u0142owni i poza ni\u0105. Rozci\u0105gliwy i oddychaj\u0105cy materia\u0142 zapewnia komfort, szybko odprowadza wilgo\u0107 z cia\u0142a i utrzymuje \u015bwie\u017co\u015b\u0107. Biustonosz [&hellip;]<\/p>\n","protected":false},"featured_media":128879,"comment_status":"open","ping_status":"closed","template":"","meta":[],"product_brand":[],"product_cat":[361],"product_tag":[],"class_list":{"0":"post-129264","1":"product","2":"type-product","3":"status-publish","4":"has-post-thumbnail","6":"product_cat-biustonosz-staniki-sportove","7":"pa_cviat-bialy-pl","8":"pa_razmer-l-pl","9":"pa_razmer-m-pl-2","10":"pa_razmer-s-pl-2","11":"inventories-world","13":"first","14":"instock","15":"taxable","16":"shipping-taxable","17":"purchasable","18":"product-type-variable"},"_links":{"self":[{"href":"https:\/\/staging6.peach-pump.com\/pl\/wp-json\/wp\/v2\/product\/129264","targetHints":{"allow":["GET"]}}],"collection":[{"href":"https:\/\/staging6.peach-pump.com\/pl\/wp-json\/wp\/v2\/product"}],"about":[{"href":"https:\/\/staging6.peach-pump.com\/pl\/wp-json\/wp\/v2\/types\/product"}],"replies":[{"embeddable":true,"href":"https:\/\/staging6.peach-pump.com\/pl\/wp-json\/wp\/v2\/comments?post=129264"}],"version-history":[{"count":0,"href":"https:\/\/staging6.peach-pump.com\/pl\/wp-json\/wp\/v2\/product\/129264\/revisions"}],"wp:featuredmedia":[{"embeddable":true,"href":"https:\/\/staging6.peach-pump.com\/pl\/wp-json\/wp\/v2\/media\/128879"}],"wp:attachment":[{"href":"https:\/\/staging6.peach-pump.com\/pl\/wp-json\/wp\/v2\/media?parent=129264"}],"wp:term":[{"taxonomy":"product_brand","embeddable":true,"href":"https:\/\/staging6.peach-pump.com\/pl\/wp-json\/wp\/v2\/product_brand?post=129264"},{"taxonomy":"product_cat","embeddable":true,"href":"https:\/\/staging6.peach-pump.com\/pl\/wp-json\/wp\/v2\/product_cat?post=129264"},{"taxonomy":"product_tag","embeddable":true,"href":"https:\/\/staging6.peach-pump.com\/pl\/wp-json\/wp\/v2\/product_tag?post=129264"}],"curies":[{"name":"wp","href":"https:\/\/api.w.org\/{rel}","templated":true}]}}