{"id":129269,"date":"2025-09-09T21:41:41","date_gmt":"2025-09-09T19:41:41","guid":{"rendered":"https:\/\/staging6.peach-pump.com\/products\/%d1%87%d0%b5%d1%80%d0%bd%d0%be-%d1%81%d0%bf%d0%be%d1%80%d1%82%d0%bd%d0%be-%d0%b1%d1%8e%d1%81%d1%82%d0%b8%d0%b5-%d1%81-%d0%bd%d0%b0%d0%b4%d0%bf%d0%b8%d1%81%d0%b8\/"},"modified":"2025-11-10T16:08:29","modified_gmt":"2025-11-10T14:08:29","slug":"%d1%87%d0%b5%d1%80%d0%bd%d0%be-%d1%81%d0%bf%d0%be%d1%80%d1%82%d0%bd%d0%be-%d0%b1%d1%8e%d1%81%d1%82%d0%b8%d0%b5-%d1%81-%d0%bd%d0%b0%d0%b4%d0%bf%d0%b8%d1%81%d0%b8","status":"publish","type":"product","link":"https:\/\/staging6.peach-pump.com\/pl\/products\/%d1%87%d0%b5%d1%80%d0%bd%d0%be-%d1%81%d0%bf%d0%be%d1%80%d1%82%d0%bd%d0%be-%d0%b1%d1%8e%d1%81%d1%82%d0%b8%d0%b5-%d1%81-%d0%bd%d0%b0%d0%b4%d0%bf%d0%b8%d1%81%d0%b8\/","title":{"rendered":"Czarny, sportowy biustonosz z napisem Peach Pump"},"content":{"rendered":"<p>Czarny biustonosz sportowy z bia\u0142ymi rami\u0105czkami z przodu i czarnym napisem Peach Pump. Model posiada usztywniane miseczki z uwielbianym efektem super push-up, zaprojektowane z my\u015bl\u0105 o kobietach, kt\u00f3re chc\u0105 czu\u0107 si\u0119 pewnie, seksownie i stylowo na si\u0142owni i poza ni\u0105. Rozci\u0105gliwy i oddychaj\u0105cy materia\u0142 zapewnia komfort, szybko odprowadza wilgo\u0107 z cia\u0142a i utrzymuje \u015bwie\u017co\u015b\u0107. Biustonosz ma ciekawe, elastyczne plecy z wielostopniowym zapi\u0119ciem dla lepszego podtrzymania biustu podczas treningu. Nadaje si\u0119 na si\u0142owni\u0119, jog\u0119, cardio, treningi aerobowe lub do noszenia na co dzie\u0144. Dost\u0119pny w kilku modnych i \u0142atwych do \u0142\u0105czenia i dopasowywania kolorach. Ten model biustonosza Peach Pump to nowy must-have, kt\u00f3ry musisz doda\u0107 do swojej garderoby.      <\/p>\n<ul>\n<li>Nowoczesny kr\u00f3j<\/li>\n<li>Wyjmowane wk\u0142adki Super Push-up<\/li>\n<li>Paski z przodu z napisem Peach Pump<\/li>\n<li>Logo Summer Peach Pump z przodu<\/li>\n<li>Elastyczny, krzy\u017cowany ty\u0142.<\/li>\n<li>Regulowane zapi\u0119cie w kilku etapach<\/li>\n<\/ul>\n<p>70% poliester 30% elastan<\/p>\n<p>Biustonosz mo\u017cna pra\u0107 w temperaturze do 30 stopni. Nie wybiela\u0107. Nie czy\u015bci\u0107 chemicznie.<\/p>\n<p>Model na zdj\u0119ciu ma 170 wzrostu i wa\u017cy 50 kg. i pozuje w rozmiarze S.<\/p>\n<p>Aby wybra\u0107 dok\u0142adny rozmiar, skorzystaj z tabel rozmiarowych.<\/p>\n","protected":false},"excerpt":{"rendered":"<p>Czarny biustonosz sportowy z bia\u0142ymi rami\u0105czkami z przodu i czarnym napisem Peach Pump. Model posiada usztywniane miseczki z uwielbianym efektem super push-up, zaprojektowane z my\u015bl\u0105 o kobietach, kt\u00f3re chc\u0105 czu\u0107 si\u0119 pewnie, seksownie i stylowo na si\u0142owni i poza ni\u0105. Rozci\u0105gliwy i oddychaj\u0105cy materia\u0142 zapewnia komfort, szybko odprowadza wilgo\u0107 z cia\u0142a i utrzymuje \u015bwie\u017co\u015b\u0107. Biustonosz [&hellip;]<\/p>\n","protected":false},"featured_media":128790,"comment_status":"open","ping_status":"closed","template":"","meta":[],"product_brand":[],"product_cat":[361],"product_tag":[],"class_list":{"0":"post-129269","1":"product","2":"type-product","3":"status-publish","4":"has-post-thumbnail","6":"product_cat-biustonosz-staniki-sportove","7":"pa_cviat-czarny","8":"pa_razmer-l-pl","9":"pa_razmer-m-pl-2","10":"pa_razmer-s-pl-2","11":"inventories-world","13":"first","14":"instock","15":"taxable","16":"shipping-taxable","17":"purchasable","18":"product-type-variable"},"_links":{"self":[{"href":"https:\/\/staging6.peach-pump.com\/en\/wp-json\/wp\/v2\/product\/129269","targetHints":{"allow":["GET"]}}],"collection":[{"href":"https:\/\/staging6.peach-pump.com\/en\/wp-json\/wp\/v2\/product"}],"about":[{"href":"https:\/\/staging6.peach-pump.com\/en\/wp-json\/wp\/v2\/types\/product"}],"replies":[{"embeddable":true,"href":"https:\/\/staging6.peach-pump.com\/en\/wp-json\/wp\/v2\/comments?post=129269"}],"version-history":[{"count":0,"href":"https:\/\/staging6.peach-pump.com\/en\/wp-json\/wp\/v2\/product\/129269\/revisions"}],"wp:featuredmedia":[{"embeddable":true,"href":"https:\/\/staging6.peach-pump.com\/en\/wp-json\/wp\/v2\/media\/128790"}],"wp:attachment":[{"href":"https:\/\/staging6.peach-pump.com\/en\/wp-json\/wp\/v2\/media?parent=129269"}],"wp:term":[{"taxonomy":"product_brand","embeddable":true,"href":"https:\/\/staging6.peach-pump.com\/en\/wp-json\/wp\/v2\/product_brand?post=129269"},{"taxonomy":"product_cat","embeddable":true,"href":"https:\/\/staging6.peach-pump.com\/en\/wp-json\/wp\/v2\/product_cat?post=129269"},{"taxonomy":"product_tag","embeddable":true,"href":"https:\/\/staging6.peach-pump.com\/en\/wp-json\/wp\/v2\/product_tag?post=129269"}],"curies":[{"name":"wp","href":"https:\/\/api.w.org\/{rel}","templated":true}]}}