{"id":131595,"date":"2025-10-04T20:52:15","date_gmt":"2025-10-04T18:52:15","guid":{"rendered":"https:\/\/staging6.peach-pump.com\/products\/bezowa-gruba-kurtka-zimowa-z-kapturem-peach-pump\/"},"modified":"2025-11-09T19:08:58","modified_gmt":"2025-11-09T17:08:58","slug":"bezowa-gruba-kurtka-zimowa-z-kapturem-peach-pump","status":"publish","type":"product","link":"https:\/\/staging6.peach-pump.com\/pl\/products\/bezowa-gruba-kurtka-zimowa-z-kapturem-peach-pump\/","title":{"rendered":"Be\u017cowa, gruba kurtka zimowa z kapturem &#8211; Peach Pump"},"content":{"rendered":"<p>Be\u017cowa, gruba kurtka zimowa z kapturem i haftem z przodu &#8211; Peach Pump. Model ma g\u0119ste bawe\u0142niane wype\u0142nienie, kr\u00f3j poni\u017cej talii, regulowany d\u00f3\u0142 z elastycznymi wi\u0105zaniami, r\u0119kawy z mankietami i otworami na kciuki, dwie boczne uko\u015bne kieszenie zamykane na zamek b\u0142yskawiczny dla praktyczno\u015bci. Z przodu znajduje si\u0119 ukryty zamek b\u0142yskawiczny z klapk\u0105, kt\u00f3ry zamyka si\u0119 na magnesy i haftowane logo &#8220;Peach Pump&#8221; z przodu, a tak\u017ce haftowane logo &#8220;Peach Pump&#8221; na ramieniu.  <\/p>\n<p>Kurtka ma wysoki ko\u0142nierz i regulowany kaptur dla maksymalnej ochrony przed wiatrem, ma mi\u0119kk\u0105 be\u017cow\u0105 podszewk\u0119. W tym modelu b\u0119dzie Ci ciep\u0142o, a jednocze\u015bnie poczujesz si\u0119 pi\u0119kna, pewna siebie i seksowna. Kurtka nadaje si\u0119 zar\u00f3wno do casualowych, jak i sportowych stylizacji, \u0142atwo j\u0105 po\u0142\u0105czy\u0107.<\/p>\n<p>Styl i ciep\u0142o w jednym, stworzone z mi\u0142o\u015bci\u0105 dla Ciebie!<\/p>\n<ul>\n<li>Zielona ciep\u0142a kurtka zimowa z wype\u0142nieniem ze 100% bawe\u0142ny<\/li>\n<li>Wysoka jako\u015b\u0107<\/li>\n<li>Kaptur z zapi\u0119ciem dla ochrony przed wiatrem<\/li>\n<li>Wysoki ko\u0142nierz.<\/li>\n<li>Przedni zamek b\u0142yskawiczny z klap\u0105 zamykan\u0105 na magnesy<\/li>\n<li>Boczne kieszenie zapinane na zamek.<\/li>\n<li>Wyszywane logo 3D &#8220;Peach Pump&#8221; z przodu i na ramieniu<\/li>\n<li>Mi\u0119kka podszewka.<\/li>\n<li>Elastyczne mankiety na r\u0119kawach z otworami na kciuki<\/li>\n<li>Regulowany d\u00f3\u0142 z elastycznymi wi\u0105zaniami w talii<\/li>\n<\/ul>\n<p>Sk\u0142ad cz\u0119\u015b\u0107 zewn\u0119trzna: 100% poliester Wype\u0142nienie: 100% bawe\u0142na<\/p>\n<p>Model na zdj\u0119ciu ma 180 wzrostu i wa\u017cy 58 kg. i pozuje w rozmiarze S.<\/p>\n<p>Aby prawid\u0142owo dba\u0107 o materia\u0142, post\u0119puj zgodnie z instrukcjami na etykiecie.<\/p>\n","protected":false},"excerpt":{"rendered":"<p>Be\u017cowa, gruba kurtka zimowa z kapturem i haftem z przodu &#8211; Peach Pump. Model ma g\u0119ste bawe\u0142niane wype\u0142nienie, kr\u00f3j poni\u017cej talii, regulowany d\u00f3\u0142 z elastycznymi wi\u0105zaniami, r\u0119kawy z mankietami i otworami na kciuki, dwie boczne uko\u015bne kieszenie zamykane na zamek b\u0142yskawiczny dla praktyczno\u015bci. Z przodu znajduje si\u0119 ukryty zamek b\u0142yskawiczny z klapk\u0105, kt\u00f3ry zamyka si\u0119 [&hellip;]<\/p>\n","protected":false},"featured_media":131115,"comment_status":"open","ping_status":"closed","template":"","meta":[],"product_brand":[],"product_cat":[923],"product_tag":[],"class_list":{"0":"post-131595","1":"product","2":"type-product","3":"status-publish","4":"has-post-thumbnail","6":"product_cat-damskie-kurtki","7":"pa_cviat-bezowy","8":"pa_razmer-m-pl-2","9":"pa_razmer-s-pl-2","10":"inventories-world","12":"first","13":"instock","14":"taxable","15":"shipping-taxable","16":"purchasable","17":"product-type-variable"},"_links":{"self":[{"href":"https:\/\/staging6.peach-pump.com\/pl\/wp-json\/wp\/v2\/product\/131595","targetHints":{"allow":["GET"]}}],"collection":[{"href":"https:\/\/staging6.peach-pump.com\/pl\/wp-json\/wp\/v2\/product"}],"about":[{"href":"https:\/\/staging6.peach-pump.com\/pl\/wp-json\/wp\/v2\/types\/product"}],"replies":[{"embeddable":true,"href":"https:\/\/staging6.peach-pump.com\/pl\/wp-json\/wp\/v2\/comments?post=131595"}],"version-history":[{"count":0,"href":"https:\/\/staging6.peach-pump.com\/pl\/wp-json\/wp\/v2\/product\/131595\/revisions"}],"wp:featuredmedia":[{"embeddable":true,"href":"https:\/\/staging6.peach-pump.com\/pl\/wp-json\/wp\/v2\/media\/131115"}],"wp:attachment":[{"href":"https:\/\/staging6.peach-pump.com\/pl\/wp-json\/wp\/v2\/media?parent=131595"}],"wp:term":[{"taxonomy":"product_brand","embeddable":true,"href":"https:\/\/staging6.peach-pump.com\/pl\/wp-json\/wp\/v2\/product_brand?post=131595"},{"taxonomy":"product_cat","embeddable":true,"href":"https:\/\/staging6.peach-pump.com\/pl\/wp-json\/wp\/v2\/product_cat?post=131595"},{"taxonomy":"product_tag","embeddable":true,"href":"https:\/\/staging6.peach-pump.com\/pl\/wp-json\/wp\/v2\/product_tag?post=131595"}],"curies":[{"name":"wp","href":"https:\/\/api.w.org\/{rel}","templated":true}]}}