{"id":134683,"date":"2025-11-05T14:30:06","date_gmt":"2025-11-05T12:30:06","guid":{"rendered":"https:\/\/staging6.peach-pump.com\/products\/niebieskie-damskie-legginsy-sportowe-z-szerokimi-nogawkami\/"},"modified":"2025-11-10T16:43:25","modified_gmt":"2025-11-10T14:43:25","slug":"niebieskie-damskie-legginsy-sportowe-z-szerokimi-nogawkami","status":"publish","type":"product","link":"https:\/\/staging6.peach-pump.com\/pl\/products\/niebieskie-damskie-legginsy-sportowe-z-szerokimi-nogawkami\/","title":{"rendered":"Niebieskie damskie legginsy sportowe z szerokimi nogawkami"},"content":{"rendered":"<p>Sportowe legginsy z szerokimi, prostymi nogawkami w niebieskim kolorze to idealny wyb\u00f3r zar\u00f3wno na trening, jak i na co dzie\u0144. Wykonane z mi\u0119kkiego, elastycznego i oddychaj\u0105cego materia\u0142u, kt\u00f3ry zapewnia swobod\u0119 ruch\u00f3w i idealne dopasowanie do cia\u0142a dzi\u0119ki krojowi, kt\u00f3ry wyd\u0142u\u017ca sylwetk\u0119. Materia\u0142 jest delikatny dla sk\u00f3ry i nie prze\u015bwituje, nawet przy bardziej intensywnych \u0107wiczeniach. Odpowiednie na jog\u0119, pilates, si\u0142owni\u0119 lub spacer &#8211; legginsy b\u0119d\u0105 Twoim nowym ulubionym wyborem zapewniaj\u0105cym wygod\u0119 i pewno\u015b\u0107 siebie ka\u017cdego dnia.   <\/p>\n<ul>\n<li>Prosty kr\u00f3j wyd\u0142u\u017caj\u0105cy sylwetk\u0119<\/li>\n<li>Mi\u0119kki, elastyczny i oddychaj\u0105cy materia\u0142<\/li>\n<li>P\u0142askie szwy<\/li>\n<li>Bez szwu z przodu<\/li>\n<li>Termicznie naklejone logo 3D Peach Pump w talii i z przodu po lewej stronie leggins\u00f3w<\/li>\n<li>Tkanina, kt\u00f3ra nie zatrzymuje wilgoci w ciele<\/li>\n<\/ul>\n<p>Sk\u0142ad: elastan i poliester<\/p>\n<p>Legginsy mo\u017cna pra\u0107 w temperaturze do 30 stopni, nie wybiela\u0107, nie suszy\u0107 w suszarce b\u0119bnowej ani nie czy\u015bci\u0107 chemicznie.<\/p>\n<p>D\u0142ugo\u015b\u0107 klina: S 107 cm. M 108 cm. L 110 cm.<\/p>\n<p>Modelka na zdj\u0119ciu ma 165 cm wzrostu, wa\u017cy 54 kg i pozuje w rozmiarze S.<\/p>\n<p>Aby wybra\u0107 dok\u0142adny rozmiar, skorzystaj z tabel rozmiarowych.<\/p>\n<p>&nbsp;<\/p>\n<p>&nbsp;<\/p>\n","protected":false},"excerpt":{"rendered":"<p>Sportowe legginsy z szerokimi, prostymi nogawkami w niebieskim kolorze to idealny wyb\u00f3r zar\u00f3wno na trening, jak i na co dzie\u0144. Wykonane z mi\u0119kkiego, elastycznego i oddychaj\u0105cego materia\u0142u, kt\u00f3ry zapewnia swobod\u0119 ruch\u00f3w i idealne dopasowanie do cia\u0142a dzi\u0119ki krojowi, kt\u00f3ry wyd\u0142u\u017ca sylwetk\u0119. Materia\u0142 jest delikatny dla sk\u00f3ry i nie prze\u015bwituje, nawet przy bardziej intensywnych \u0107wiczeniach. Odpowiednie [&hellip;]<\/p>\n","protected":false},"featured_media":134276,"comment_status":"open","ping_status":"closed","template":"","meta":[],"product_brand":[],"product_cat":[144,307],"product_tag":[],"class_list":{"0":"post-134683","1":"product","2":"type-product","3":"status-publish","4":"has-post-thumbnail","6":"product_cat-legginsy-sportowe-damskie","7":"product_cat-legginsy-damskie-dlugie","8":"pa_cviat-niebieski","9":"pa_razmer-l-pl","10":"pa_razmer-m-pl-2","11":"pa_razmer-s-pl-2","12":"inventories-world","14":"first","15":"instock","16":"taxable","17":"shipping-taxable","18":"purchasable","19":"product-type-variable"},"_links":{"self":[{"href":"https:\/\/staging6.peach-pump.com\/pl\/wp-json\/wp\/v2\/product\/134683","targetHints":{"allow":["GET"]}}],"collection":[{"href":"https:\/\/staging6.peach-pump.com\/pl\/wp-json\/wp\/v2\/product"}],"about":[{"href":"https:\/\/staging6.peach-pump.com\/pl\/wp-json\/wp\/v2\/types\/product"}],"replies":[{"embeddable":true,"href":"https:\/\/staging6.peach-pump.com\/pl\/wp-json\/wp\/v2\/comments?post=134683"}],"version-history":[{"count":0,"href":"https:\/\/staging6.peach-pump.com\/pl\/wp-json\/wp\/v2\/product\/134683\/revisions"}],"wp:featuredmedia":[{"embeddable":true,"href":"https:\/\/staging6.peach-pump.com\/pl\/wp-json\/wp\/v2\/media\/134276"}],"wp:attachment":[{"href":"https:\/\/staging6.peach-pump.com\/pl\/wp-json\/wp\/v2\/media?parent=134683"}],"wp:term":[{"taxonomy":"product_brand","embeddable":true,"href":"https:\/\/staging6.peach-pump.com\/pl\/wp-json\/wp\/v2\/product_brand?post=134683"},{"taxonomy":"product_cat","embeddable":true,"href":"https:\/\/staging6.peach-pump.com\/pl\/wp-json\/wp\/v2\/product_cat?post=134683"},{"taxonomy":"product_tag","embeddable":true,"href":"https:\/\/staging6.peach-pump.com\/pl\/wp-json\/wp\/v2\/product_tag?post=134683"}],"curies":[{"name":"wp","href":"https:\/\/api.w.org\/{rel}","templated":true}]}}