{"id":57976,"date":"2023-06-03T19:26:21","date_gmt":"2023-06-03T17:26:21","guid":{"rendered":"https:\/\/staging6.peach-pump.com\/products\/biala-czapka-z-daszkiem-peach-pump\/"},"modified":"2025-10-06T15:17:36","modified_gmt":"2025-10-06T13:17:36","slug":"biala-czapka-z-daszkiem-peach-pump","status":"publish","type":"product","link":"https:\/\/staging6.peach-pump.com\/pl\/products\/biala-czapka-z-daszkiem-peach-pump\/","title":{"rendered":"Bia\u0142a czapka z daszkiem Peach Pump"},"content":{"rendered":"<p>Po\u0142\u0105cz swoje ulubione legginsy i staniki z bia\u0142\u0105 czapk\u0105 z daszkiem Peach Pump. W gor\u0105ce letnie miesi\u0105ce b\u0119dzie doskona\u0142ym uzupe\u0142nieniem Twojej stylizacji, a jednocze\u015bnie os\u0142oni twarz przed ostrym s\u0142o\u0144cem. Czapka ma efektowny, haftowany wz\u00f3r tr\u00f3jwymiarowy z czarnym logo z bia\u0142\u0105 obw\u00f3dk\u0105 i motywacyjnym napisem: &#8220;Remember why you started&#8221; . Czapka jest regulowana za pomoc\u0105 zapi\u0119cia na klamr\u0119, a daszek jest zakrzywiony. B\u0105d\u017a stylowa i wyr\u00f3\u017cniaj\u0105ca si\u0119 dzi\u0119ki temu doskona\u0142emu wyko\u0144czeniu swojego sportowego stroju.<\/p>\n","protected":false},"excerpt":{"rendered":"<p>Po\u0142\u0105cz swoje ulubione legginsy i staniki z bia\u0142\u0105 czapk\u0105 z daszkiem Peach Pump. W gor\u0105ce letnie miesi\u0105ce b\u0119dzie doskona\u0142ym uzupe\u0142nieniem Twojej stylizacji, a jednocze\u015bnie os\u0142oni twarz przed ostrym s\u0142o\u0144cem. Czapka ma efektowny, haftowany wz\u00f3r tr\u00f3jwymiarowy z czarnym logo z bia\u0142\u0105 obw\u00f3dk\u0105 i motywacyjnym napisem: &#8220;Remember why you started&#8221; . Czapka jest regulowana za pomoc\u0105 zapi\u0119cia [&hellip;]<\/p>\n","protected":false},"featured_media":41065,"comment_status":"open","ping_status":"closed","template":"","meta":[],"product_brand":[],"product_cat":[861],"product_tag":[],"class_list":{"0":"post-57976","1":"product","2":"type-product","3":"status-publish","4":"has-post-thumbnail","6":"product_cat-akcesoria","7":"pa_cviat-bialy-pl","8":"pa_razmer-one-size-pl","9":"inventories-world","10":"inventories-uk","12":"first","13":"instock","14":"taxable","15":"shipping-taxable","16":"purchasable","17":"product-type-variable","18":"has-default-attributes"},"_links":{"self":[{"href":"https:\/\/staging6.peach-pump.com\/en\/wp-json\/wp\/v2\/product\/57976","targetHints":{"allow":["GET"]}}],"collection":[{"href":"https:\/\/staging6.peach-pump.com\/en\/wp-json\/wp\/v2\/product"}],"about":[{"href":"https:\/\/staging6.peach-pump.com\/en\/wp-json\/wp\/v2\/types\/product"}],"replies":[{"embeddable":true,"href":"https:\/\/staging6.peach-pump.com\/en\/wp-json\/wp\/v2\/comments?post=57976"}],"version-history":[{"count":0,"href":"https:\/\/staging6.peach-pump.com\/en\/wp-json\/wp\/v2\/product\/57976\/revisions"}],"wp:featuredmedia":[{"embeddable":true,"href":"https:\/\/staging6.peach-pump.com\/en\/wp-json\/wp\/v2\/media\/41065"}],"wp:attachment":[{"href":"https:\/\/staging6.peach-pump.com\/en\/wp-json\/wp\/v2\/media?parent=57976"}],"wp:term":[{"taxonomy":"product_brand","embeddable":true,"href":"https:\/\/staging6.peach-pump.com\/en\/wp-json\/wp\/v2\/product_brand?post=57976"},{"taxonomy":"product_cat","embeddable":true,"href":"https:\/\/staging6.peach-pump.com\/en\/wp-json\/wp\/v2\/product_cat?post=57976"},{"taxonomy":"product_tag","embeddable":true,"href":"https:\/\/staging6.peach-pump.com\/en\/wp-json\/wp\/v2\/product_tag?post=57976"}],"curies":[{"name":"wp","href":"https:\/\/api.w.org\/{rel}","templated":true}]}}