{"id":58107,"date":"2023-05-20T19:47:41","date_gmt":"2023-05-20T17:47:41","guid":{"rendered":"https:\/\/staging6.peach-pump.com\/products\/dwuczesciowy-zestaw-w-kolorze-bezowym-na-spacery-i-do-uprawiania-sportu\/"},"modified":"2024-08-28T12:55:09","modified_gmt":"2024-08-28T10:55:09","slug":"zestaw-dwuczesciowy-bezowy","status":"publish","type":"product","link":"https:\/\/staging6.peach-pump.com\/pl\/products\/zestaw-dwuczesciowy-bezowy\/","title":{"rendered":"Dwucz\u0119\u015bciowy zestaw w kolorze be\u017cowym na spacery i do uprawiania sportu."},"content":{"rendered":"<p>Dwucz\u0119\u015bciowy zestaw be\u017cowy z legginsami z rozszerzan\u0105 nogawk\u0105 (typ Charlestona) bez szwu z przodu, kt\u00f3re modeluj\u0105 cia\u0142o i rze\u017abi\u0105 sylwetk\u0119, wyd\u0142u\u017caj\u0105c nogi i podkre\u015blaj\u0105c tali\u0119. Bardzo modne i efektowne w tym sezonie. Mo\u017cna je po\u0142\u0105czy\u0107 ze stanikiem w tym samym wzorze. Do wyboru s\u0105 dwie opcje: z jednym rami\u0105czkiem lub z regulowanym wi\u0105zaniem na plecach. Niezale\u017cnie od tego, kt\u00f3ry z tych dw\u00f3ch modeli zostanie wybrany przez Ciebie, nie pozostaniesz niezauwa\u017cona. Zestaw sportowy wykonany jest z bardzo elastycznego i oddychaj\u0105cego materia\u0142u w drobne pr\u0105\u017cki, kt\u00f3ry nie pozwala na pocenie si\u0119. Model ten zapewni Ci pe\u0142n\u0105 swobod\u0119 ruchu.<\/p>\n<p>Stanik:<\/p>\n<ul>\n<li>Materia\u0142 w pr\u0105\u017cki<\/li>\n<li>Termicznie naklejone logo Peach Pump z przodu po lewej stronie stanika<\/li>\n<li>Du\u017ca elastyczno\u015b\u0107<\/li>\n<li>Bezszwowy materia\u0142 w pr\u0105\u017cki<\/li>\n<li>Wyjmowane wk\u0142adki<\/li>\n<li>Regulowane wi\u0105zanie na plecach<\/li>\n<\/ul>\n<p>Legginsy<\/p>\n<ul>\n<li>Rozszerzana nogawka (typ Charlestona) z rozci\u0119ciem u do\u0142u.<\/li>\n<li>Bez szwu z przodu<\/li>\n<li>Modeluj\u0105 i ukrywaj\u0105 problematyczne obszary<\/li>\n<li>Elastyczny materia\u0142<\/li>\n<li>Brak efektu Peachy<\/li>\n<li>Termicznie naklejone logo Peach Pump z ty\u0142u leggins\u00f3w<\/li>\n<li>Tkanina odprowadzaj\u0105ca wilgo\u0107 cia\u0142a<\/li>\n<li>Ciekawy kr\u00f3j<\/li>\n<li>Wysoki stan<\/li>\n<\/ul>\n<p>Sk\u0142ad: 80% poliester 20% elastan<\/p>\n<p>Model na zdj\u0119ciu ma 178 cm wzrostu, wa\u017cy 54 kg i prezentuje legginsy i stanik w rozmiarze M.<\/p>\n<p>Legginsy i stanik mo\u017cna pra\u0107 w temperaturze do 30 stopni. Nie wybiela\u0107. Nie czy\u015bci\u0107 chemicznie.<\/p>\n","protected":false},"excerpt":{"rendered":"<p>Dwucz\u0119\u015bciowy zestaw be\u017cowy z legginsami z rozszerzan\u0105 nogawk\u0105 (typ Charlestona) bez szwu z przodu, kt\u00f3re modeluj\u0105 cia\u0142o i rze\u017abi\u0105 sylwetk\u0119, wyd\u0142u\u017caj\u0105c nogi i podkre\u015blaj\u0105c tali\u0119. Bardzo modne i efektowne w tym sezonie. Mo\u017cna je po\u0142\u0105czy\u0107 ze stanikiem w tym samym wzorze. Do wyboru s\u0105 dwie opcje: z jednym rami\u0105czkiem lub z regulowanym wi\u0105zaniem na plecach. [&hellip;]<\/p>\n","protected":false},"featured_media":39345,"comment_status":"open","ping_status":"closed","template":"","meta":[],"product_brand":[],"product_cat":[362,364],"product_tag":[],"class_list":{"0":"post-58107","1":"product","2":"type-product","3":"status-publish","4":"has-post-thumbnail","6":"product_cat-komplety-sportowe-damskie","7":"product_cat-omplet-sportowy-top-legginsy","8":"pa_cviat-bezowy","9":"pa_razmer-m-pl-2","10":"pa_razmer-s-pl-2","11":"inventories-world","12":"inventories-uk","14":"first","15":"instock","16":"virtual","17":"taxable","18":"purchasable","19":"product-type-yith_bundle"},"_links":{"self":[{"href":"https:\/\/staging6.peach-pump.com\/pl\/wp-json\/wp\/v2\/product\/58107","targetHints":{"allow":["GET"]}}],"collection":[{"href":"https:\/\/staging6.peach-pump.com\/pl\/wp-json\/wp\/v2\/product"}],"about":[{"href":"https:\/\/staging6.peach-pump.com\/pl\/wp-json\/wp\/v2\/types\/product"}],"replies":[{"embeddable":true,"href":"https:\/\/staging6.peach-pump.com\/pl\/wp-json\/wp\/v2\/comments?post=58107"}],"version-history":[{"count":0,"href":"https:\/\/staging6.peach-pump.com\/pl\/wp-json\/wp\/v2\/product\/58107\/revisions"}],"wp:featuredmedia":[{"embeddable":true,"href":"https:\/\/staging6.peach-pump.com\/pl\/wp-json\/wp\/v2\/media\/39345"}],"wp:attachment":[{"href":"https:\/\/staging6.peach-pump.com\/pl\/wp-json\/wp\/v2\/media?parent=58107"}],"wp:term":[{"taxonomy":"product_brand","embeddable":true,"href":"https:\/\/staging6.peach-pump.com\/pl\/wp-json\/wp\/v2\/product_brand?post=58107"},{"taxonomy":"product_cat","embeddable":true,"href":"https:\/\/staging6.peach-pump.com\/pl\/wp-json\/wp\/v2\/product_cat?post=58107"},{"taxonomy":"product_tag","embeddable":true,"href":"https:\/\/staging6.peach-pump.com\/pl\/wp-json\/wp\/v2\/product_tag?post=58107"}],"curies":[{"name":"wp","href":"https:\/\/api.w.org\/{rel}","templated":true}]}}