{"id":58113,"date":"2023-05-20T20:01:26","date_gmt":"2023-05-20T18:01:26","guid":{"rendered":"https:\/\/staging6.peach-pump.com\/products\/efektowne-legginsy-z-rozszerzanymi-nogawkami-w-kolorze-czarnym\/"},"modified":"2025-11-04T18:38:13","modified_gmt":"2025-11-04T16:38:13","slug":"efektowne-legginsy-z-rozszerzanymi-nogawkami-w-kolorze-czarnym","status":"publish","type":"product","link":"https:\/\/staging6.peach-pump.com\/pl\/products\/efektowne-legginsy-z-rozszerzanymi-nogawkami-w-kolorze-czarnym\/","title":{"rendered":"Efektowne legginsy z rozszerzanymi nogawkami w kolorze czarnym"},"content":{"rendered":"<p>Najnowszy hitowy model &#8211; czarne legginsy z rozszerzanymi nogawkami, bez szwu z przodu, modeluj\u0105 cia\u0142o i rze\u017abi\u0105 sylwetk\u0119, wyd\u0142u\u017caj\u0105c nogi i przyci\u0105gaj\u0105c tali\u0119. Bardzo modne i efektowne w tym sezonie. Mo\u017cna je po\u0142\u0105czy\u0107 ze stanikiem w tym samym wzorze. Legginsy sportowe wykonane s\u0105 z bardzo elastycznego i oddychaj\u0105cego materia\u0142u w drobne pr\u0105\u017cki, kt\u00f3ry nie pozwala na pocenie si\u0119. Ten model zapewnia pe\u0142n\u0105 swobod\u0119 ruch\u00f3w.  <\/p>\n<ul>\n<li>Rozszerzana nogawka (typ Charlestona) z rozci\u0119ciem u do\u0142u.<\/li>\n<li>Bez szwu z przodu<\/li>\n<li>Modeluj\u0105 i ukrywaj\u0105 problematyczne obszary<\/li>\n<li>Elastyczny materia\u0142<\/li>\n<li>Brak efektu Peachy<\/li>\n<li>Zgrzewane logo Peach Pump z ty\u0142u leggins\u00f3w<\/li>\n<li>Tkanina odprowadzaj\u0105ca wilgo\u0107 z cia\u0142a<\/li>\n<li>Ciekawy kr\u00f3j<\/li>\n<li>Wysoki stan<\/li>\n<\/ul>\n<p> Sk\u0142ad: 80% poliester, 20% elastan. Modelka na zdj\u0119ciu ma 178 cm wzrostu, wa\u017cy 54 kg i pozuje w rozmiarze M. Legginsy mo\u017cna pra\u0107 w temperaturze do 30 stopni, nie u\u017cywa\u0107 wybielaczy i nie czy\u015bci\u0107 chemicznie.<\/p>\n","protected":false},"excerpt":{"rendered":"<p>Najnowszy hitowy model &#8211; czarne legginsy z rozszerzanymi nogawkami, bez szwu z przodu, modeluj\u0105 cia\u0142o i rze\u017abi\u0105 sylwetk\u0119, wyd\u0142u\u017caj\u0105c nogi i przyci\u0105gaj\u0105c tali\u0119. Bardzo modne i efektowne w tym sezonie. Mo\u017cna je po\u0142\u0105czy\u0107 ze stanikiem w tym samym wzorze. Legginsy sportowe wykonane s\u0105 z bardzo elastycznego i oddychaj\u0105cego materia\u0142u w drobne pr\u0105\u017cki, kt\u00f3ry nie pozwala [&hellip;]<\/p>\n","protected":false},"featured_media":39413,"comment_status":"open","ping_status":"closed","template":"","meta":[],"product_brand":[],"product_cat":[144,307],"product_tag":[],"class_list":{"0":"post-58113","1":"product","2":"type-product","3":"status-publish","4":"has-post-thumbnail","6":"product_cat-legginsy-sportowe-damskie","7":"product_cat-legginsy-damskie-dlugie","8":"pa_cviat-czarny","9":"pa_razmer-l-pl","10":"pa_razmer-m-pl-2","11":"pa_razmer-s-pl-2","12":"inventories-world","13":"inventories-uk","15":"first","16":"instock","17":"taxable","18":"shipping-taxable","19":"purchasable","20":"product-type-variable"},"_links":{"self":[{"href":"https:\/\/staging6.peach-pump.com\/en\/wp-json\/wp\/v2\/product\/58113","targetHints":{"allow":["GET"]}}],"collection":[{"href":"https:\/\/staging6.peach-pump.com\/en\/wp-json\/wp\/v2\/product"}],"about":[{"href":"https:\/\/staging6.peach-pump.com\/en\/wp-json\/wp\/v2\/types\/product"}],"replies":[{"embeddable":true,"href":"https:\/\/staging6.peach-pump.com\/en\/wp-json\/wp\/v2\/comments?post=58113"}],"version-history":[{"count":0,"href":"https:\/\/staging6.peach-pump.com\/en\/wp-json\/wp\/v2\/product\/58113\/revisions"}],"wp:featuredmedia":[{"embeddable":true,"href":"https:\/\/staging6.peach-pump.com\/en\/wp-json\/wp\/v2\/media\/39413"}],"wp:attachment":[{"href":"https:\/\/staging6.peach-pump.com\/en\/wp-json\/wp\/v2\/media?parent=58113"}],"wp:term":[{"taxonomy":"product_brand","embeddable":true,"href":"https:\/\/staging6.peach-pump.com\/en\/wp-json\/wp\/v2\/product_brand?post=58113"},{"taxonomy":"product_cat","embeddable":true,"href":"https:\/\/staging6.peach-pump.com\/en\/wp-json\/wp\/v2\/product_cat?post=58113"},{"taxonomy":"product_tag","embeddable":true,"href":"https:\/\/staging6.peach-pump.com\/en\/wp-json\/wp\/v2\/product_tag?post=58113"}],"curies":[{"name":"wp","href":"https:\/\/api.w.org\/{rel}","templated":true}]}}