{"id":58159,"date":"2023-05-14T12:28:02","date_gmt":"2023-05-14T10:28:02","guid":{"rendered":"https:\/\/staging6.peach-pump.com\/products\/biala-bluza-sportowa-z-zamkiem-blyskawicznym\/"},"modified":"2025-11-05T09:52:07","modified_gmt":"2025-11-05T07:52:07","slug":"biala-sportowa-bluza-z-zamkiem","status":"publish","type":"product","link":"https:\/\/staging6.peach-pump.com\/pl\/products\/biala-sportowa-bluza-z-zamkiem\/","title":{"rendered":"Bia\u0142a bluza sportowa z zamkiem b\u0142yskawicznym"},"content":{"rendered":"<p>Bia\u0142a bluza sportowa z zamkiem b\u0142yskawicznym, wykonana z mi\u0119kkiego materia\u0142u pr\u0105zkowanego, z otworami na kciuki. Bluza zapinana jest na podw\u00f3jny zamek, sprawdzi si\u0119 r\u00f3wnie\u017c jako odzie\u017c wierzchnia. Nadaje si\u0119 do fitnessu, jogi, tenisa i spacer\u00f3w. Polar, z kt\u00f3rego jest wykonana, jest oddychaj\u0105cy i nie pozostawia \u015blad\u00f3w potu, dzi\u0119ki temu modelowi poczujesz si\u0119 komfortowo i pewnie.  <\/p>\n<ul>\n<li>Pr\u0105\u017ckowany materia\u0142<\/li>\n<li>Podw\u00f3jny zamek b\u0142yskawiczny<\/li>\n<li>Du\u017ca elastyczno\u015b\u0107<\/li>\n<li>Zgrzewane logo Peach Pump z przodu bluzki<\/li>\n<li>Technologia odprowadzania potu<\/li>\n<\/ul>\n<p>  Sk\u0142ad: 80% poliester 20% spandex Bluzk\u0119 mo\u017cna pra\u0107 w temperaturze do 30 stopni, nie wybiela\u0107 i nie czy\u015bci\u0107 chemicznie. Modelka na zdj\u0119ciu ma 178 cm wzrostu, wa\u017cy 54 kg i pozuje w rozmiarze S. Prosimy o skorzystanie z tabeli rozmiar\u00f3w, aby wybra\u0107 dok\u0142adny rozmiar. S biust 80-90cm M biust 90-100cm L biust 100-110cm<\/p>\n","protected":false},"excerpt":{"rendered":"<p>Bia\u0142a bluza sportowa z zamkiem b\u0142yskawicznym, wykonana z mi\u0119kkiego materia\u0142u pr\u0105zkowanego, z otworami na kciuki. Bluza zapinana jest na podw\u00f3jny zamek, sprawdzi si\u0119 r\u00f3wnie\u017c jako odzie\u017c wierzchnia. Nadaje si\u0119 do fitnessu, jogi, tenisa i spacer\u00f3w. Polar, z kt\u00f3rego jest wykonana, jest oddychaj\u0105cy i nie pozostawia \u015blad\u00f3w potu, dzi\u0119ki temu modelowi poczujesz si\u0119 komfortowo i pewnie. [&hellip;]<\/p>\n","protected":false},"featured_media":111182,"comment_status":"open","ping_status":"closed","template":"","meta":[],"product_brand":[],"product_cat":[360],"product_tag":[],"class_list":{"0":"post-58159","1":"product","2":"type-product","3":"status-publish","4":"has-post-thumbnail","6":"product_cat-bluzki-koszulki-fitness-sportowe","7":"pa_cviat-bialy-pl","8":"pa_razmer-l-pl","9":"pa_razmer-m-pl-2","10":"pa_razmer-s-pl-2","11":"inventories-world","12":"inventories-uk","14":"first","15":"instock","16":"taxable","17":"shipping-taxable","18":"purchasable","19":"product-type-variable"},"_links":{"self":[{"href":"https:\/\/staging6.peach-pump.com\/pl\/wp-json\/wp\/v2\/product\/58159","targetHints":{"allow":["GET"]}}],"collection":[{"href":"https:\/\/staging6.peach-pump.com\/pl\/wp-json\/wp\/v2\/product"}],"about":[{"href":"https:\/\/staging6.peach-pump.com\/pl\/wp-json\/wp\/v2\/types\/product"}],"replies":[{"embeddable":true,"href":"https:\/\/staging6.peach-pump.com\/pl\/wp-json\/wp\/v2\/comments?post=58159"}],"version-history":[{"count":0,"href":"https:\/\/staging6.peach-pump.com\/pl\/wp-json\/wp\/v2\/product\/58159\/revisions"}],"wp:featuredmedia":[{"embeddable":true,"href":"https:\/\/staging6.peach-pump.com\/pl\/wp-json\/wp\/v2\/media\/111182"}],"wp:attachment":[{"href":"https:\/\/staging6.peach-pump.com\/pl\/wp-json\/wp\/v2\/media?parent=58159"}],"wp:term":[{"taxonomy":"product_brand","embeddable":true,"href":"https:\/\/staging6.peach-pump.com\/pl\/wp-json\/wp\/v2\/product_brand?post=58159"},{"taxonomy":"product_cat","embeddable":true,"href":"https:\/\/staging6.peach-pump.com\/pl\/wp-json\/wp\/v2\/product_cat?post=58159"},{"taxonomy":"product_tag","embeddable":true,"href":"https:\/\/staging6.peach-pump.com\/pl\/wp-json\/wp\/v2\/product_tag?post=58159"}],"curies":[{"name":"wp","href":"https:\/\/api.w.org\/{rel}","templated":true}]}}