{"id":58211,"date":"2023-10-28T12:51:09","date_gmt":"2023-10-28T10:51:09","guid":{"rendered":"https:\/\/staging6.peach-pump.com\/products\/czarne-legginsy-damskie-z-kieszeniami-i-klamra\/"},"modified":"2025-11-09T22:47:10","modified_gmt":"2025-11-09T20:47:10","slug":"czarne-damskie-legginsy-z-kieszeniami-i-klamra","status":"publish","type":"product","link":"https:\/\/staging6.peach-pump.com\/pl\/products\/czarne-damskie-legginsy-z-kieszeniami-i-klamra\/","title":{"rendered":"Czarne legginsy damskie z kieszeniami i klamr\u0105"},"content":{"rendered":"<p>Czarne legginsy damskie z kieszeniami i klamr\u0105 wykonane z mi\u0119kkiego, elastycznego materia\u0142u, kt\u00f3ry doskonale modeluje sylwetk\u0119. Model posiada kieszenie z ty\u0142u oraz kiesze\u0144 z boku, kt\u00f3re zapinane s\u0105 na guziki. Kiesze\u0144 boczna posiada efektowny element zapinania na klamr\u0119, co czyni model niezwykle ciekawym i nadaj\u0105cym si\u0119 zar\u00f3wno na si\u0142owni\u0119, jak i na spacery w czasie wolnym. Legginsy doskonale \u0142\u0105cz\u0105 si\u0119 ze stanikami, koszulkami i kurtkami z bogatej kolekcji Peach Pump.<\/p>\n<ul>\n<li> Wysoki stan<\/li>\n<li> Efekt Peachy<\/li>\n<li> Termicznie naklejone logo Peach Pump z ty\u0142u leggins\u00f3w<\/li>\n<li> Technologia odprowadzania wilgoci od cia\u0142a<\/li>\n<li>Kieszenie z ty\u0142u leggins\u00f3w<\/li>\n<li>Kiesze\u0144 boczna<\/li>\n<li>Boczna klamra<\/li>\n<\/ul>\n<p>Sk\u0142ad: 80% poliester 20% elastan<\/p>\n<p>Legginsy mo\u017cna pra\u0107 w temperaturze do 30 stopni. Nie wybiela\u0107. Nie czy\u015bci\u0107 chemicznie.<\/p>\n<p>Model na zdj\u0119ciu ma 178 cm wzrostu, wa\u017cy 54 kg i prezentuje stanik w rozmiarze M.<\/p>\n<p>Aby wybra\u0107 dok\u0142adny rozmiar, skorzystaj z tabel rozmiarowych.<\/p>\n","protected":false},"excerpt":{"rendered":"<p>Czarne legginsy damskie z kieszeniami i klamr\u0105 wykonane z mi\u0119kkiego, elastycznego materia\u0142u, kt\u00f3ry doskonale modeluje sylwetk\u0119. Model posiada kieszenie z ty\u0142u oraz kiesze\u0144 z boku, kt\u00f3re zapinane s\u0105 na guziki. Kiesze\u0144 boczna posiada efektowny element zapinania na klamr\u0119, co czyni model niezwykle ciekawym i nadaj\u0105cym si\u0119 zar\u00f3wno na si\u0142owni\u0119, jak i na spacery w czasie [&hellip;]<\/p>\n","protected":false},"featured_media":106489,"comment_status":"open","ping_status":"closed","template":"","meta":[],"product_brand":[],"product_cat":[144,307,190],"product_tag":[],"class_list":{"0":"post-58211","1":"product","2":"type-product","3":"status-publish","4":"has-post-thumbnail","6":"product_cat-legginsy-sportowe-damskie","7":"product_cat-legginsy-damskie-dlugie","8":"product_cat-legginsy-z-kieszeniami","9":"pa_cviat-czarny","10":"pa_razmer-l-pl","11":"pa_razmer-m-pl-2","12":"pa_razmer-s-pl-2","13":"inventories-world","14":"inventories-uk","16":"first","17":"instock","18":"taxable","19":"shipping-taxable","20":"purchasable","21":"product-type-variable"},"_links":{"self":[{"href":"https:\/\/staging6.peach-pump.com\/en\/wp-json\/wp\/v2\/product\/58211","targetHints":{"allow":["GET"]}}],"collection":[{"href":"https:\/\/staging6.peach-pump.com\/en\/wp-json\/wp\/v2\/product"}],"about":[{"href":"https:\/\/staging6.peach-pump.com\/en\/wp-json\/wp\/v2\/types\/product"}],"replies":[{"embeddable":true,"href":"https:\/\/staging6.peach-pump.com\/en\/wp-json\/wp\/v2\/comments?post=58211"}],"version-history":[{"count":0,"href":"https:\/\/staging6.peach-pump.com\/en\/wp-json\/wp\/v2\/product\/58211\/revisions"}],"wp:featuredmedia":[{"embeddable":true,"href":"https:\/\/staging6.peach-pump.com\/en\/wp-json\/wp\/v2\/media\/106489"}],"wp:attachment":[{"href":"https:\/\/staging6.peach-pump.com\/en\/wp-json\/wp\/v2\/media?parent=58211"}],"wp:term":[{"taxonomy":"product_brand","embeddable":true,"href":"https:\/\/staging6.peach-pump.com\/en\/wp-json\/wp\/v2\/product_brand?post=58211"},{"taxonomy":"product_cat","embeddable":true,"href":"https:\/\/staging6.peach-pump.com\/en\/wp-json\/wp\/v2\/product_cat?post=58211"},{"taxonomy":"product_tag","embeddable":true,"href":"https:\/\/staging6.peach-pump.com\/en\/wp-json\/wp\/v2\/product_tag?post=58211"}],"curies":[{"name":"wp","href":"https:\/\/api.w.org\/{rel}","templated":true}]}}