{"id":58721,"date":"2022-09-27T10:58:35","date_gmt":"2022-09-27T08:58:35","guid":{"rendered":"https:\/\/staging6.peach-pump.com\/products\/koszulka-sportowa-z-dlugim-rekawem-w-kolorze-kawy\/"},"modified":"2025-10-13T22:08:41","modified_gmt":"2025-10-13T20:08:41","slug":"koszulka-sportowa-z-dlugim-rekawem-kawa","status":"publish","type":"product","link":"https:\/\/staging6.peach-pump.com\/pl\/products\/koszulka-sportowa-z-dlugim-rekawem-kawa\/","title":{"rendered":"Koszulka sportowa z d\u0142ugim r\u0119kawem w kolorze kawowym"},"content":{"rendered":"<p>Damska koszulka sportowa z d\u0142ugim r\u0119kawem z grubszego materia\u0142u w br\u0105zowym kolorze kawowym. Ten ciekawy model wykonany jest z materia\u0142u w pr\u0105\u017cki, pi\u0119knie uk\u0142ada si\u0119 na ciele i ma wyci\u0119ty dekolt. Mo\u017cna j\u0105 \u0142\u0105czy\u0107 z legginsami w tym samym kolorze lub z g\u0142adkimi legginsami w innym kolorze. Bluzka jest odpowiednia na ch\u0142odniejsz\u0105 jesienno-zimow\u0105 pogod\u0119, pokochasz jej mi\u0119kko\u015b\u0107 i spos\u00f3b, w jaki pie\u015bci Twoje cia\u0142o.  <\/p>\n<ul>\n<li>Pr\u0105\u017ckowany materia\u0142<\/li>\n<li>Zgrzewane logo Peach Pump na ramieniu<\/li>\n<li>Du\u017ca elastyczno\u015b\u0107<\/li>\n<li>Ciekawy kr\u00f3j<\/li>\n<\/ul>\n<p>  Sk\u0142ad: 80% poliester 20% spandex Klin mo\u017cna pra\u0107 w temperaturze do 30 stopni, nie wybiela\u0107 i nie czy\u015bci\u0107 chemicznie. Modelka na zdj\u0119ciu ma 178 cm wzrostu, wa\u017cy 54 kg i pozuje w rozmiarze M. Prosimy o skorzystanie z tabel, aby wybra\u0107 dok\u0142adny rozmiar.<\/p>\n","protected":false},"excerpt":{"rendered":"<p>Damska koszulka sportowa z d\u0142ugim r\u0119kawem z grubszego materia\u0142u w br\u0105zowym kolorze kawowym. Ten ciekawy model wykonany jest z materia\u0142u w pr\u0105\u017cki, pi\u0119knie uk\u0142ada si\u0119 na ciele i ma wyci\u0119ty dekolt. Mo\u017cna j\u0105 \u0142\u0105czy\u0107 z legginsami w tym samym kolorze lub z g\u0142adkimi legginsami w innym kolorze. Bluzka jest odpowiednia na ch\u0142odniejsz\u0105 jesienno-zimow\u0105 pogod\u0119, pokochasz [&hellip;]<\/p>\n","protected":false},"featured_media":21061,"comment_status":"open","ping_status":"closed","template":"","meta":[],"product_brand":[],"product_cat":[360],"product_tag":[],"class_list":{"0":"post-58721","1":"product","2":"type-product","3":"status-publish","4":"has-post-thumbnail","6":"product_cat-bluzki-koszulki-fitness-sportowe","7":"pa_cviat-brazowy","8":"pa_razmer-l-pl","9":"pa_razmer-m-pl-2","10":"pa_razmer-s-pl-2","11":"inventories-world","12":"inventories-uk","14":"first","15":"instock","16":"taxable","17":"shipping-taxable","18":"purchasable","19":"product-type-variable"},"_links":{"self":[{"href":"https:\/\/staging6.peach-pump.com\/en\/wp-json\/wp\/v2\/product\/58721","targetHints":{"allow":["GET"]}}],"collection":[{"href":"https:\/\/staging6.peach-pump.com\/en\/wp-json\/wp\/v2\/product"}],"about":[{"href":"https:\/\/staging6.peach-pump.com\/en\/wp-json\/wp\/v2\/types\/product"}],"replies":[{"embeddable":true,"href":"https:\/\/staging6.peach-pump.com\/en\/wp-json\/wp\/v2\/comments?post=58721"}],"version-history":[{"count":0,"href":"https:\/\/staging6.peach-pump.com\/en\/wp-json\/wp\/v2\/product\/58721\/revisions"}],"wp:featuredmedia":[{"embeddable":true,"href":"https:\/\/staging6.peach-pump.com\/en\/wp-json\/wp\/v2\/media\/21061"}],"wp:attachment":[{"href":"https:\/\/staging6.peach-pump.com\/en\/wp-json\/wp\/v2\/media?parent=58721"}],"wp:term":[{"taxonomy":"product_brand","embeddable":true,"href":"https:\/\/staging6.peach-pump.com\/en\/wp-json\/wp\/v2\/product_brand?post=58721"},{"taxonomy":"product_cat","embeddable":true,"href":"https:\/\/staging6.peach-pump.com\/en\/wp-json\/wp\/v2\/product_cat?post=58721"},{"taxonomy":"product_tag","embeddable":true,"href":"https:\/\/staging6.peach-pump.com\/en\/wp-json\/wp\/v2\/product_tag?post=58721"}],"curies":[{"name":"wp","href":"https:\/\/api.w.org\/{rel}","templated":true}]}}